{"id":746112,"date":"2025-08-28T02:35:01","date_gmt":"2025-08-27T23:35:01","guid":{"rendered":"https:\/\/roveyayinevi.com.tr\/index.php\/urun\/fotograftaki-cocuk\/"},"modified":"2026-04-16T02:58:31","modified_gmt":"2026-04-15T23:58:31","slug":"fotograftaki-cocuk","status":"publish","type":"product","link":"https:\/\/roveyayinevi.com.tr\/index.php\/urun\/fotograftaki-cocuk\/","title":{"rendered":"Foto\u011fraftaki \u00c7ocuk"},"content":{"rendered":"<p>Kerry Wilkinson\u2019dan s\u00fcr\u00fckleyici bir psikolojik gerilim roman\u0131 Otuz y\u0131l \u00f6nce ka\u00e7\u0131r\u0131lm\u0131\u015f bir bebekle ilgili gazete makalesine bak\u0131yorum ve birinin bunu neden kap\u0131ma ast\u0131\u011f\u0131n\u0131 merak ediyorum. Yak\u0131ndan bak\u0131nca kan\u0131m dondu. Foto\u011fraftaki k\u00fc\u00e7\u00fck k\u0131z\u0131n ola\u011fand\u0131\u015f\u0131 bir yara izi var, t\u0131pk\u0131 benimki gibi. Hi\u00e7 b\u00f6yle biriyle tan\u0131\u015fmad\u0131m.Bu \u00e7ocuk&#8230; Ben miyim?\u015eoktay\u0131m, titriyorum. Annemle y\u00fczle\u015fmem gerekti\u011fini biliyorum. Ailem beni korkun\u00e7 bir kazadan kurtard\u0131, i\u015f bulmama ve kendi evimi sat\u0131n almama yard\u0131m etti.Peki, her \u015fey yalanlar \u00fczerine mi kuruluydu?Annem, do\u011fdu\u011fum g\u00fcn\u00fcn, hayat\u0131n\u0131n en g\u00fczel g\u00fcn\u00fc oldu\u011funu s\u00f6yl\u00fcyor. Onu sorgulad\u0131\u011f\u0131m i\u00e7in su\u00e7lu hissediyorum ama neden ertesi g\u00fcn bah\u00e7ede yanan k\u00e2\u011f\u0131tlar g\u00f6rd\u00fcm?Sonra evimin \u00f6n\u00fcnde, morluklar i\u00e7inde ve beni kimin ka\u00e7\u0131rd\u0131\u011f\u0131n\u0131 bildi\u011fini iddia eden bir kad\u0131n buldum. Ona g\u00fcvenebilir miyim?Makaleyi g\u00f6nderen ki\u015fi, kazan\u0131n oldu\u011fu g\u00fcn ger\u00e7ekte neler ya\u015fand\u0131\u011f\u0131n\u0131 biliyor mu? Bunu \u00f6\u011frenmek i\u00e7in \u00e7aresizce, s\u00f6zde \u00e7ocuk ka\u00e7\u0131ran ki\u015finin evine girdim. \u0130\u00e7eride bir isim listesi var. Ka\u00e7\u0131r\u0131lan tek \u00e7ocuk olmad\u0131\u011f\u0131m\u0131 fark edip \u00fcrperdim.Kap\u0131n\u0131n a\u00e7\u0131ld\u0131\u011f\u0131n\u0131 duydum.Ve hayat\u0131m\u0131n tehlikede oldu\u011funu anlad\u0131m. <\/p>\n","protected":false},"excerpt":{"rendered":"<p>Kerry Wilkinson\u2019dan s\u00fcr\u00fckleyici bir psikolojik gerilim roman\u0131 Otuz y\u0131l \u00f6nce ka\u00e7\u0131r\u0131lm\u0131\u015f bir bebekle ilgili gazete makalesine bak\u0131yorum ve birinin bunu neden kap\u0131ma ast\u0131\u011f\u0131n\u0131 merak ediyorum. Yak\u0131ndan<span class=\"excerpt-hellip\"> [\u2026]<\/span><\/p>\n","protected":false},"featured_media":0,"template":"","meta":{"_monsterinsights_skip_tracking":false,"_monsterinsights_sitenote_active":false,"_monsterinsights_sitenote_note":"","_monsterinsights_sitenote_category":0},"product_brand":[],"product_cat":[12291,17033],"product_tag":[],"class_list":{"0":"post-746112","1":"product","2":"type-product","3":"status-publish","5":"product_cat-edebiyat","6":"product_cat-korku-gerilim","7":"pa_cilt-ciltsiz","8":"pa_tur-kitap","9":"pa_yayinevi-nemesis-kitap","10":"pa_yazar-kerry-wilkinson","12":"first","13":"instock","14":"sale","15":"shipping-taxable","16":"purchasable","17":"product-type-simple"},"_links":{"self":[{"href":"https:\/\/roveyayinevi.com.tr\/index.php\/wp-json\/wp\/v2\/product\/746112","targetHints":{"allow":["GET"]}}],"collection":[{"href":"https:\/\/roveyayinevi.com.tr\/index.php\/wp-json\/wp\/v2\/product"}],"about":[{"href":"https:\/\/roveyayinevi.com.tr\/index.php\/wp-json\/wp\/v2\/types\/product"}],"wp:attachment":[{"href":"https:\/\/roveyayinevi.com.tr\/index.php\/wp-json\/wp\/v2\/media?parent=746112"}],"wp:term":[{"taxonomy":"product_brand","embeddable":true,"href":"https:\/\/roveyayinevi.com.tr\/index.php\/wp-json\/wp\/v2\/product_brand?post=746112"},{"taxonomy":"product_cat","embeddable":true,"href":"https:\/\/roveyayinevi.com.tr\/index.php\/wp-json\/wp\/v2\/product_cat?post=746112"},{"taxonomy":"product_tag","embeddable":true,"href":"https:\/\/roveyayinevi.com.tr\/index.php\/wp-json\/wp\/v2\/product_tag?post=746112"}],"curies":[{"name":"wp","href":"https:\/\/api.w.org\/{rel}","templated":true}]}}