{"id":746111,"date":"2025-08-28T02:35:00","date_gmt":"2025-08-27T23:35:00","guid":{"rendered":"https:\/\/roveyayinevi.com.tr\/index.php\/urun\/sadik-hidayet-hayat-bastan-sona-kissadir\/"},"modified":"2026-04-16T02:58:31","modified_gmt":"2026-04-15T23:58:31","slug":"sadik-hidayet-hayat-bastan-sona-kissadir","status":"publish","type":"product","link":"https:\/\/roveyayinevi.com.tr\/index.php\/urun\/sadik-hidayet-hayat-bastan-sona-kissadir\/","title":{"rendered":"Sad\u0131k Hidayet &#8211; Hayat Ba\u015ftan Sona K\u0131ssad\u0131r"},"content":{"rendered":"<p>\u201cVe \u015fimdi yazmaya karar vermi\u015fsem, bunun tek nedeni, kendimi g\u00f6lgeme tan\u0131tmak iste\u011fidir.\u201d   Modern \u0130ran Edebiyat\u0131\u2019n\u0131n \u00f6nc\u00fclerinden kabul edilen S\u00e2d\u0131k Hid\u00e2yet, gerek yal\u0131n ve ger\u00e7ek\u00e7i \u00fcslubuyla, gerek ustal\u0131kla irdeledi\u011fi ruh tahlilleriyle tan\u0131k oldu\u011fu co\u011frafyan\u0131n toplumsal ya\u015fam\u0131na da eserleriyle ayna tutan bir yazard\u0131r.  Eserlerinde su\u00e7, \u00f6zg\u00fcrl\u00fck, yabanc\u0131la\u015fma ve otoriteye bireysel olarak kar\u015f\u0131 \u00e7\u0131kma temalar\u0131yla dikkat \u00e7eken S\u00e2d\u0131k Hid\u00e2yet, intiharla sonland\u0131raca\u011f\u0131 k\u0131sac\u0131k \u00f6mr\u00fcne ra\u011fmen yirminci y\u00fczy\u0131l edebiyat\u0131n\u0131n en \u00f6nemli isimleri aras\u0131nda an\u0131lmaya devam edecektir. Kafka\u2019n\u0131n \u201cruh ikizi\u201d olarak da tarif edilir. Modern \u0130ran\u2019\u0131n giderek i\u00e7ine s\u00fcr\u00fcklendi\u011fi karanl\u0131\u011f\u0131, bir sanat\u00e7\u0131 ve ayd\u0131n olarak bir t\u00fcrl\u00fc sindiremeyen Hid\u00e2yet\u2019in yaln\u0131zl\u0131k, bo\u015fluk duygusu, \u00f6l\u00fcm ve intihar d\u00fc\u015f\u00fcnceleri hem akl\u0131n\u0131n i\u00e7inde hem eserlerinde s\u0131k\u00e7a dolan\u0131r, g\u00f6zle g\u00f6r\u00fcl\u00fcr bir hale de b\u00fcr\u00fcn\u00fcr. Bu kitap yazarak hayata tutunmaya \u00e7al\u0131\u015fan bir adam\u0131n hik\u00e2yesi de\u011fildir, \u00e7areyi yazmakta bulan \u0130ranl\u0131 bir entelekt\u00fcelin kendiyle ve de\u011fi\u015fen d\u00fcnyayla m\u00fccadelesidir. <\/p>\n","protected":false},"excerpt":{"rendered":"<p>\u201cVe \u015fimdi yazmaya karar vermi\u015fsem, bunun tek nedeni, kendimi g\u00f6lgeme tan\u0131tmak iste\u011fidir.\u201d Modern \u0130ran Edebiyat\u0131\u2019n\u0131n \u00f6nc\u00fclerinden kabul edilen S\u00e2d\u0131k Hid\u00e2yet, gerek yal\u0131n ve ger\u00e7ek\u00e7i \u00fcslubuyla, gerek<span class=\"excerpt-hellip\"> [\u2026]<\/span><\/p>\n","protected":false},"featured_media":0,"template":"","meta":{"_monsterinsights_skip_tracking":false,"_monsterinsights_sitenote_active":false,"_monsterinsights_sitenote_note":"","_monsterinsights_sitenote_category":0},"product_brand":[],"product_cat":[14009,12291],"product_tag":[],"class_list":{"0":"post-746111","1":"product","2":"type-product","3":"status-publish","5":"product_cat-biyografi-otobiyografi-edebiyat","6":"product_cat-edebiyat","7":"pa_cilt-ciltsiz","8":"pa_tur-kitap","9":"pa_yayinevi-destek-yayinlari","10":"pa_yazar-meltem-bige-ulu","12":"first","13":"instock","14":"sale","15":"shipping-taxable","16":"purchasable","17":"product-type-simple"},"_links":{"self":[{"href":"https:\/\/roveyayinevi.com.tr\/index.php\/wp-json\/wp\/v2\/product\/746111","targetHints":{"allow":["GET"]}}],"collection":[{"href":"https:\/\/roveyayinevi.com.tr\/index.php\/wp-json\/wp\/v2\/product"}],"about":[{"href":"https:\/\/roveyayinevi.com.tr\/index.php\/wp-json\/wp\/v2\/types\/product"}],"wp:attachment":[{"href":"https:\/\/roveyayinevi.com.tr\/index.php\/wp-json\/wp\/v2\/media?parent=746111"}],"wp:term":[{"taxonomy":"product_brand","embeddable":true,"href":"https:\/\/roveyayinevi.com.tr\/index.php\/wp-json\/wp\/v2\/product_brand?post=746111"},{"taxonomy":"product_cat","embeddable":true,"href":"https:\/\/roveyayinevi.com.tr\/index.php\/wp-json\/wp\/v2\/product_cat?post=746111"},{"taxonomy":"product_tag","embeddable":true,"href":"https:\/\/roveyayinevi.com.tr\/index.php\/wp-json\/wp\/v2\/product_tag?post=746111"}],"curies":[{"name":"wp","href":"https:\/\/api.w.org\/{rel}","templated":true}]}}