{"id":746110,"date":"2025-08-28T02:34:59","date_gmt":"2025-08-27T23:34:59","guid":{"rendered":"https:\/\/roveyayinevi.com.tr\/index.php\/urun\/iskenderiyeli-philo-judaeus-tanrinin-bilgisine-ulasmak-mutlulugun-kendisidir\/"},"modified":"2026-04-16T02:58:31","modified_gmt":"2026-04-15T23:58:31","slug":"iskenderiyeli-philo-judaeus-tanrinin-bilgisine-ulasmak-mutlulugun-kendisidir","status":"publish","type":"product","link":"https:\/\/roveyayinevi.com.tr\/index.php\/urun\/iskenderiyeli-philo-judaeus-tanrinin-bilgisine-ulasmak-mutlulugun-kendisidir\/","title":{"rendered":"\u0130skenderiyeli Philo Judaeus \u2013 Tanr\u0131\u2019n\u0131n Bilgisine Ula\u015fmak Mutlulu\u011fun Kendisidir"},"content":{"rendered":"<p>\u201cTanr\u0131 ile birlikte olunca, her \u015fey g\u00fczel olur, Tanr\u0131\u2019ya verilecek tek sunak saf ve temiz bir kalptir.\u201d   Antik\u00e7a\u011f\u0131n \u00f6nemli filozoflar\u0131ndan \u0130skenderiyeli Philo, Pythagoras ve Platon\u2019un felsefesini mistik ruhunda bir araya getirmi\u015ftir. \u0130skenderiye\u2019de \u201cy\u00fczy\u0131l\u0131n \u00fcstad\u0131\u201d ilan edilerek kendisinden sonraki felsefi ekollere ilham kayna\u011f\u0131 olmu\u015ftur. Yunan felsefesiyle Musa dinini uzla\u015ft\u0131rd\u0131\u011f\u0131 anlay\u0131\u015ftan do\u011fan felsefesi, modern \u00e7a\u011fa kadar s\u00fcrm\u00fc\u015f ve skolastik d\u00fc\u015f\u00fcnceye \u00f6nc\u00fcl\u00fck etmi\u015ftir. Philo i\u00e7in felsefe, yetkin bir bilimdir. Felsefe yapmak, Tanr\u0131\u2019ya ve Tanr\u0131\u2019n\u0131n hayaline hasret duymak demektir. <\/p>\n","protected":false},"excerpt":{"rendered":"<p>\u201cTanr\u0131 ile birlikte olunca, her \u015fey g\u00fczel olur, Tanr\u0131\u2019ya verilecek tek sunak saf ve temiz bir kalptir.\u201d Antik\u00e7a\u011f\u0131n \u00f6nemli filozoflar\u0131ndan \u0130skenderiyeli Philo, Pythagoras ve Platon\u2019un felsefesini<span class=\"excerpt-hellip\"> [\u2026]<\/span><\/p>\n","protected":false},"featured_media":0,"template":"","meta":{"_monsterinsights_skip_tracking":false,"_monsterinsights_sitenote_active":false,"_monsterinsights_sitenote_note":"","_monsterinsights_sitenote_category":0},"product_brand":[],"product_cat":[12389,12388],"product_tag":[],"class_list":{"0":"post-746110","1":"product","2":"type-product","3":"status-publish","5":"product_cat-diger-felsefe","6":"product_cat-felsefe","7":"pa_cilt-ciltsiz","8":"pa_tur-kitap","9":"pa_yayinevi-destek-yayinlari","10":"pa_yazar-turgut-ozguney","12":"first","13":"instock","14":"sale","15":"shipping-taxable","16":"purchasable","17":"product-type-simple"},"_links":{"self":[{"href":"https:\/\/roveyayinevi.com.tr\/index.php\/wp-json\/wp\/v2\/product\/746110","targetHints":{"allow":["GET"]}}],"collection":[{"href":"https:\/\/roveyayinevi.com.tr\/index.php\/wp-json\/wp\/v2\/product"}],"about":[{"href":"https:\/\/roveyayinevi.com.tr\/index.php\/wp-json\/wp\/v2\/types\/product"}],"wp:attachment":[{"href":"https:\/\/roveyayinevi.com.tr\/index.php\/wp-json\/wp\/v2\/media?parent=746110"}],"wp:term":[{"taxonomy":"product_brand","embeddable":true,"href":"https:\/\/roveyayinevi.com.tr\/index.php\/wp-json\/wp\/v2\/product_brand?post=746110"},{"taxonomy":"product_cat","embeddable":true,"href":"https:\/\/roveyayinevi.com.tr\/index.php\/wp-json\/wp\/v2\/product_cat?post=746110"},{"taxonomy":"product_tag","embeddable":true,"href":"https:\/\/roveyayinevi.com.tr\/index.php\/wp-json\/wp\/v2\/product_tag?post=746110"}],"curies":[{"name":"wp","href":"https:\/\/api.w.org\/{rel}","templated":true}]}}