{"id":746102,"date":"2025-08-28T02:34:46","date_gmt":"2025-08-27T23:34:46","guid":{"rendered":"https:\/\/roveyayinevi.com.tr\/index.php\/urun\/esir-sehrin-insanlari\/"},"modified":"2026-04-16T02:58:28","modified_gmt":"2026-04-15T23:58:28","slug":"esir-sehrin-insanlari","status":"publish","type":"product","link":"https:\/\/roveyayinevi.com.tr\/index.php\/urun\/esir-sehrin-insanlari\/","title":{"rendered":"Esir \u015eehrin \u0130nsanlar\u0131"},"content":{"rendered":"<p>\u201c\u00c7\u00f6k\u00fcnt\u00fc\u0308 devrinde iki \u00e7e\u015fit insan tipi ortaya \u00e7\u0131k\u0131yor: Namussuzlarla namuslular&#8230; Hele, \u00f6nce \u2018vatanda\u015f\u2019 sonra \u2018insan\u2019 olunmas\u0131 gereken deh\u015fetli s\u0131ralarda felaketle al\u00e7akl\u0131\u011f\u0131n bo\u011fu\u015fmas\u0131 kadar korkun\u00e7 muharebe yok. Muharebede d\u00fc\u015fman kar\u015f\u0131dad\u0131r, \u00fcniformal\u0131d\u0131r. Az da olsa, \u00e7ok da olsa bir zaman sonra \u00f6nemi kalmaz. Ka\u00e7ars\u0131n, kovalars\u0131n&#8230; An\u0131nda \u00f6lenler, yaralananlar olur. Ama hep ileriye bakman\u0131n bir rahatl\u0131\u011f\u0131 vard\u0131r. Oysa esir bir \u015fehirde, dost kim, d\u00fc\u015fman kim bilinmez!\u201d   Bir m\u00fccadele nerede ba\u015flar? H\u00fcrriyet duygusu ne zaman kan ve kemik kadar kati bir ger\u00e7ek halini al\u0131r? Kemal Tahir, esir d\u00fc\u015fm\u00fc\u015f payitaht\u0131n insanlar\u0131n\u0131 i\u015fte bu \u00e7etrefil ve ka\u00e7\u0131n\u0131lmaz sorunun kar\u015f\u0131s\u0131ndaki tutumlar\u0131na g\u00f6re tasnif ediyor, tan\u0131ml\u0131yor. Kaosun h\u00fck\u00fcm s\u00fcrd\u00fc\u011f\u00fc\u0308 m\u00fctareke \u0130stanbulu\u2019na y\u00f6neltti\u011fi keskin bak\u0131\u015flar\u0131yla \u015fehrin sokaklar\u0131n\u0131 tararken ne berdu\u015flar\u0131, aylaklar\u0131, i\u015fbirlik\u00e7ileri ne vatanseverleri ve kendisinden kahramanl\u0131k umulmayan kahramanlar\u0131 g\u00f6zden ka\u00e7\u0131r\u0131yor. G\u00f6n\u00fclden k\u00f6leler ve ald\u0131rmazlar aras\u0131ndan bir \u00e7\u0131k\u0131\u015f yolu ar\u0131yor.   Esir \u015eehrin \u0130nsanlar\u0131, yazar\u0131n\u0131n \u201cy\u00fcrekli bir yaln\u0131zl\u0131\u011f\u0131 g\u00f6ze alarak\u201d yak\u0131n tarihin en \u00f6nemli olaylar\u0131n\u0131 \u00e7ok y\u00f6nl\u00fc\u0308 bir bak\u0131\u015fla, tarihsel ger\u00e7ekli\u011fi i\u00e7inde ele ald\u0131\u011f\u0131 ilk \u201c\u015fehir roman\u0131\u201dd\u0131r. \u201cEsir \u015eehir\u201d \u00fc\u00e7lemesinin ilk kitab\u0131 olan bu roman, da\u011f\u0131lan imparatorlu\u011fun ve insanlar\u0131n\u0131n e\u015f zamanl\u0131 \u00e7\u00f6z\u00fclmesini derin ve sars\u0131c\u0131 y\u00fczle\u015fmelerle okura sunuyor. <\/p>\n","protected":false},"excerpt":{"rendered":"<p>\u201c\u00c7\u00f6k\u00fcnt\u00fc\u0308 devrinde iki \u00e7e\u015fit insan tipi ortaya \u00e7\u0131k\u0131yor: Namussuzlarla namuslular&#8230; Hele, \u00f6nce \u2018vatanda\u015f\u2019 sonra \u2018insan\u2019 olunmas\u0131 gereken deh\u015fetli s\u0131ralarda felaketle al\u00e7akl\u0131\u011f\u0131n bo\u011fu\u015fmas\u0131 kadar korkun\u00e7 muharebe yok.<span class=\"excerpt-hellip\"> [\u2026]<\/span><\/p>\n","protected":false},"featured_media":0,"template":"","meta":{"_monsterinsights_skip_tracking":false,"_monsterinsights_sitenote_active":false,"_monsterinsights_sitenote_note":"","_monsterinsights_sitenote_category":0},"product_brand":[],"product_cat":[12291,12711],"product_tag":[],"class_list":{"0":"post-746102","1":"product","2":"type-product","3":"status-publish","5":"product_cat-edebiyat","6":"product_cat-roman-oyku","7":"pa_cilt-ciltsiz","8":"pa_tur-kitap","9":"pa_yayinevi-ketebe-yayinlari","10":"pa_yazar-kemal-tahir","12":"first","13":"instock","14":"sale","15":"shipping-taxable","16":"purchasable","17":"product-type-simple"},"_links":{"self":[{"href":"https:\/\/roveyayinevi.com.tr\/index.php\/wp-json\/wp\/v2\/product\/746102","targetHints":{"allow":["GET"]}}],"collection":[{"href":"https:\/\/roveyayinevi.com.tr\/index.php\/wp-json\/wp\/v2\/product"}],"about":[{"href":"https:\/\/roveyayinevi.com.tr\/index.php\/wp-json\/wp\/v2\/types\/product"}],"wp:attachment":[{"href":"https:\/\/roveyayinevi.com.tr\/index.php\/wp-json\/wp\/v2\/media?parent=746102"}],"wp:term":[{"taxonomy":"product_brand","embeddable":true,"href":"https:\/\/roveyayinevi.com.tr\/index.php\/wp-json\/wp\/v2\/product_brand?post=746102"},{"taxonomy":"product_cat","embeddable":true,"href":"https:\/\/roveyayinevi.com.tr\/index.php\/wp-json\/wp\/v2\/product_cat?post=746102"},{"taxonomy":"product_tag","embeddable":true,"href":"https:\/\/roveyayinevi.com.tr\/index.php\/wp-json\/wp\/v2\/product_tag?post=746102"}],"curies":[{"name":"wp","href":"https:\/\/api.w.org\/{rel}","templated":true}]}}