{"id":746097,"date":"2025-08-28T02:34:39","date_gmt":"2025-08-27T23:34:39","guid":{"rendered":"https:\/\/roveyayinevi.com.tr\/index.php\/urun\/kurt-kanunu\/"},"modified":"2026-04-16T02:58:28","modified_gmt":"2026-04-15T23:58:28","slug":"kurt-kanunu","status":"publish","type":"product","link":"https:\/\/roveyayinevi.com.tr\/index.php\/urun\/kurt-kanunu\/","title":{"rendered":"Kurt Kanunu"},"content":{"rendered":"<p>\u201cKurtlukta du\u0308\u015feni yemek kanundur. Roman\u0131n konusu 1926 \u0130zmir Suikast\u0131 gibi son derece buhranl\u0131 bir devrede ge\u00e7iyor. Bunun i\u00e7in ad\u0131n\u0131 Kurt Kanunu koyduk. Ki\u015fiyi sosyal \u00e7evresi ve bunal\u0131mlar\u0131 i\u00e7inde ele al\u0131yorum. Ger\u00e7ekten bu\u0308yu\u0308k tehlikeler i\u00e7inde k\u0131st\u0131r\u0131lm\u0131\u015f insanlar\u0131n roman\u0131 bu.\u201d \u00d6mru\u0308nu\u0308 sava\u015f meydanlar\u0131nda, pusularda, da\u011flarda ve \u015fehirlerde y\u0131kmakla y\u0131k\u0131lmakla, ka\u00e7makla kovalamakla k\u00e2h av k\u00e2h avc\u0131 olarak ge\u00e7irmi\u015f bir sava\u015f\u00e7\u0131; kavgan\u0131n, iz su\u0308rmenin, yan\u0131k barut kokusunun, \u00e7eli\u011fin ve kan\u0131n genzinde b\u0131rakt\u0131\u011f\u0131 tad\u0131 unutabilir mi? Devleti, toplumu, milleti, en \u00f6nemlisi de bu\u0308tu\u0308n ini\u015f \u00e7\u0131k\u0131\u015flar\u0131yla insan\u0131 anlamaya hayat\u0131n\u0131 hasreden Kemal Tahir, Kurt Kanunu\u2019nda Kurtulu\u015f Sava\u015f\u0131 sonras\u0131n\u0131n en bunal\u0131ml\u0131 d\u00f6nemini, \u0130zmir Suikast\u0131\u2019n\u0131 ele al\u0131yor. Kemal Tahir, roman\u0131nda \u0130ttihat ve Terakki\u2019nin me\u015fhur \u201cKu\u0308\u00e7u\u0308k Efendi\u201dsi Kara Kemal\u2019den Abdu\u0308lkerim Bey\u2019e, Gurbet Hala\u2019dan Semra Han\u0131m\u2019a, Emin Bey\u2019den Perihan\u2019a; o kendine has karakter \u00e7e\u015fitlili\u011fiyle yeni Cumhuriyet\u2019in, Tu\u0308rkiye\u2019nin ruhunu ar\u0131yor. Bir su\u0308rek av\u0131na e\u015flik eden bu cesur aray\u0131\u015f, elbette hesapla\u015fmalarla, muhasebelerle ve en \u00f6nemlisi de tarihe romantik, nostaljik bir olgu olarak bakmaya meyilli olanlar i\u00e7in derin sars\u0131nt\u0131larla dolu. Kemal Tahir\u2019i \u00f6lu\u0308msu\u0308z k\u0131lan, Tu\u0308rk du\u0308\u015fu\u0308ncesinin ve Tu\u0308rk roman\u0131n\u0131n sars\u0131lmaz yazarlar\u0131ndan biri haline getiren de zaten bu de\u011fil midir? \u201cKurt Kanunu\u2019nda, ben, salt baz\u0131 ki\u015fileri tartaklamaya, tartaklayarak bu\u0308sbu\u0308tu\u0308n sersem edip deh\u015fete du\u0308\u015fu\u0308rmeye \u00e7al\u0131\u015fmad\u0131m, ilk \u015fa\u015fk\u0131nl\u0131klar\u0131yla tekerleneceklerini kestirdi\u011fim \u00e7ukurdan kurtarmaya da u\u011fra\u015ft\u0131m.\u201d<\/p>\n","protected":false},"excerpt":{"rendered":"<p>\u201cKurtlukta du\u0308\u015feni yemek kanundur. Roman\u0131n konusu 1926 \u0130zmir Suikast\u0131 gibi son derece buhranl\u0131 bir devrede ge\u00e7iyor. Bunun i\u00e7in ad\u0131n\u0131 Kurt Kanunu koyduk. Ki\u015fiyi sosyal \u00e7evresi ve<span class=\"excerpt-hellip\"> [\u2026]<\/span><\/p>\n","protected":false},"featured_media":0,"template":"","meta":{"_monsterinsights_skip_tracking":false,"_monsterinsights_sitenote_active":false,"_monsterinsights_sitenote_note":"","_monsterinsights_sitenote_category":0},"product_brand":[],"product_cat":[12291,12711],"product_tag":[],"class_list":{"0":"post-746097","1":"product","2":"type-product","3":"status-publish","5":"product_cat-edebiyat","6":"product_cat-roman-oyku","7":"pa_cilt-ciltsiz","8":"pa_tur-kitap","9":"pa_yayinevi-ketebe-yayinlari","10":"pa_yazar-kemal-tahir","12":"first","13":"instock","14":"sale","15":"shipping-taxable","16":"purchasable","17":"product-type-simple"},"_links":{"self":[{"href":"https:\/\/roveyayinevi.com.tr\/index.php\/wp-json\/wp\/v2\/product\/746097","targetHints":{"allow":["GET"]}}],"collection":[{"href":"https:\/\/roveyayinevi.com.tr\/index.php\/wp-json\/wp\/v2\/product"}],"about":[{"href":"https:\/\/roveyayinevi.com.tr\/index.php\/wp-json\/wp\/v2\/types\/product"}],"wp:attachment":[{"href":"https:\/\/roveyayinevi.com.tr\/index.php\/wp-json\/wp\/v2\/media?parent=746097"}],"wp:term":[{"taxonomy":"product_brand","embeddable":true,"href":"https:\/\/roveyayinevi.com.tr\/index.php\/wp-json\/wp\/v2\/product_brand?post=746097"},{"taxonomy":"product_cat","embeddable":true,"href":"https:\/\/roveyayinevi.com.tr\/index.php\/wp-json\/wp\/v2\/product_cat?post=746097"},{"taxonomy":"product_tag","embeddable":true,"href":"https:\/\/roveyayinevi.com.tr\/index.php\/wp-json\/wp\/v2\/product_tag?post=746097"}],"curies":[{"name":"wp","href":"https:\/\/api.w.org\/{rel}","templated":true}]}}