{"id":746092,"date":"2025-08-28T02:34:31","date_gmt":"2025-08-27T23:34:31","guid":{"rendered":"https:\/\/roveyayinevi.com.tr\/index.php\/urun\/azizlerin-yasami\/"},"modified":"2026-04-16T02:58:28","modified_gmt":"2026-04-15T23:58:28","slug":"azizlerin-yasami","status":"publish","type":"product","link":"https:\/\/roveyayinevi.com.tr\/index.php\/urun\/azizlerin-yasami\/","title":{"rendered":"Azizlerin Ya\u015fam\u0131"},"content":{"rendered":"<p>LEIGH BARDUGO, fantastik romanlar\u0131n New York Times bir numaral\u0131 \u00e7oksatan yazar\u0131d\u0131r. G\u00f6lge ve Kemik \u00fc\u00e7lemesi, Kargalar Meclisiikilemesi, Yara \u0130zi Kral\u0131 ikilemesi ve Dikenlerin Dili kitaplar\u0131n\u0131 kapsayan Grishaverse\u2019\u00fcn yarat\u0131c\u0131s\u0131d\u0131r. K\u0131sa hik\u00e2yeleri, aralar\u0131nda Best American Science Fiction and Fantasy\u2019nin de oldu\u011fu bir\u00e7ok antoloji de bulunabilir.Di\u011fer eserleri aras\u0131nda Wonder Woman: Sava\u015fgetiren ve Dokuzuncu Cemiyet yer almaktad\u0131r.Uluslararas\u0131 \u00e7oksatan yazar Leigh Bardugo\u2019nun epik d\u00fcnyas\u0131na ad\u0131m at\u0131n!Resimlendirilmi\u015f Azizlerin Ya\u015fam\u0131 -Istorii Sankt&#8217;ya- sizleri sevilen GRISHAVERSE romanlar\u0131ndan ve \u00f6tesinden gelen Azizlerin hik\u00e2yeleriyle bulu\u015fturuyor.GRISHAVERSE\u2019E ADIM ATIN!Mutlaka Sahip Olunmas\u0131 Gereken Bir GRISHAVERSE Yadig\u00e2r\u0131! \u00c7OKSATAN YAZAR LEIGH BARDUGO okuyucular\u0131n\u0131 Grishaverse evreninin derinliklerinde bir yolculu\u011fa \u00e7\u0131kar\u0131yor. G\u00f6lge ve Kemikroman\u0131n\u0131n sayfalar\u0131ndan, Alina Starkov\u2019un elinden size ula\u015fan  Istorii Sankt&#8217;ya ger\u00e7ek d\u00fcnyaya ta\u015f\u0131n\u0131yor. Mucizeler ve \u015fehitliklerle dolu bu efsaneler; G\u00fcllerin Sankta Lizabeta\u2019s\u0131 ve Zincirli Sankt Ilya gibi tan\u0131d\u0131\u011f\u0131m\u0131z Azizlerden, Dalgalar\u0131n Sankta Ursula\u2019s\u0131, Sankta Maradi ve Y\u0131ld\u0131zs\u0131z Aziz gibi garip ve bilinmez Azizlere kadar t\u00fcm rivayetleri bar\u0131nd\u0131r\u0131yor. Bu g\u00fczel koleksiyon kitab\u0131, her hik\u00e2yeye ait g\u00f6z al\u0131c\u0131 ve renkli \u00e7izimler e\u015fli\u011finde okurlarla bulu\u015fuyor.<\/p>\n","protected":false},"excerpt":{"rendered":"<p>LEIGH BARDUGO, fantastik romanlar\u0131n New York Times bir numaral\u0131 \u00e7oksatan yazar\u0131d\u0131r. G\u00f6lge ve Kemik \u00fc\u00e7lemesi, Kargalar Meclisiikilemesi, Yara \u0130zi Kral\u0131 ikilemesi ve Dikenlerin Dili kitaplar\u0131n\u0131 kapsayan<span class=\"excerpt-hellip\"> [\u2026]<\/span><\/p>\n","protected":false},"featured_media":0,"template":"","meta":{"_monsterinsights_skip_tracking":false,"_monsterinsights_sitenote_active":false,"_monsterinsights_sitenote_note":"","_monsterinsights_sitenote_category":0},"product_brand":[],"product_cat":[12291,12711],"product_tag":[],"class_list":{"0":"post-746092","1":"product","2":"type-product","3":"status-publish","5":"product_cat-edebiyat","6":"product_cat-roman-oyku","7":"pa_cilt-ciltsiz","8":"pa_tur-kitap","9":"pa_yayinevi-marti-yayinlari","10":"pa_yazar-leigh-bardugo","12":"first","13":"instock","14":"sale","15":"shipping-taxable","16":"purchasable","17":"product-type-simple"},"_links":{"self":[{"href":"https:\/\/roveyayinevi.com.tr\/index.php\/wp-json\/wp\/v2\/product\/746092","targetHints":{"allow":["GET"]}}],"collection":[{"href":"https:\/\/roveyayinevi.com.tr\/index.php\/wp-json\/wp\/v2\/product"}],"about":[{"href":"https:\/\/roveyayinevi.com.tr\/index.php\/wp-json\/wp\/v2\/types\/product"}],"wp:attachment":[{"href":"https:\/\/roveyayinevi.com.tr\/index.php\/wp-json\/wp\/v2\/media?parent=746092"}],"wp:term":[{"taxonomy":"product_brand","embeddable":true,"href":"https:\/\/roveyayinevi.com.tr\/index.php\/wp-json\/wp\/v2\/product_brand?post=746092"},{"taxonomy":"product_cat","embeddable":true,"href":"https:\/\/roveyayinevi.com.tr\/index.php\/wp-json\/wp\/v2\/product_cat?post=746092"},{"taxonomy":"product_tag","embeddable":true,"href":"https:\/\/roveyayinevi.com.tr\/index.php\/wp-json\/wp\/v2\/product_tag?post=746092"}],"curies":[{"name":"wp","href":"https:\/\/api.w.org\/{rel}","templated":true}]}}