{"id":746086,"date":"2025-08-28T02:34:22","date_gmt":"2025-08-27T23:34:22","guid":{"rendered":"https:\/\/roveyayinevi.com.tr\/index.php\/urun\/gunesin-dogdugu-topraklar\/"},"modified":"2026-04-16T02:58:28","modified_gmt":"2026-04-15T23:58:28","slug":"gunesin-dogdugu-topraklar","status":"publish","type":"product","link":"https:\/\/roveyayinevi.com.tr\/index.php\/urun\/gunesin-dogdugu-topraklar\/","title":{"rendered":"G\u00fcne\u015fin Do\u011fdu\u011fu Topraklar"},"content":{"rendered":"<p>H\u00fcz\u00fcn bulutlar\u0131n\u0131 kovup bir arada olman\u0131n sevincini payla\u015farak yediler yemeklerini. Ocakta demini alan \u00e7ay e\u015fli\u011finde, lo\u011f ta\u015f\u0131 ile d\u00fczeltilen evlerinin dam\u0131na \u00e7\u0131k\u0131p sohbet ettiler&#8230; Ay ellerini uzatsalar dokunacaklar\u0131 kadar yak\u0131nlar\u0131ndayd\u0131 sanki. \u00c2\u015f\u0131klara sevgililerinden haber getirmi\u015f\u00e7esine g\u00f6z k\u0131rpan y\u0131ld\u0131zlar\u0131n alt\u0131nda uzay\u0131p gidiyordu gece. Arkalar\u0131nda \u0131\u015f\u0131n k\u0131l\u0131c\u0131 b\u0131rakan meteor ya\u011fmurlar\u0131 tamaml\u0131yordu gecenin tap\u0131las\u0131 manzaras\u0131n\u0131. Bu b\u00fcy\u00fcl\u00fc manzara alt\u0131nda, dam \u00fcst\u00fcne serili d\u00f6\u015feklerinde dald\u0131lar deliksiz uykular\u0131na. Bu defa kendi y\u0131ld\u0131zlar\u0131n\u0131 do\u011furmu\u015ftu ana\u00e7 topraklar; onlar dam \u00fcst\u00fcnde uyurken sabaha kadar n\u00f6bet tuttular\u2026 <\/p>\n","protected":false},"excerpt":{"rendered":"<p>H\u00fcz\u00fcn bulutlar\u0131n\u0131 kovup bir arada olman\u0131n sevincini payla\u015farak yediler yemeklerini. Ocakta demini alan \u00e7ay e\u015fli\u011finde, lo\u011f ta\u015f\u0131 ile d\u00fczeltilen evlerinin dam\u0131na \u00e7\u0131k\u0131p sohbet ettiler&#8230; Ay ellerini<span class=\"excerpt-hellip\"> [\u2026]<\/span><\/p>\n","protected":false},"featured_media":0,"template":"","meta":{"_monsterinsights_skip_tracking":false,"_monsterinsights_sitenote_active":false,"_monsterinsights_sitenote_note":"","_monsterinsights_sitenote_category":0},"product_brand":[],"product_cat":[12291,12711],"product_tag":[],"class_list":{"0":"post-746086","1":"product","2":"type-product","3":"status-publish","5":"product_cat-edebiyat","6":"product_cat-roman-oyku","7":"pa_cilt-ciltsiz","8":"pa_tur-kitap","9":"pa_yayinevi-la-kitap-yayinlari","10":"pa_yazar-necmettin-gurboga","12":"first","13":"instock","14":"sale","15":"shipping-taxable","16":"purchasable","17":"product-type-simple"},"_links":{"self":[{"href":"https:\/\/roveyayinevi.com.tr\/index.php\/wp-json\/wp\/v2\/product\/746086","targetHints":{"allow":["GET"]}}],"collection":[{"href":"https:\/\/roveyayinevi.com.tr\/index.php\/wp-json\/wp\/v2\/product"}],"about":[{"href":"https:\/\/roveyayinevi.com.tr\/index.php\/wp-json\/wp\/v2\/types\/product"}],"wp:attachment":[{"href":"https:\/\/roveyayinevi.com.tr\/index.php\/wp-json\/wp\/v2\/media?parent=746086"}],"wp:term":[{"taxonomy":"product_brand","embeddable":true,"href":"https:\/\/roveyayinevi.com.tr\/index.php\/wp-json\/wp\/v2\/product_brand?post=746086"},{"taxonomy":"product_cat","embeddable":true,"href":"https:\/\/roveyayinevi.com.tr\/index.php\/wp-json\/wp\/v2\/product_cat?post=746086"},{"taxonomy":"product_tag","embeddable":true,"href":"https:\/\/roveyayinevi.com.tr\/index.php\/wp-json\/wp\/v2\/product_tag?post=746086"}],"curies":[{"name":"wp","href":"https:\/\/api.w.org\/{rel}","templated":true}]}}