{"id":746083,"date":"2025-08-28T02:34:17","date_gmt":"2025-08-27T23:34:17","guid":{"rendered":"https:\/\/roveyayinevi.com.tr\/index.php\/urun\/atlas-altilisi-ciltli\/"},"modified":"2026-04-16T02:58:28","modified_gmt":"2026-04-15T23:58:28","slug":"atlas-altilisi-ciltli","status":"publish","type":"product","link":"https:\/\/roveyayinevi.com.tr\/index.php\/urun\/atlas-altilisi-ciltli\/","title":{"rendered":"Atlas Alt\u0131l\u0131s\u0131 (Ciltli)"},"content":{"rendered":"<p>SIRLAR. \u0130HANET. BA\u015eTAN \u00c7IKARMA. G\u00dc\u00c7. \u0130SKENDER\u0130YE CEM\u0130YET\u0130\u2019NE HO\u015e GELD\u0130N\u0130Z.   Her on y\u0131lda bir, d\u00fcnyan\u0131n \u00f6nde gelen topluluklar\u0131ndan biri olan \u0130skenderiye Cemiyeti\u2019ne kat\u0131lmak i\u00e7in alt\u0131 yetenekli b\u00fcy\u00fcc\u00fc se\u00e7ilir. Se\u00e7ilen b\u00fcy\u00fcc\u00fcler, en \u00e7\u0131lg\u0131n hayallerinin bile \u00f6tesinde bir g\u00fcce ve prestijli bir hayata sahip olacakt\u0131r.   Ama ne pahas\u0131na?   Se\u00e7ilen her b\u00fcy\u00fcc\u00fcn\u00fcn, cemiyetin s\u0131rlarla dolu davetini kabul etmek i\u00e7in kendine g\u00f6re bir sebebi vard\u0131r. Bu, en tehlikeli d\u00fc\u015fmanlar\u0131na yakla\u015fmak ya da g\u00fcvendikleri m\u00fcttefiklerin ihanetiyle y\u00fczle\u015fmek anlam\u0131na gelse bile, \u0130skenderiye saflar\u0131na kat\u0131lmak i\u00e7in bir y\u0131l boyunca \u00f6l\u00fcm\u00fcne bir m\u00fccadeleye at\u0131lacaklard\u0131r.   Bu, hepsinin y\u0131l sonunda hayatta kalamayacaklar\u0131 anlam\u0131na gelse bile.<\/p>\n","protected":false},"excerpt":{"rendered":"<p>SIRLAR. \u0130HANET. BA\u015eTAN \u00c7IKARMA. G\u00dc\u00c7. \u0130SKENDER\u0130YE CEM\u0130YET\u0130\u2019NE HO\u015e GELD\u0130N\u0130Z. Her on y\u0131lda bir, d\u00fcnyan\u0131n \u00f6nde gelen topluluklar\u0131ndan biri olan \u0130skenderiye Cemiyeti\u2019ne kat\u0131lmak i\u00e7in alt\u0131 yetenekli b\u00fcy\u00fcc\u00fc<span class=\"excerpt-hellip\"> [\u2026]<\/span><\/p>\n","protected":false},"featured_media":0,"template":"","meta":{"_monsterinsights_skip_tracking":false,"_monsterinsights_sitenote_active":false,"_monsterinsights_sitenote_note":"","_monsterinsights_sitenote_category":0},"product_brand":[],"product_cat":[12291,14777],"product_tag":[],"class_list":{"0":"post-746083","1":"product","2":"type-product","3":"status-publish","5":"product_cat-edebiyat","6":"product_cat-fantastik","7":"pa_cilt-ciltli","8":"pa_tur-kitap","9":"pa_yayinevi-marti-yayinlari","10":"pa_yazar-olivie-blake","12":"first","13":"instock","14":"sale","15":"shipping-taxable","16":"purchasable","17":"product-type-simple"},"_links":{"self":[{"href":"https:\/\/roveyayinevi.com.tr\/index.php\/wp-json\/wp\/v2\/product\/746083","targetHints":{"allow":["GET"]}}],"collection":[{"href":"https:\/\/roveyayinevi.com.tr\/index.php\/wp-json\/wp\/v2\/product"}],"about":[{"href":"https:\/\/roveyayinevi.com.tr\/index.php\/wp-json\/wp\/v2\/types\/product"}],"wp:attachment":[{"href":"https:\/\/roveyayinevi.com.tr\/index.php\/wp-json\/wp\/v2\/media?parent=746083"}],"wp:term":[{"taxonomy":"product_brand","embeddable":true,"href":"https:\/\/roveyayinevi.com.tr\/index.php\/wp-json\/wp\/v2\/product_brand?post=746083"},{"taxonomy":"product_cat","embeddable":true,"href":"https:\/\/roveyayinevi.com.tr\/index.php\/wp-json\/wp\/v2\/product_cat?post=746083"},{"taxonomy":"product_tag","embeddable":true,"href":"https:\/\/roveyayinevi.com.tr\/index.php\/wp-json\/wp\/v2\/product_tag?post=746083"}],"curies":[{"name":"wp","href":"https:\/\/api.w.org\/{rel}","templated":true}]}}