{"id":746078,"date":"2025-08-28T02:34:11","date_gmt":"2025-08-27T23:34:11","guid":{"rendered":"https:\/\/roveyayinevi.com.tr\/index.php\/urun\/disiplinlerarasi-yaklasimlarla-uygulamali-sosyal\/"},"modified":"2026-04-16T02:58:28","modified_gmt":"2026-04-15T23:58:28","slug":"disiplinlerarasi-yaklasimlarla-uygulamali-sosyal","status":"publish","type":"product","link":"https:\/\/roveyayinevi.com.tr\/index.php\/urun\/disiplinlerarasi-yaklasimlarla-uygulamali-sosyal\/","title":{"rendered":"Disiplinleraras\u0131 Yakla\u015f\u0131mlarla Uygulamal\u0131 Sosyal"},"content":{"rendered":"<p>B\u0130R\u0130NC\u0130 B\u00d6L\u00dcM DI\u015e T\u0130CARETTE REKABET G\u00dcC\u00dcN\u00dc ETK\u0130LEYEN FAKT\u00d6RLER   \u0130K\u0130NC\u0130 B\u00d6L\u00dcM KADIN \u0130ST\u0130HDAMI A\u00c7ISINDAN B\u0130R ALTERNAT\u0130F: ESNEK \u00c7ALI\u015eMA S\u0130STEM\u0130   \u00dc\u00c7\u00dcNC\u00dc B\u00d6L\u00dcM SOSYAL SORUNLARLA M\u00dcCADELEDE YEN\u0130L\u0130K\u00c7\u0130 B\u0130R BAKI\u015e: SOSYAL G\u0130R\u0130\u015e\u0130MC\u0130L\u0130K   D\u00d6RD\u00dcNC\u00dc B\u00d6L\u00dcM SA\u011eLIK KURUMLARINDA PS\u0130KOLOJ\u0130K DAYANIKLILIK   BE\u015e\u0130NC\u0130 B\u00d6L\u00dcM Y\u00d6NETSEL B\u0130R BAKI\u015e A\u00c7ISI \u0130LE \u0130\u015e YER\u0130NDE SOSYAL CESARET   ALTINCI B\u00d6L\u00dcM \u0130\u015eLETMELERDE PERFORMANS Y\u00d6NET\u0130M\u0130   YED\u0130NC\u0130 B\u00d6L\u00dcM DI\u015e T\u0130CARETTE \u0130HRACATI ETK\u0130LEYEN FAKT\u00d6RLER (Ampirik Bir Literat\u00fcr Taramas\u0131) SEK\u0130Z\u0130NC\u0130 B\u00d6L\u00dcM BULANIK AHP ve BULANIK SWARA Y\u00d6NTEMLER\u0130YLE PERSONEL SE\u00c7\u0130M KR\u0130TERLER\u0130N\u0130N DE\u011eERLEND\u0130R\u0130LMES\u0130: B\u0130R S\u00dcT \u0130\u015eLETMES\u0130NDE UYGULAMA   DOKUZUNCU B\u00d6L\u00dcM T\u00dcRK\u0130YE\u2019DEK\u0130 52 HAVAL\u0130MANININ CRITIC, COCOSO VE WASPAS Y\u00d6NTEMLER\u0130YLE DE\u011eERLEND\u0130R\u0130LMES\u0130   ONUNCU B\u00d6L\u00dcM \u0130\u015eLETMELERDE \u00c7ALI\u015eMA SERMAYES\u0130 Y\u00d6NET\u0130M\u0130   ONB\u0130R\u0130NC\u0130 B\u00d6L\u00dcM KURUMSAL YAPILANMA A\u00c7ISINDAN T\u00dcRK\u0130YE SA\u011eLIKTA D\u00d6N\u00dc\u015e\u00dcM PROGRAMI \u00d6NCES\u0130-SONRASI SA\u011eLIK BAKANLI\u011eI DE\u011eERLEND\u0130RMES\u0130   ON\u0130K\u0130NC\u0130 B\u00d6L\u00dcM T\u00dcRK\u0130YE\u2019DE BELED\u0130YELER\u0130N DENET\u0130M Y\u00d6NTEMLER\u0130 VE DENET\u0130M S\u00dcREC\u0130NDE ORTAYA \u00c7IKAN SORUNLAR   ON\u00dc\u00c7\u00dcNC\u00dc B\u00d6L\u00dcM VERG\u0130LER\u0130N EKONOM\u0130K B\u00dcY\u00dcMEYE ETK\u0130LER\u0130: OECD \u00d6RNE\u011e\u0130   OND\u00d6RD\u00dcNC\u00dc B\u00d6L\u00dcM TEKNOKENTLER\u0130N YEREL EKONOM\u0130YE KATKILARI: FIRAT TEKNOKENT \u00c7ALI\u015eANLARI A\u00c7ISINDAN \u0130NCELENMES\u0130   ONBE\u015e\u0130NC\u0130 B\u00d6L\u00dcM B\u00d6LGESEL VE KIRSAL KALKINMADA TARIMSAL KOOPERAT\u0130FLER\u0130N ROL\u00dc VE \u00d6NEM\u0130: T\u0130RE S\u00dcT KOOPERAT\u0130F\u0130 \u0130NCELEMES\u0130   ONALTINCI B\u00d6L\u00dcM AKILLI KENT VE T\u00dcRK\u0130YE\u2019DE AKILLI KENT UYGULAMALARI   ONYED\u0130NC\u0130 B\u00d6L\u00dcM YE\u015e\u0130L HASTANELER\u0130N G\u00dcNCEL DE\u011eERLEND\u0130RMES\u0130 <\/p>\n","protected":false},"excerpt":{"rendered":"<p>B\u0130R\u0130NC\u0130 B\u00d6L\u00dcM DI\u015e T\u0130CARETTE REKABET G\u00dcC\u00dcN\u00dc ETK\u0130LEYEN FAKT\u00d6RLER \u0130K\u0130NC\u0130 B\u00d6L\u00dcM KADIN \u0130ST\u0130HDAMI A\u00c7ISINDAN B\u0130R ALTERNAT\u0130F: ESNEK \u00c7ALI\u015eMA S\u0130STEM\u0130 \u00dc\u00c7\u00dcNC\u00dc B\u00d6L\u00dcM SOSYAL SORUNLARLA M\u00dcCADELEDE YEN\u0130L\u0130K\u00c7\u0130 B\u0130R BAKI\u015e:<span class=\"excerpt-hellip\"> [\u2026]<\/span><\/p>\n","protected":false},"featured_media":0,"template":"","meta":{"_monsterinsights_skip_tracking":false,"_monsterinsights_sitenote_active":false,"_monsterinsights_sitenote_note":"","_monsterinsights_sitenote_category":0},"product_brand":[],"product_cat":[12573,12566],"product_tag":[],"class_list":{"0":"post-746078","1":"product","2":"type-product","3":"status-publish","5":"product_cat-akademik-kitaplar","6":"product_cat-egitim","7":"pa_cilt-ciltsiz","8":"pa_tur-kitap","9":"pa_yayinevi-gazi-kitabevi","10":"pa_yazar-kolektif","12":"first","13":"instock","14":"sale","15":"shipping-taxable","16":"purchasable","17":"product-type-simple"},"_links":{"self":[{"href":"https:\/\/roveyayinevi.com.tr\/index.php\/wp-json\/wp\/v2\/product\/746078","targetHints":{"allow":["GET"]}}],"collection":[{"href":"https:\/\/roveyayinevi.com.tr\/index.php\/wp-json\/wp\/v2\/product"}],"about":[{"href":"https:\/\/roveyayinevi.com.tr\/index.php\/wp-json\/wp\/v2\/types\/product"}],"wp:attachment":[{"href":"https:\/\/roveyayinevi.com.tr\/index.php\/wp-json\/wp\/v2\/media?parent=746078"}],"wp:term":[{"taxonomy":"product_brand","embeddable":true,"href":"https:\/\/roveyayinevi.com.tr\/index.php\/wp-json\/wp\/v2\/product_brand?post=746078"},{"taxonomy":"product_cat","embeddable":true,"href":"https:\/\/roveyayinevi.com.tr\/index.php\/wp-json\/wp\/v2\/product_cat?post=746078"},{"taxonomy":"product_tag","embeddable":true,"href":"https:\/\/roveyayinevi.com.tr\/index.php\/wp-json\/wp\/v2\/product_tag?post=746078"}],"curies":[{"name":"wp","href":"https:\/\/api.w.org\/{rel}","templated":true}]}}