{"id":746075,"date":"2025-08-28T02:34:06","date_gmt":"2025-08-27T23:34:06","guid":{"rendered":"https:\/\/roveyayinevi.com.tr\/index.php\/urun\/deve-cuce\/"},"modified":"2026-04-16T02:58:28","modified_gmt":"2026-04-15T23:58:28","slug":"deve-cuce","status":"publish","type":"product","link":"https:\/\/roveyayinevi.com.tr\/index.php\/urun\/deve-cuce\/","title":{"rendered":"Deve C\u00fcce"},"content":{"rendered":"<p>\u201cFantastik kelimesini ba\u015ftan tan\u0131mlatacak bir kitap.\u201d \u2013Ursula K. Le Guin   Bir\u00e7ok evden olu\u015fur S\u0131n\u0131rorman; hepsi birbirinin i\u00e7inde, hepsi birbirine kenetli. Gizemi ve b\u00fcy\u00fcs\u00fc eksik olmaz bu evin, att\u0131\u011f\u0131n\u0131z her ad\u0131mla beraber b\u00fcy\u00fcr, siz evin derinliklerine girdik\u00e7e daha da acayiple\u015fir.   Smoky Barnable \u00e7ok da dikkat \u00e7ekmeyen gen\u00e7 bir adamd\u0131r. Nesillerdir S\u0131n\u0131rorman\u2019da ya\u015fayan Drinkwater ailesinin k\u0131z\u0131 Daily Alice Drinkwater\u2019la evlenmek i\u00e7in hi\u00e7bir haritada bulunmayan S\u0131n\u0131rorman\u2019a gelen Smoky, kendisini giderek gariple\u015fen, anlams\u0131zla\u015fan ve akl\u0131n s\u0131n\u0131rlar\u0131n\u0131 zorlayan bir hik\u00e2yenin i\u00e7inde bulacakt\u0131r.   Fantastik bir a\u015fk\u0131n, y\u00fcrek par\u00e7alayan kay\u0131plar\u0131n, imk\u00e2ns\u0131z \u015feylerin roman\u0131 DEVE c\u00fcce.   \u201cLewis Carroll\u2019\u0131n Alice \u00f6yk\u00fclerine en \u00e7ok yakla\u015fan eser. DEVE c\u00fcce, okudu\u011fum en b\u00fcy\u00fcleyici kitap.\u201d \u2013Harold Bloom   \u201c\u015e\u00fcphesiz yaz\u0131lm\u0131\u015f en iyi fantastik roman.\u201d \u2013Thomas M. Disch   1982 D\u00fcnya Fantazi En \u0130yi Roman \u00d6d\u00fcl\u00fc 1982 Hugo En \u0130yi Roman \u00d6d\u00fcl\u00fc Aday\u0131 1981 Nebula En \u0130yi Roman \u00d6d\u00fcl\u00fc Aday\u0131 1982 Locus En \u0130yi Fantazi Roman\u0131 \u00d6d\u00fcl\u00fc Aday\u0131 <\/p>\n","protected":false},"excerpt":{"rendered":"<p>\u201cFantastik kelimesini ba\u015ftan tan\u0131mlatacak bir kitap.\u201d \u2013Ursula K. Le Guin Bir\u00e7ok evden olu\u015fur S\u0131n\u0131rorman; hepsi birbirinin i\u00e7inde, hepsi birbirine kenetli. Gizemi ve b\u00fcy\u00fcs\u00fc eksik olmaz bu<span class=\"excerpt-hellip\"> [\u2026]<\/span><\/p>\n","protected":false},"featured_media":0,"template":"","meta":{"_monsterinsights_skip_tracking":false,"_monsterinsights_sitenote_active":false,"_monsterinsights_sitenote_note":"","_monsterinsights_sitenote_category":0},"product_brand":[],"product_cat":[12291,14777],"product_tag":[],"class_list":{"0":"post-746075","1":"product","2":"type-product","3":"status-publish","5":"product_cat-edebiyat","6":"product_cat-fantastik","7":"pa_cilt-ciltsiz","8":"pa_tur-kitap","9":"pa_yayinevi-ithaki-yayinlari","10":"pa_yazar-john-crowley","12":"first","13":"instock","14":"sale","15":"shipping-taxable","16":"purchasable","17":"product-type-simple"},"_links":{"self":[{"href":"https:\/\/roveyayinevi.com.tr\/index.php\/wp-json\/wp\/v2\/product\/746075","targetHints":{"allow":["GET"]}}],"collection":[{"href":"https:\/\/roveyayinevi.com.tr\/index.php\/wp-json\/wp\/v2\/product"}],"about":[{"href":"https:\/\/roveyayinevi.com.tr\/index.php\/wp-json\/wp\/v2\/types\/product"}],"wp:attachment":[{"href":"https:\/\/roveyayinevi.com.tr\/index.php\/wp-json\/wp\/v2\/media?parent=746075"}],"wp:term":[{"taxonomy":"product_brand","embeddable":true,"href":"https:\/\/roveyayinevi.com.tr\/index.php\/wp-json\/wp\/v2\/product_brand?post=746075"},{"taxonomy":"product_cat","embeddable":true,"href":"https:\/\/roveyayinevi.com.tr\/index.php\/wp-json\/wp\/v2\/product_cat?post=746075"},{"taxonomy":"product_tag","embeddable":true,"href":"https:\/\/roveyayinevi.com.tr\/index.php\/wp-json\/wp\/v2\/product_tag?post=746075"}],"curies":[{"name":"wp","href":"https:\/\/api.w.org\/{rel}","templated":true}]}}