{"id":746074,"date":"2025-08-28T02:34:06","date_gmt":"2025-08-27T23:34:06","guid":{"rendered":"https:\/\/roveyayinevi.com.tr\/index.php\/urun\/ithaki-fantastik-ajandasi-2023-ciltli\/"},"modified":"2026-04-16T02:58:27","modified_gmt":"2026-04-15T23:58:27","slug":"ithaki-fantastik-ajandasi-2023-ciltli","status":"publish","type":"product","link":"https:\/\/roveyayinevi.com.tr\/index.php\/urun\/ithaki-fantastik-ajandasi-2023-ciltli\/","title":{"rendered":"\u0130thaki Fantastik Ajandas\u0131 2023 (ciltli)"},"content":{"rendered":"<p>\u201cFantazi insana ait bir hakt\u0131r.\u201d \u2013J. R. R. Tolkien   \u201cB\u0131rak\u0131n cennet onlar\u0131n olsun. Ben \u00f6ld\u00fc\u011f\u00fcmde Orta D\u00fcnya\u2019ya gitmek istiyorum.\u201d \u2013George R. R. Martin   \u0130lk y\u0131l\u0131nda bilimkurgu, ikinci y\u0131l\u0131ndaysa korku edebiyat\u0131 \u00fczerine e\u011fildi\u011fimiz \u0130thaki Ajandas\u0131\u2019n\u0131n \u00fc\u00e7\u00fcnc\u00fcs\u00fcyle kar\u015f\u0131n\u0131zday\u0131z. Se\u00e7ti\u011fimiz t\u00fcrleri i\u00e7li d\u0131\u015fl\u0131 irdeleyen yaz\u0131larla zenginle\u015ftirdi\u011fimiz ajandalar\u0131m\u0131z\u0131n bu y\u0131lki konusuysa \u201cfantastik\u201din ta kendisi. <\/p>\n","protected":false},"excerpt":{"rendered":"<p>\u201cFantazi insana ait bir hakt\u0131r.\u201d \u2013J. R. R. Tolkien \u201cB\u0131rak\u0131n cennet onlar\u0131n olsun. Ben \u00f6ld\u00fc\u011f\u00fcmde Orta D\u00fcnya\u2019ya gitmek istiyorum.\u201d \u2013George R. R. Martin \u0130lk y\u0131l\u0131nda bilimkurgu,<span class=\"excerpt-hellip\"> [\u2026]<\/span><\/p>\n","protected":false},"featured_media":0,"template":"","meta":{"_monsterinsights_skip_tracking":false,"_monsterinsights_sitenote_active":false,"_monsterinsights_sitenote_note":"","_monsterinsights_sitenote_category":0},"product_brand":[],"product_cat":[28265,15563],"product_tag":[],"class_list":{"0":"post-746074","1":"product","2":"type-product","3":"status-publish","5":"product_cat-diger-hobi","6":"product_cat-hobi","7":"pa_cilt-ciltli","8":"pa_tur-kitap","9":"pa_yayinevi-ithaki-yayinlari","10":"pa_yazar-kolektif","12":"first","13":"instock","14":"sale","15":"shipping-taxable","16":"purchasable","17":"product-type-simple"},"_links":{"self":[{"href":"https:\/\/roveyayinevi.com.tr\/index.php\/wp-json\/wp\/v2\/product\/746074","targetHints":{"allow":["GET"]}}],"collection":[{"href":"https:\/\/roveyayinevi.com.tr\/index.php\/wp-json\/wp\/v2\/product"}],"about":[{"href":"https:\/\/roveyayinevi.com.tr\/index.php\/wp-json\/wp\/v2\/types\/product"}],"wp:attachment":[{"href":"https:\/\/roveyayinevi.com.tr\/index.php\/wp-json\/wp\/v2\/media?parent=746074"}],"wp:term":[{"taxonomy":"product_brand","embeddable":true,"href":"https:\/\/roveyayinevi.com.tr\/index.php\/wp-json\/wp\/v2\/product_brand?post=746074"},{"taxonomy":"product_cat","embeddable":true,"href":"https:\/\/roveyayinevi.com.tr\/index.php\/wp-json\/wp\/v2\/product_cat?post=746074"},{"taxonomy":"product_tag","embeddable":true,"href":"https:\/\/roveyayinevi.com.tr\/index.php\/wp-json\/wp\/v2\/product_tag?post=746074"}],"curies":[{"name":"wp","href":"https:\/\/api.w.org\/{rel}","templated":true}]}}