{"id":746068,"date":"2025-08-28T02:33:58","date_gmt":"2025-08-27T23:33:58","guid":{"rendered":"https:\/\/roveyayinevi.com.tr\/index.php\/urun\/orenda-21-gun\/"},"modified":"2026-04-16T02:58:27","modified_gmt":"2026-04-15T23:58:27","slug":"orenda-21-gun","status":"publish","type":"product","link":"https:\/\/roveyayinevi.com.tr\/index.php\/urun\/orenda-21-gun\/","title":{"rendered":"Orenda-21 G\u00fcn"},"content":{"rendered":"<p>D\u00fcnyadan kopup kafa dinlemek i\u00e7in gitti\u011finiz ama insanlar\u0131n vah\u015fice \u00f6ld\u00fcr\u00fcld\u00fc\u011f\u00fc bir adada mahsur kald\u0131\u011f\u0131n\u0131z\u0131 d\u00fc\u015f\u00fcn\u00fcn.Vah\u015fet sarmal\u0131 g\u00fcnden g\u00fcne derinle\u015firken, bunu \u00f6nlemek i\u00e7in elinizden bir \u015fey gelmiyor.\u00dcstelik katil bile katil oldu\u011funu bilmiyor&#8230;B\u00fcy\u00fck Okyanus a\u00e7\u0131klar\u0131ndaki Orenda Adas\u0131\u2019nda ge\u00e7mi\u015fte asker\u00ee \u00fcs olarak kullan\u0131lan bir bina, aradan ge\u00e7en elli y\u0131l\u0131n ard\u0131ndan otel olarak hizmete a\u00e7\u0131l\u0131r. Otelin i\u015fletmesini alan i\u015f insan\u0131 Ali Pusat konuklar\u0131na \u201c\u0131ss\u0131z ada konseptli\u201d bir tatil vaat etmektedir. Adada kald\u0131klar\u0131 21 g\u00fcn s\u00fcresince konuklar\u0131n d\u00fcnyayla t\u00fcm ileti\u015fimleri kesilecektir. Ne ula\u015f\u0131m, ne haberle\u015fme imk\u00e2nlar\u0131 olacakt\u0131r.\u00d6zel olarak davet edilen on d\u00f6rt ki\u015fi, t\u00fcm dertlerini geride b\u0131rak\u0131p d\u0131\u015f d\u00fcnyadan kopuk olarak ge\u00e7irecekleri bir tatilin hayaliyle otele yerle\u015firler. Ancak tatilin ikinci g\u00fcn\u00fcnde ya\u015fanan cinayetler korkun\u00e7 bir vah\u015fet sarmal\u0131n\u0131n kap\u0131s\u0131n\u0131 aralar.Hem konuklar hem otel personeli i\u00e7in 21 g\u00fcn s\u00fcrecek bir \u00f6l\u00fcm kal\u0131m sava\u015f\u0131 ba\u015flam\u0131\u015ft\u0131r art\u0131k. Onlar katilin kim oldu\u011funu bulmaya \u00e7al\u0131\u015f\u0131rlarken Ada\u2019n\u0131n gizemli ve karanl\u0131k ge\u00e7mi\u015fi de bir hayalet gibi pe\u015flerindedir.\u015eerife Okyay Orenda-21 G\u00fcn kitab\u0131nda, gerilim ve gizem dolu bir hik\u00e2yeyi ba\u015far\u0131yla anlat\u0131rken, insan zihninin karanl\u0131k yanlar\u0131yla da y\u00fczle\u015ftiriyor okurlar\u0131n\u0131.<\/p>\n","protected":false},"excerpt":{"rendered":"<p>D\u00fcnyadan kopup kafa dinlemek i\u00e7in gitti\u011finiz ama insanlar\u0131n vah\u015fice \u00f6ld\u00fcr\u00fcld\u00fc\u011f\u00fc bir adada mahsur kald\u0131\u011f\u0131n\u0131z\u0131 d\u00fc\u015f\u00fcn\u00fcn.Vah\u015fet sarmal\u0131 g\u00fcnden g\u00fcne derinle\u015firken, bunu \u00f6nlemek i\u00e7in elinizden bir \u015fey gelmiyor.\u00dcstelik<span class=\"excerpt-hellip\"> [\u2026]<\/span><\/p>\n","protected":false},"featured_media":0,"template":"","meta":{"_monsterinsights_skip_tracking":false,"_monsterinsights_sitenote_active":false,"_monsterinsights_sitenote_note":"","_monsterinsights_sitenote_category":0},"product_brand":[],"product_cat":[12803,12291],"product_tag":[],"class_list":{"0":"post-746068","1":"product","2":"type-product","3":"status-publish","5":"product_cat-aksiyon-macera","6":"product_cat-edebiyat","7":"pa_cilt-ciltsiz","8":"pa_tur-kitap","9":"pa_yayinevi-muptela-yayinevi","10":"pa_yazar-serife-okyay","12":"first","13":"instock","14":"sale","15":"shipping-taxable","16":"purchasable","17":"product-type-simple"},"_links":{"self":[{"href":"https:\/\/roveyayinevi.com.tr\/index.php\/wp-json\/wp\/v2\/product\/746068","targetHints":{"allow":["GET"]}}],"collection":[{"href":"https:\/\/roveyayinevi.com.tr\/index.php\/wp-json\/wp\/v2\/product"}],"about":[{"href":"https:\/\/roveyayinevi.com.tr\/index.php\/wp-json\/wp\/v2\/types\/product"}],"wp:attachment":[{"href":"https:\/\/roveyayinevi.com.tr\/index.php\/wp-json\/wp\/v2\/media?parent=746068"}],"wp:term":[{"taxonomy":"product_brand","embeddable":true,"href":"https:\/\/roveyayinevi.com.tr\/index.php\/wp-json\/wp\/v2\/product_brand?post=746068"},{"taxonomy":"product_cat","embeddable":true,"href":"https:\/\/roveyayinevi.com.tr\/index.php\/wp-json\/wp\/v2\/product_cat?post=746068"},{"taxonomy":"product_tag","embeddable":true,"href":"https:\/\/roveyayinevi.com.tr\/index.php\/wp-json\/wp\/v2\/product_tag?post=746068"}],"curies":[{"name":"wp","href":"https:\/\/api.w.org\/{rel}","templated":true}]}}