{"id":746067,"date":"2025-08-28T02:33:57","date_gmt":"2025-08-27T23:33:57","guid":{"rendered":"https:\/\/roveyayinevi.com.tr\/index.php\/urun\/fotr-sapkali-sih\/"},"modified":"2026-04-16T02:58:27","modified_gmt":"2026-04-15T23:58:27","slug":"fotr-sapkali-sih","status":"publish","type":"product","link":"https:\/\/roveyayinevi.com.tr\/index.php\/urun\/fotr-sapkali-sih\/","title":{"rendered":"F\u00f6tr \u015eapkal\u0131 \u015e\u0131h"},"content":{"rendered":"<p>\u201cI\u0307ktidardan gelen yekpare&#8230; ve&#8230; sistematik bir d\u0131s\u0327lama olmad\u0131g\u0306\u0131 gibi, iktidar\u0131n kendi deg\u0306erleriyle o\u0308rtu\u0308s\u0327meyen tu\u0308m halk kesimlerine kars\u0327\u0131 u\u0308rettig\u0306i politikalar\u0131n\u0131 tam anlam\u0131yla uygulama kudreti bulunmuyordu. Ancak eski rejimden gelen ayr\u0131cal\u0131klar\u0131n\u0131 koruyan ve tas\u0327radan uzak yas\u0327amakta olan o\u0308nde gelen mu\u0308tedeyyin kis\u0327iler de, t\u0131pk\u0131 Kemalist iktidar gibi, tas\u0327raya bakt\u0131klar\u0131nda halk\u0131n kendi yas\u0327am tarz\u0131n\u0131 muhafaza etmeye do\u0308nu\u0308k tes\u0327ebbu\u0308slerini go\u0308rmez ya da go\u0308remez.\u201d Kitap ad\u0131n\u0131, erken Cumhuriyet do\u0308neminde tekkesine \u201ckar\u0131s\u0327\u0131lmamas\u0131\u201d ic\u0327in s\u0327apkayla gezen bir s\u0327\u0131htan al\u0131yor: Fo\u0308tr S\u0327apkal\u0131 S\u0327\u0131h. Bu, o do\u0308nemde resmen yasakl\u0131 olan dini\u0302 pratiklerin, muhtelif taktiklerle peka\u0302la\u0302 su\u0308rdu\u0308ru\u0308lmu\u0308s\u0327 oldug\u0306una da is\u0327aret ediyor. I\u0307lbey C.N. O\u0308zdemirci, c\u0327al\u0131s\u0327mas\u0131nda, Cumhuriyet\u2019in seku\u0308lerles\u0327me siyasetinin hem o\u0308rgu\u0308tsel yetersizlig\u0306i bak\u0131m\u0131ndan hayata gec\u0327irilemedig\u0306ini; hem de as\u0131l o\u0308nemlisi, tas\u0327rada c\u0327es\u0327itli uyarlama, oyalama veya deyim yerindeyse \u201cc\u0327al\u0131y\u0131 dolanma\u201d taktikleriyle gec\u0327is\u0327tirildig\u0306ini anlat\u0131yor. O\u0308zdemirci, erken Cumhuriyet\u2019in seku\u0308lerles\u0327me deneyiminin, \u201cKemalist iktidar\u201d ile \u201cdindar halk kesimleri\u201d aras\u0131nda, veya \u201cmerkez\u201d ile \u201cc\u0327evre\u201d aras\u0131nda uzlas\u0327maz bir c\u0327elis\u0327ki kal\u0131b\u0131yla anlas\u0327\u0131lamayacag\u0306\u0131 kan\u0131s\u0131nda. Fo\u0308tr S\u0327apkal\u0131 S\u0327\u0131h, devlet-toplum ilis\u0327kilerine tas\u0327radan bakman\u0131n analitik olanaklar\u0131n\u0131 ortaya koymas\u0131 bak\u0131m\u0131ndan da o\u0308nemli. Tas\u0327ray\u0131 tamamen tabi\u0302 konumda, tas\u0327radaki akto\u0308rleri tamamen pasif ve gu\u0308c\u0327su\u0308z olarak tasavvur etmenin yanl\u0131s\u0327l\u0131g\u0306\u0131n\u0131 go\u0308steriyor. Keza, seku\u0308lerles\u0327me bag\u0306lam\u0131n\u0131n d\u0131s\u0327\u0131nda, genel olarak, popu\u0308ler gu\u0308ndelik direnis\u0327 stratejilerine dair deg\u0306erli bir malzeme sunuyor. <\/p>\n","protected":false},"excerpt":{"rendered":"<p>\u201cI\u0307ktidardan gelen yekpare&#8230; ve&#8230; sistematik bir d\u0131s\u0327lama olmad\u0131g\u0306\u0131 gibi, iktidar\u0131n kendi deg\u0306erleriyle o\u0308rtu\u0308s\u0327meyen tu\u0308m halk kesimlerine kars\u0327\u0131 u\u0308rettig\u0306i politikalar\u0131n\u0131 tam anlam\u0131yla uygulama kudreti bulunmuyordu. Ancak eski<span class=\"excerpt-hellip\"> [\u2026]<\/span><\/p>\n","protected":false},"featured_media":0,"template":"","meta":{"_monsterinsights_skip_tracking":false,"_monsterinsights_sitenote_active":false,"_monsterinsights_sitenote_note":"","_monsterinsights_sitenote_category":0},"product_brand":[],"product_cat":[12370,12304],"product_tag":[],"class_list":{"0":"post-746067","1":"product","2":"type-product","3":"status-publish","5":"product_cat-arastirma-inceleme","6":"product_cat-tarih","7":"pa_cilt-ciltsiz","8":"pa_tur-kitap","9":"pa_yayinevi-iletisim-yayinlari","10":"pa_yazar-ilbey-c-n-ozdemirci","12":"first","13":"instock","14":"sale","15":"shipping-taxable","16":"purchasable","17":"product-type-simple"},"_links":{"self":[{"href":"https:\/\/roveyayinevi.com.tr\/index.php\/wp-json\/wp\/v2\/product\/746067","targetHints":{"allow":["GET"]}}],"collection":[{"href":"https:\/\/roveyayinevi.com.tr\/index.php\/wp-json\/wp\/v2\/product"}],"about":[{"href":"https:\/\/roveyayinevi.com.tr\/index.php\/wp-json\/wp\/v2\/types\/product"}],"wp:attachment":[{"href":"https:\/\/roveyayinevi.com.tr\/index.php\/wp-json\/wp\/v2\/media?parent=746067"}],"wp:term":[{"taxonomy":"product_brand","embeddable":true,"href":"https:\/\/roveyayinevi.com.tr\/index.php\/wp-json\/wp\/v2\/product_brand?post=746067"},{"taxonomy":"product_cat","embeddable":true,"href":"https:\/\/roveyayinevi.com.tr\/index.php\/wp-json\/wp\/v2\/product_cat?post=746067"},{"taxonomy":"product_tag","embeddable":true,"href":"https:\/\/roveyayinevi.com.tr\/index.php\/wp-json\/wp\/v2\/product_tag?post=746067"}],"curies":[{"name":"wp","href":"https:\/\/api.w.org\/{rel}","templated":true}]}}