{"id":746066,"date":"2025-08-28T02:33:56","date_gmt":"2025-08-27T23:33:56","guid":{"rendered":"https:\/\/roveyayinevi.com.tr\/index.php\/urun\/iktidar-tohumlari\/"},"modified":"2026-04-16T02:58:27","modified_gmt":"2026-04-15T23:58:27","slug":"iktidar-tohumlari","status":"publish","type":"product","link":"https:\/\/roveyayinevi.com.tr\/index.php\/urun\/iktidar-tohumlari\/","title":{"rendered":"\u0130ktidar Tohumlar\u0131"},"content":{"rendered":"<p>Genis\u0327 topraklara yay\u0131lm\u0131s\u0327 Osmanl\u0131 I\u0307mparatorlug\u0306u\u2019nun tarihi aras\u0327t\u0131r\u0131l\u0131rken ihmal edilen alanlar\u0131n belki de en bas\u0327\u0131nda c\u0327evre tarihi geliyor. Onur I\u0307nal ve Yavuz Ko\u0308se\u2019nin derledikleri I\u0307ktidar Tohumlar\u0131-Osmanl\u0131 C\u0327evre Tarihi U\u0308zerine I\u0307ncelemeler, alan\u0131nda yetkin birc\u0327ok ismin katk\u0131lar\u0131yla deg\u0306erli bir kaynak sag\u0306lamay\u0131 hedefliyor. Uzun su\u0308re hu\u0308ku\u0308m su\u0308rmu\u0308s\u0327 Osmanl\u0131 I\u0307mparatorlug\u0306u\u2019nun c\u0327evre tarihine birc\u0327ok farkl\u0131 ac\u0327\u0131dan, kapsay\u0131c\u0131 bir anlay\u0131s\u0327la bak\u0131yor. Osmanl\u0131lar\u0131n dog\u0306ayla ilis\u0327kisini, bu alanda yapt\u0131g\u0306\u0131 du\u0308zenlemeleri, \u201cdog\u0306ayla bas\u0327a c\u0327\u0131kabilmek\u201d ic\u0327in c\u0327\u0131kard\u0131g\u0306\u0131 mevzuatlar\u0131 inceliyor; \u201cinsanla insan olmayan\u0131n\u201d birbirine olan bag\u0306\u0131ml\u0131l\u0131klar\u0131n\u0131 mercek alt\u0131na al\u0131yor. \u201cKelimenin tam manas\u0131yla Osmanl\u0131 I\u0307mparatorlug\u0306u\u2019nun c\u0327evre tarihi ac\u0327\u0131s\u0131ndan bu\u0308tu\u0308nlu\u0308klu\u0308 ve tutarl\u0131 bir incelemesini sunan bu eser kus\u0327kusuz Osmanl\u0131 ve c\u0327evre tarihc\u0327ileri ic\u0327in, ancak yaln\u0131zca onlar deg\u0306il, erken modern do\u0308nem, 19. yu\u0308zy\u0131l tarihi, bilim tarihi ve Ortadog\u0306u ve I\u0307sla\u0302m tarihi c\u0327al\u0131s\u0327anlar ic\u0327in de c\u0327ok bu\u0308yu\u0308k bir deg\u0306er tas\u0327\u0131d\u0131g\u0306\u0131n\u0131 go\u0308sterecektir.\u201dALAN MIKHAIL <\/p>\n","protected":false},"excerpt":{"rendered":"<p>Genis\u0327 topraklara yay\u0131lm\u0131s\u0327 Osmanl\u0131 I\u0307mparatorlug\u0306u\u2019nun tarihi aras\u0327t\u0131r\u0131l\u0131rken ihmal edilen alanlar\u0131n belki de en bas\u0327\u0131nda c\u0327evre tarihi geliyor. Onur I\u0307nal ve Yavuz Ko\u0308se\u2019nin derledikleri I\u0307ktidar Tohumlar\u0131-Osmanl\u0131 C\u0327evre<span class=\"excerpt-hellip\"> [\u2026]<\/span><\/p>\n","protected":false},"featured_media":0,"template":"","meta":{"_monsterinsights_skip_tracking":false,"_monsterinsights_sitenote_active":false,"_monsterinsights_sitenote_note":"","_monsterinsights_sitenote_category":0},"product_brand":[],"product_cat":[12370,12304],"product_tag":[],"class_list":{"0":"post-746066","1":"product","2":"type-product","3":"status-publish","5":"product_cat-arastirma-inceleme","6":"product_cat-tarih","7":"pa_cilt-ciltsiz","8":"pa_tur-kitap","9":"pa_yayinevi-iletisim-yayinlari","10":"pa_yazar-kolektif","12":"first","13":"instock","14":"sale","15":"shipping-taxable","16":"purchasable","17":"product-type-simple"},"_links":{"self":[{"href":"https:\/\/roveyayinevi.com.tr\/index.php\/wp-json\/wp\/v2\/product\/746066","targetHints":{"allow":["GET"]}}],"collection":[{"href":"https:\/\/roveyayinevi.com.tr\/index.php\/wp-json\/wp\/v2\/product"}],"about":[{"href":"https:\/\/roveyayinevi.com.tr\/index.php\/wp-json\/wp\/v2\/types\/product"}],"wp:attachment":[{"href":"https:\/\/roveyayinevi.com.tr\/index.php\/wp-json\/wp\/v2\/media?parent=746066"}],"wp:term":[{"taxonomy":"product_brand","embeddable":true,"href":"https:\/\/roveyayinevi.com.tr\/index.php\/wp-json\/wp\/v2\/product_brand?post=746066"},{"taxonomy":"product_cat","embeddable":true,"href":"https:\/\/roveyayinevi.com.tr\/index.php\/wp-json\/wp\/v2\/product_cat?post=746066"},{"taxonomy":"product_tag","embeddable":true,"href":"https:\/\/roveyayinevi.com.tr\/index.php\/wp-json\/wp\/v2\/product_tag?post=746066"}],"curies":[{"name":"wp","href":"https:\/\/api.w.org\/{rel}","templated":true}]}}