{"id":746065,"date":"2025-08-28T02:33:55","date_gmt":"2025-08-27T23:33:55","guid":{"rendered":"https:\/\/roveyayinevi.com.tr\/index.php\/urun\/ortaya-karisik\/"},"modified":"2026-04-16T02:58:27","modified_gmt":"2026-04-15T23:58:27","slug":"ortaya-karisik","status":"publish","type":"product","link":"https:\/\/roveyayinevi.com.tr\/index.php\/urun\/ortaya-karisik\/","title":{"rendered":"Ortaya Kar\u0131\u015f\u0131k"},"content":{"rendered":"<p>Ekmek, c\u0327orba, pilav&#8230; Mezopotamya\u2019dan Osmanl\u0131\u2019ya, du\u0308nyan\u0131n do\u0308rt bir yan\u0131ndan c\u0327es\u0327it c\u0327es\u0327it ko\u0308fte&#8230; Tarihte bal\u0131g\u0306a atfedilen simgesel anlamlar, her gec\u0327en gu\u0308n daha az tutulur hale gelen lu\u0308fer, u\u0308zerine s\u0327iirler yaz\u0131lan hamsi, denizlerin \u201cc\u0327irkin kral\u201d\u0131 fener, mitik du\u0308lger bal\u0131g\u0306\u0131, midye dolma&#8230; Nu\u0308fus ka\u0302g\u0306\u0131d\u0131nda \u201cdog\u0306um yeri\u201d olarak I\u0307stanbulTu\u0308rkiye yazan lokum, yap\u0131l\u0131s\u0327\u0131 mu\u0308this\u0327 basit ama lezzetli kar helvas\u0131, ac\u0131badem kurabiyesinin torunu makaronlar, k\u0131s\u0327lar\u0131n vazgec\u0327ilmezi boza&#8230; Ku\u0308reselles\u0327en du\u0308nyan\u0131n, bin bir tu\u0308r c\u0327es\u0327ide sahip zincir kahve du\u0308kka\u0302nlar\u0131yla rekabete giren geleneksel kahvemiz&#8230; Artun U\u0308nsal, Ortaya Kar\u0131s\u0327\u0131k\u2019ta kendine has anlat\u0131m\u0131yla bunlar\u0131n hepsine deg\u0306iniyor. Ama is\u0327i mutfakta, sofrada bitirmeyip \u201cyemek sevdas\u0131\u201d u\u0308stu\u0308ne de du\u0308s\u0327u\u0308nu\u0308yor: \u201cBuldug\u0306unu yutan\u201d onursuz oburlardan cinsel gu\u0308c\u0327 ic\u0327in yiyeceklere bel bag\u0306layanlara, iyi yemek seven ve yapan gastronomlara uzan\u0131yor; Bizans\u2019tan ve Osmanl\u0131\u2019dan gu\u0308nu\u0308mu\u0308ze yemek ku\u0308ltu\u0308ru\u0308mu\u0308zu\u0308n pes\u0327ine tak\u0131l\u0131p seyyar meydan as\u0327c\u0327\u0131lar\u0131na, meyhanelere, esnaf lokantalar\u0131na, lu\u0308ks restoranlara ug\u0306ruyor; sokak mutfag\u0306\u0131na hak ettig\u0306i deg\u0306eri veriyor; kapsaml\u0131 bir yemek\/yemek ku\u0308ltu\u0308ru\u0308 kitaplar\u0131 panoramas\u0131n\u0131n yan\u0131nda mutfag\u0306\u0131m\u0131z\u0131n korunmas\u0131 ve daha da gelis\u0327mesi ic\u0327in go\u0308ru\u0308s\u0327 ve o\u0308nerilerini s\u0131ral\u0131yor. \u201c(&#8230;) I\u0307nsan \u2018yemek yer\u2019, o\u0308teki canl\u0131larsa sadece \u2018yemlenir\u2019, \u2018otlan\u0131r\u2019. (&#8230;) Gerc\u0327ekten, mag\u0306ara adam\u0131ndan gu\u0308nu\u0308mu\u0308ze yemek gereksinimiz ku\u0308ltu\u0308rle yog\u0306rulmus\u0327tur. Yemek bir uygarl\u0131k ve ku\u0308ltu\u0308r is\u0327aretidir. Zira yiyecek u\u0308reten, yemek haline getiren tek canl\u0131 insand\u0131r.\u201d ARTUN U\u0308NSAL<\/p>\n","protected":false},"excerpt":{"rendered":"<p>Ekmek, c\u0327orba, pilav&#8230; Mezopotamya\u2019dan Osmanl\u0131\u2019ya, du\u0308nyan\u0131n do\u0308rt bir yan\u0131ndan c\u0327es\u0327it c\u0327es\u0327it ko\u0308fte&#8230; Tarihte bal\u0131g\u0306a atfedilen simgesel anlamlar, her gec\u0327en gu\u0308n daha az tutulur hale gelen lu\u0308fer,<span class=\"excerpt-hellip\"> [\u2026]<\/span><\/p>\n","protected":false},"featured_media":0,"template":"","meta":{"_monsterinsights_skip_tracking":false,"_monsterinsights_sitenote_active":false,"_monsterinsights_sitenote_note":"","_monsterinsights_sitenote_category":0},"product_brand":[],"product_cat":[12458,12457],"product_tag":[],"class_list":{"0":"post-746065","1":"product","2":"type-product","3":"status-publish","5":"product_cat-turk-mutfagi","6":"product_cat-yemek-kitaplari","7":"pa_cilt-ciltsiz","8":"pa_tur-kitap","9":"pa_yayinevi-iletisim-yayinlari","10":"pa_yazar-artun-unsal","12":"first","13":"instock","14":"sale","15":"shipping-taxable","16":"purchasable","17":"product-type-simple"},"_links":{"self":[{"href":"https:\/\/roveyayinevi.com.tr\/index.php\/wp-json\/wp\/v2\/product\/746065","targetHints":{"allow":["GET"]}}],"collection":[{"href":"https:\/\/roveyayinevi.com.tr\/index.php\/wp-json\/wp\/v2\/product"}],"about":[{"href":"https:\/\/roveyayinevi.com.tr\/index.php\/wp-json\/wp\/v2\/types\/product"}],"wp:attachment":[{"href":"https:\/\/roveyayinevi.com.tr\/index.php\/wp-json\/wp\/v2\/media?parent=746065"}],"wp:term":[{"taxonomy":"product_brand","embeddable":true,"href":"https:\/\/roveyayinevi.com.tr\/index.php\/wp-json\/wp\/v2\/product_brand?post=746065"},{"taxonomy":"product_cat","embeddable":true,"href":"https:\/\/roveyayinevi.com.tr\/index.php\/wp-json\/wp\/v2\/product_cat?post=746065"},{"taxonomy":"product_tag","embeddable":true,"href":"https:\/\/roveyayinevi.com.tr\/index.php\/wp-json\/wp\/v2\/product_tag?post=746065"}],"curies":[{"name":"wp","href":"https:\/\/api.w.org\/{rel}","templated":true}]}}