{"id":746064,"date":"2025-08-28T02:33:53","date_gmt":"2025-08-27T23:33:53","guid":{"rendered":"https:\/\/roveyayinevi.com.tr\/index.php\/urun\/eger-ben-kabil-isem\/"},"modified":"2026-04-13T03:04:37","modified_gmt":"2026-04-13T00:04:37","slug":"eger-ben-kabil-isem","status":"publish","type":"product","link":"https:\/\/roveyayinevi.com.tr\/index.php\/urun\/eger-ben-kabil-isem\/","title":{"rendered":"E\u011fer Ben Kabil \u0130sem"},"content":{"rendered":"<p>Bizim civarda \u201cgo\u0308nlu\u0308 inanc\u0327l\u0131lar kardes\u0327 yarat\u0131lm\u0131s\u0327t\u0131r\u201d deyip kimse hanesini haremlik ve selaml\u0131k diye bo\u0308lmezdi. I\u0307kilik hanede, devlette, cihanda ve Tanr\u0131 kat\u0131nda ug\u0306ursuzdu. Ama ayr\u0131lmal\u0131ym\u0131s\u0327 meg\u0306er! Emre Tas\u0327, Tuna k\u0131y\u0131s\u0131ndaki ku\u0308c\u0327u\u0308k bir kasabada bas\u0327lay\u0131p bu\u0308yu\u0308yen bir hika\u0302ye anlat\u0131yor. S\u0327eyh Bedreddin I\u0307syan\u0131\u2019na kat\u0131lanlar\u0131n soyundan gelen bir kad\u0131, onun babas\u0131n\u0131n mu\u0308ridi Sevindik Bey, bu beyin ak\u0131nc\u0131 og\u0306ullar\u0131, gec\u0327imsiz torunlar\u0131&#8230; Kanunlar\u0131, fetvalar\u0131, bazen s\u0327as\u0327aas\u0131, bazen akla hayale s\u0131g\u0306mayacak ku\u0308c\u0327u\u0308k hesaplar\u0131yla Osmanl\u0131&#8230; Hayat ile memat aras\u0131ndaki o belirsiz ve tedirgin edici nokta. I\u0307ntikam ve bag\u0306\u0131s\u0327layamama. Kim kime du\u0308s\u0327man, kim kime dost? Kim kime Habil, kim kime Ka\u0302bil? Eg\u0306er Ben Ka\u0302bil I\u0307sem, so\u0308ylene so\u0308ylene rivayete do\u0308nu\u0308s\u0327enleri, orada o\u0308lu\u0308p burada dog\u0306anlar\u0131 kayda gec\u0327iren bu\u0308yu\u0308lu\u0308 bir roman: Tarihle menk\u0131benin, meddah hika\u0302yeleriyle hat\u0131ralar\u0131n kesis\u0327tig\u0306i yerde&#8230;<\/p>\n","protected":false},"excerpt":{"rendered":"<p>Bizim civarda \u201cgo\u0308nlu\u0308 inanc\u0327l\u0131lar kardes\u0327 yarat\u0131lm\u0131s\u0327t\u0131r\u201d deyip kimse hanesini haremlik ve selaml\u0131k diye bo\u0308lmezdi. I\u0307kilik hanede, devlette, cihanda ve Tanr\u0131 kat\u0131nda ug\u0306ursuzdu. Ama ayr\u0131lmal\u0131ym\u0131s\u0327 meg\u0306er! Emre<span class=\"excerpt-hellip\"> [\u2026]<\/span><\/p>\n","protected":false},"featured_media":0,"template":"","meta":{"_monsterinsights_skip_tracking":false,"_monsterinsights_sitenote_active":false,"_monsterinsights_sitenote_note":"","_monsterinsights_sitenote_category":0},"product_brand":[],"product_cat":[12291,12711],"product_tag":[],"class_list":{"0":"post-746064","1":"product","2":"type-product","3":"status-publish","5":"product_cat-edebiyat","6":"product_cat-roman-oyku","7":"pa_cilt-ciltsiz","8":"pa_tur-kitap","9":"pa_yayinevi-iletisim-yayinlari","10":"pa_yazar-emre-tas","12":"first","13":"instock","14":"sale","15":"shipping-taxable","16":"purchasable","17":"product-type-simple"},"_links":{"self":[{"href":"https:\/\/roveyayinevi.com.tr\/index.php\/wp-json\/wp\/v2\/product\/746064","targetHints":{"allow":["GET"]}}],"collection":[{"href":"https:\/\/roveyayinevi.com.tr\/index.php\/wp-json\/wp\/v2\/product"}],"about":[{"href":"https:\/\/roveyayinevi.com.tr\/index.php\/wp-json\/wp\/v2\/types\/product"}],"wp:attachment":[{"href":"https:\/\/roveyayinevi.com.tr\/index.php\/wp-json\/wp\/v2\/media?parent=746064"}],"wp:term":[{"taxonomy":"product_brand","embeddable":true,"href":"https:\/\/roveyayinevi.com.tr\/index.php\/wp-json\/wp\/v2\/product_brand?post=746064"},{"taxonomy":"product_cat","embeddable":true,"href":"https:\/\/roveyayinevi.com.tr\/index.php\/wp-json\/wp\/v2\/product_cat?post=746064"},{"taxonomy":"product_tag","embeddable":true,"href":"https:\/\/roveyayinevi.com.tr\/index.php\/wp-json\/wp\/v2\/product_tag?post=746064"}],"curies":[{"name":"wp","href":"https:\/\/api.w.org\/{rel}","templated":true}]}}