{"id":746063,"date":"2025-08-28T02:33:52","date_gmt":"2025-08-27T23:33:52","guid":{"rendered":"https:\/\/roveyayinevi.com.tr\/index.php\/urun\/foucault-ve-seyler\/"},"modified":"2026-04-16T02:58:27","modified_gmt":"2026-04-15T23:58:27","slug":"foucault-ve-seyler","status":"publish","type":"product","link":"https:\/\/roveyayinevi.com.tr\/index.php\/urun\/foucault-ve-seyler\/","title":{"rendered":"Foucault ve \u015eeyler"},"content":{"rendered":"<p>O\u011fuz \u0130nel bu kurmaca s\u00f6yle\u015fide Michel Foucault\u2019nun metinleriyle diyalo\u011fa giriyor. Delili\u011fin Tarihi, Hapishanenin Do\u011fu\u015fu, Kelimeler ve \u015eeyler, Cinselli\u011fin Tarihi gibi kitaplardan yola \u00e7\u0131k\u0131larak ele al\u0131nan bir d\u00fc\u015f\u00fcnce, filozofun ba\u015fka metinlerde dile getirdi\u011fi d\u00fc\u015f\u00fcnceleriyle a\u00e7\u0131klan\u0131p geli\u015ftiriliyor. Ayn\u0131 \u015fekilde Foucault kendisine y\u00f6neltilen ele\u015ftirilerle de kar\u015f\u0131la\u015f\u0131yor ve  bunlar\u0131 yan\u0131tl\u0131yor. Filozofun devasa yap\u0131t\u0131na kendine \u00f6zg\u00fc bir giri\u015f olarak okunabilir bu \u00e7al\u0131\u015fma.. <\/p>\n","protected":false},"excerpt":{"rendered":"<p>O\u011fuz \u0130nel bu kurmaca s\u00f6yle\u015fide Michel Foucault\u2019nun metinleriyle diyalo\u011fa giriyor. Delili\u011fin Tarihi, Hapishanenin Do\u011fu\u015fu, Kelimeler ve \u015eeyler, Cinselli\u011fin Tarihi gibi kitaplardan yola \u00e7\u0131k\u0131larak ele al\u0131nan bir<span class=\"excerpt-hellip\"> [\u2026]<\/span><\/p>\n","protected":false},"featured_media":0,"template":"","meta":{"_monsterinsights_skip_tracking":false,"_monsterinsights_sitenote_active":false,"_monsterinsights_sitenote_note":"","_monsterinsights_sitenote_category":0},"product_brand":[],"product_cat":[12389,12388],"product_tag":[],"class_list":{"0":"post-746063","1":"product","2":"type-product","3":"status-publish","5":"product_cat-diger-felsefe","6":"product_cat-felsefe","7":"pa_cilt-ciltsiz","8":"pa_tur-kitap","9":"pa_yayinevi-metis-yayinlari","10":"pa_yazar-michel-foucault-oguz-inel","12":"first","13":"instock","14":"sale","15":"shipping-taxable","16":"purchasable","17":"product-type-simple"},"_links":{"self":[{"href":"https:\/\/roveyayinevi.com.tr\/index.php\/wp-json\/wp\/v2\/product\/746063","targetHints":{"allow":["GET"]}}],"collection":[{"href":"https:\/\/roveyayinevi.com.tr\/index.php\/wp-json\/wp\/v2\/product"}],"about":[{"href":"https:\/\/roveyayinevi.com.tr\/index.php\/wp-json\/wp\/v2\/types\/product"}],"wp:attachment":[{"href":"https:\/\/roveyayinevi.com.tr\/index.php\/wp-json\/wp\/v2\/media?parent=746063"}],"wp:term":[{"taxonomy":"product_brand","embeddable":true,"href":"https:\/\/roveyayinevi.com.tr\/index.php\/wp-json\/wp\/v2\/product_brand?post=746063"},{"taxonomy":"product_cat","embeddable":true,"href":"https:\/\/roveyayinevi.com.tr\/index.php\/wp-json\/wp\/v2\/product_cat?post=746063"},{"taxonomy":"product_tag","embeddable":true,"href":"https:\/\/roveyayinevi.com.tr\/index.php\/wp-json\/wp\/v2\/product_tag?post=746063"}],"curies":[{"name":"wp","href":"https:\/\/api.w.org\/{rel}","templated":true}]}}