{"id":746061,"date":"2025-08-28T02:33:50","date_gmt":"2025-08-27T23:33:50","guid":{"rendered":"https:\/\/roveyayinevi.com.tr\/index.php\/urun\/bahar-dusu\/"},"modified":"2026-04-05T03:02:51","modified_gmt":"2026-04-05T00:02:51","slug":"bahar-dusu","status":"publish","type":"product","link":"https:\/\/roveyayinevi.com.tr\/index.php\/urun\/bahar-dusu\/","title":{"rendered":"Bahar D\u00fc\u015f\u00fc"},"content":{"rendered":"<p>\u201cderinden g\u00f6\u011fe sonsuz bir d\u00f6ng\u00fc \u00e7izdim. a\u00e7\u0131ktan ba\u015flad\u0131m koyuya gittim.\u201d   Bu kitab\u0131n dizelerinde ya\u015fanm\u0131\u015f, ya\u015fanan ve ya\u015fanacaklara dair pek \u00e7ok ger\u00e7e\u011fi, hayali, duyguyu ve d\u00fc\u015f\u00fcnceyi bulacaks\u0131n\u0131z. Bilmedi\u011fim, bilmedi\u011fini bildi\u011fim mehtapl\u0131 bir yolda y\u0131ld\u0131zlara kavu\u015fmakt\u0131 dile\u011fim diyen m\u0131sralarda, \u201cdo\u011fa\u201d, \u201chayat\u201d ve \u201cinsan\u201da dair farkl\u0131 bir yolculu\u011fa \u00e7\u0131karken, \u015fiirler; hayallerim, hayallerime sahip \u00e7\u0131kamay\u0131\u015f\u0131na isyanda diyecek. Ceylin Erbak Aytekin\u2019in kaleminden bizlere ula\u015fan Bahar D\u00fc\u015f\u00fc farkl\u0131 bir \u015fiir kitab\u0131 olarak hem ge\u00e7mi\u015f hem de g\u00fcn\u00fcm\u00fcz d\u00fcnyas\u0131na zarafetle \u00e7entik at\u0131yor.     <\/p>\n","protected":false},"excerpt":{"rendered":"<p>\u201cderinden g\u00f6\u011fe sonsuz bir d\u00f6ng\u00fc \u00e7izdim. a\u00e7\u0131ktan ba\u015flad\u0131m koyuya gittim.\u201d Bu kitab\u0131n dizelerinde ya\u015fanm\u0131\u015f, ya\u015fanan ve ya\u015fanacaklara dair pek \u00e7ok ger\u00e7e\u011fi, hayali, duyguyu ve d\u00fc\u015f\u00fcnceyi bulacaks\u0131n\u0131z.<span class=\"excerpt-hellip\"> [\u2026]<\/span><\/p>\n","protected":false},"featured_media":0,"template":"","meta":{"_monsterinsights_skip_tracking":false,"_monsterinsights_sitenote_active":false,"_monsterinsights_sitenote_note":"","_monsterinsights_sitenote_category":0},"product_brand":[],"product_cat":[12291,12509],"product_tag":[],"class_list":{"0":"post-746061","1":"product","2":"type-product","3":"status-publish","5":"product_cat-edebiyat","6":"product_cat-siir","7":"pa_cilt-ciltsiz","8":"pa_tur-kitap","9":"pa_yayinevi-kara-karga-yayinlari","10":"pa_yazar-ceylin-erbak-aytekin","12":"first","13":"instock","14":"sale","15":"shipping-taxable","16":"purchasable","17":"product-type-simple"},"_links":{"self":[{"href":"https:\/\/roveyayinevi.com.tr\/index.php\/wp-json\/wp\/v2\/product\/746061","targetHints":{"allow":["GET"]}}],"collection":[{"href":"https:\/\/roveyayinevi.com.tr\/index.php\/wp-json\/wp\/v2\/product"}],"about":[{"href":"https:\/\/roveyayinevi.com.tr\/index.php\/wp-json\/wp\/v2\/types\/product"}],"wp:attachment":[{"href":"https:\/\/roveyayinevi.com.tr\/index.php\/wp-json\/wp\/v2\/media?parent=746061"}],"wp:term":[{"taxonomy":"product_brand","embeddable":true,"href":"https:\/\/roveyayinevi.com.tr\/index.php\/wp-json\/wp\/v2\/product_brand?post=746061"},{"taxonomy":"product_cat","embeddable":true,"href":"https:\/\/roveyayinevi.com.tr\/index.php\/wp-json\/wp\/v2\/product_cat?post=746061"},{"taxonomy":"product_tag","embeddable":true,"href":"https:\/\/roveyayinevi.com.tr\/index.php\/wp-json\/wp\/v2\/product_tag?post=746061"}],"curies":[{"name":"wp","href":"https:\/\/api.w.org\/{rel}","templated":true}]}}