{"id":746060,"date":"2025-08-28T02:33:49","date_gmt":"2025-08-27T23:33:49","guid":{"rendered":"https:\/\/roveyayinevi.com.tr\/index.php\/urun\/surdurulebilir-yasam-gunlugu-2023\/"},"modified":"2026-04-16T02:58:27","modified_gmt":"2026-04-15T23:58:27","slug":"surdurulebilir-yasam-gunlugu-2023","status":"publish","type":"product","link":"https:\/\/roveyayinevi.com.tr\/index.php\/urun\/surdurulebilir-yasam-gunlugu-2023\/","title":{"rendered":"S\u00fcrd\u00fcr\u00fclebilir Ya\u015fam G\u00fcnl\u00fc\u011f\u00fc 2023"},"content":{"rendered":"<p>Bu y\u0131l bireysel hedeflerinizin yerini gezegen i\u00e7in hedefleriniz als\u0131n. K\u00fcresel Ama\u00e7lar\u2019\u0131 kendinize ilke edinin. Hayat\u0131n\u0131z\u0131 s\u00fcrd\u00fcr\u00fcrken ald\u0131\u011f\u0131n\u0131z kararlarda, kendiniz kadar do\u011fay\u0131 ve \u00fczerinde ya\u015fayan di\u011fer canl\u0131lar\u0131 da d\u00fc\u015f\u00fcn\u00fcn\u2026 2023 S\u00fcrd\u00fcr\u00fclebilir Ya\u015fam G\u00fcnl\u00fc\u011f\u00fc\u2019nde K\u00fcresel Ama\u00e7lar kapsam\u0131nda hem bedeninizi hem de gezegeni besleyecek \u00f6nerilere yer verdik. Hem bireyi, hem gezegeni besleyen ve iyi ya\u015fam\u0131 \u00f6\u011freten S\u00fcrd\u00fcr\u00fclebilir Ya\u015fam G\u00fcnl\u00fc\u011f\u00fc ile bir y\u0131l sonunda bamba\u015fka bir insan olabilirsiniz!   Bu proje Birle\u015fmi\u015f Milletlerin S\u00fcrd\u00fcr\u00fclebilir Kalk\u0131nma i\u00e7in belirledi\u011fi K\u00fcresel Ama\u00e7lar\u0131n en az 12 tanesini desteklemektedir. <\/p>\n","protected":false},"excerpt":{"rendered":"<p>Bu y\u0131l bireysel hedeflerinizin yerini gezegen i\u00e7in hedefleriniz als\u0131n. K\u00fcresel Ama\u00e7lar\u2019\u0131 kendinize ilke edinin. Hayat\u0131n\u0131z\u0131 s\u00fcrd\u00fcr\u00fcrken ald\u0131\u011f\u0131n\u0131z kararlarda, kendiniz kadar do\u011fay\u0131 ve \u00fczerinde ya\u015fayan di\u011fer canl\u0131lar\u0131<span class=\"excerpt-hellip\"> [\u2026]<\/span><\/p>\n","protected":false},"featured_media":0,"template":"","meta":{"_monsterinsights_skip_tracking":false,"_monsterinsights_sitenote_active":false,"_monsterinsights_sitenote_note":"","_monsterinsights_sitenote_category":0},"product_brand":[],"product_cat":[13772,12364],"product_tag":[],"class_list":{"0":"post-746060","1":"product","2":"type-product","3":"status-publish","5":"product_cat-basvuru-kitaplari","6":"product_cat-genel-konular","7":"pa_cilt-ciltsiz","8":"pa_tur-kitap","9":"pa_yayinevi-alfa-yayinlari","10":"pa_yazar-dilara-kocak","12":"first","13":"instock","14":"sale","15":"shipping-taxable","16":"purchasable","17":"product-type-simple"},"_links":{"self":[{"href":"https:\/\/roveyayinevi.com.tr\/index.php\/wp-json\/wp\/v2\/product\/746060","targetHints":{"allow":["GET"]}}],"collection":[{"href":"https:\/\/roveyayinevi.com.tr\/index.php\/wp-json\/wp\/v2\/product"}],"about":[{"href":"https:\/\/roveyayinevi.com.tr\/index.php\/wp-json\/wp\/v2\/types\/product"}],"wp:attachment":[{"href":"https:\/\/roveyayinevi.com.tr\/index.php\/wp-json\/wp\/v2\/media?parent=746060"}],"wp:term":[{"taxonomy":"product_brand","embeddable":true,"href":"https:\/\/roveyayinevi.com.tr\/index.php\/wp-json\/wp\/v2\/product_brand?post=746060"},{"taxonomy":"product_cat","embeddable":true,"href":"https:\/\/roveyayinevi.com.tr\/index.php\/wp-json\/wp\/v2\/product_cat?post=746060"},{"taxonomy":"product_tag","embeddable":true,"href":"https:\/\/roveyayinevi.com.tr\/index.php\/wp-json\/wp\/v2\/product_tag?post=746060"}],"curies":[{"name":"wp","href":"https:\/\/api.w.org\/{rel}","templated":true}]}}