{"id":746059,"date":"2025-08-28T02:33:48","date_gmt":"2025-08-27T23:33:48","guid":{"rendered":"https:\/\/roveyayinevi.com.tr\/index.php\/urun\/kuantum-bilgisayarlari\/"},"modified":"2026-04-16T02:58:27","modified_gmt":"2026-04-15T23:58:27","slug":"kuantum-bilgisayarlari","status":"publish","type":"product","link":"https:\/\/roveyayinevi.com.tr\/index.php\/urun\/kuantum-bilgisayarlari\/","title":{"rendered":"Kuantum Bilgisayarlar\u0131"},"content":{"rendered":"<p>Bilgisayar teknolojisi son elli y\u0131l boyunca \u00e7ok h\u0131zl\u0131 geli\u015fti. Fakat \u00f6yle g\u00f6r\u00fcn\u00fcyor ki m\u00fchendisler bir \u00e7ipin \u00fczerine art\u0131k daha fazla transist\u00f6r s\u0131\u011fd\u0131ramayacaklar. Umudumuz, kuantum fizi\u011fini elektroni\u011fe daha yarat\u0131c\u0131 bi\u00e7imde uygulamakta. Elektrik almad\u0131\u011f\u0131 zaman bile bilgi saklayabilen yeni tip bellekler ya da eski yava\u015f bilgisayar\u0131n\u0131z\u0131 u\u00e7uran yeni tip (SSD) hard diskler ileride olacaklar\u0131n habercisi gibi. G\u00fcc\u00fcn\u00fc transist\u00f6r say\u0131s\u0131ndan de\u011fil kuantum garipliklerinden alan kuantum bilgisayar\u0131 bilgi arama veya g\u00fcvenlik duvarlar\u0131n\u0131 a\u015fma i\u015fini \u00e7ok h\u0131zland\u0131racak. Ancak, bir kuantum bilgisayar\u0131 yapmak \u00e7ok zor. T\u00fcm d\u00fcnyada y\u00fczlerce laboratuvar bu i\u015f \u00fczerinde \u00e7al\u0131\u015f\u0131yor olsa da, kuantum bilgisayar\u0131 geleneksel bilgisayar\u0131n performans\u0131n\u0131 ge\u00e7ece\u011fi noktaya daha yeni yeni yakla\u015f\u0131yor. Bu kolay okunan ve anla\u015f\u0131lan kitapta Brian Clegg kuantum bilgisayar\u0131 yapmak i\u00e7in kuantum fizi\u011finin hangi \u00f6zelliklerinden faydalanmak gerekti\u011fini ortaya koyuyor. <\/p>\n","protected":false},"excerpt":{"rendered":"<p>Bilgisayar teknolojisi son elli y\u0131l boyunca \u00e7ok h\u0131zl\u0131 geli\u015fti. Fakat \u00f6yle g\u00f6r\u00fcn\u00fcyor ki m\u00fchendisler bir \u00e7ipin \u00fczerine art\u0131k daha fazla transist\u00f6r s\u0131\u011fd\u0131ramayacaklar. Umudumuz, kuantum fizi\u011fini elektroni\u011fe<span class=\"excerpt-hellip\"> [\u2026]<\/span><\/p>\n","protected":false},"featured_media":0,"template":"","meta":{"_monsterinsights_skip_tracking":false,"_monsterinsights_sitenote_active":false,"_monsterinsights_sitenote_note":"","_monsterinsights_sitenote_category":0},"product_brand":[],"product_cat":[13005,13006],"product_tag":[],"class_list":{"0":"post-746059","1":"product","2":"type-product","3":"status-publish","5":"product_cat-bilim-muhendislik","6":"product_cat-populer-bilim","7":"pa_cilt-ciltsiz","8":"pa_tur-kitap","9":"pa_yayinevi-say-yayinlari","10":"pa_yazar-brian-clegg","12":"first","13":"instock","14":"sale","15":"shipping-taxable","16":"purchasable","17":"product-type-simple"},"_links":{"self":[{"href":"https:\/\/roveyayinevi.com.tr\/index.php\/wp-json\/wp\/v2\/product\/746059","targetHints":{"allow":["GET"]}}],"collection":[{"href":"https:\/\/roveyayinevi.com.tr\/index.php\/wp-json\/wp\/v2\/product"}],"about":[{"href":"https:\/\/roveyayinevi.com.tr\/index.php\/wp-json\/wp\/v2\/types\/product"}],"wp:attachment":[{"href":"https:\/\/roveyayinevi.com.tr\/index.php\/wp-json\/wp\/v2\/media?parent=746059"}],"wp:term":[{"taxonomy":"product_brand","embeddable":true,"href":"https:\/\/roveyayinevi.com.tr\/index.php\/wp-json\/wp\/v2\/product_brand?post=746059"},{"taxonomy":"product_cat","embeddable":true,"href":"https:\/\/roveyayinevi.com.tr\/index.php\/wp-json\/wp\/v2\/product_cat?post=746059"},{"taxonomy":"product_tag","embeddable":true,"href":"https:\/\/roveyayinevi.com.tr\/index.php\/wp-json\/wp\/v2\/product_tag?post=746059"}],"curies":[{"name":"wp","href":"https:\/\/api.w.org\/{rel}","templated":true}]}}