{"id":746057,"date":"2025-08-28T02:33:45","date_gmt":"2025-08-27T23:33:45","guid":{"rendered":"https:\/\/roveyayinevi.com.tr\/index.php\/urun\/aramizdaki-golgeler\/"},"modified":"2026-04-13T03:04:37","modified_gmt":"2026-04-13T00:04:37","slug":"aramizdaki-golgeler","status":"publish","type":"product","link":"https:\/\/roveyayinevi.com.tr\/index.php\/urun\/aramizdaki-golgeler\/","title":{"rendered":"Aram\u0131zdaki G\u00f6lgeler"},"content":{"rendered":"<p>\u00c2\u015f\u0131klar\u0131m bana g\u00fczel hediyeler verme ihtiyac\u0131 duyuyordu. Hem de olduk\u00e7a pahal\u0131 hediyeler\u2026 S\u0131rlar\u0131n\u0131 \u00f6\u011frenmek, onlar\u0131 ba\u015ftan \u00e7\u0131karmak ve beni hediye ya\u011fmuruna tutmalar\u0131n\u0131 sa\u011flamak ise i\u015fin e\u011flenceli yan\u0131 say\u0131l\u0131rd\u0131. Ama d\u00fcr\u00fcst olmam gerekirse\u2026 S\u0131k\u0131lm\u0131\u015ft\u0131m. Ve akl\u0131mda yeni bir oyun vard\u0131. Kral\u0131n g\u00f6z\u00fcne girecektim. Bana \u00e7aresizce \u00e2\u015f\u0131k olmas\u0131 i\u00e7in bir ay yeterliydi. Ve o bana evlilik teklif etti\u011finde hayat\u0131mda ilk kez buna evet diyecektim. Resmen evlendi\u011fimizde ise\u2026 G\u00f6lge Kral&#8217;\u0131 \u00f6ld\u00fcr\u00fcp krall\u0131\u011f\u0131n\u0131 ele ge\u00e7irecektim. <\/p>\n","protected":false},"excerpt":{"rendered":"<p>\u00c2\u015f\u0131klar\u0131m bana g\u00fczel hediyeler verme ihtiyac\u0131 duyuyordu. Hem de olduk\u00e7a pahal\u0131 hediyeler\u2026 S\u0131rlar\u0131n\u0131 \u00f6\u011frenmek, onlar\u0131 ba\u015ftan \u00e7\u0131karmak ve beni hediye ya\u011fmuruna tutmalar\u0131n\u0131 sa\u011flamak ise i\u015fin e\u011flenceli<span class=\"excerpt-hellip\"> [\u2026]<\/span><\/p>\n","protected":false},"featured_media":0,"template":"","meta":{"_monsterinsights_skip_tracking":false,"_monsterinsights_sitenote_active":false,"_monsterinsights_sitenote_note":"","_monsterinsights_sitenote_category":0},"product_brand":[],"product_cat":[12291,14777],"product_tag":[],"class_list":{"0":"post-746057","1":"product","2":"type-product","3":"status-publish","5":"product_cat-edebiyat","6":"product_cat-fantastik","7":"pa_cilt-ciltsiz","8":"pa_tur-kitap","9":"pa_yayinevi-marti-yayinlari","10":"pa_yazar-tricia-levenseller","12":"first","13":"instock","14":"sale","15":"shipping-taxable","16":"purchasable","17":"product-type-simple"},"_links":{"self":[{"href":"https:\/\/roveyayinevi.com.tr\/index.php\/wp-json\/wp\/v2\/product\/746057","targetHints":{"allow":["GET"]}}],"collection":[{"href":"https:\/\/roveyayinevi.com.tr\/index.php\/wp-json\/wp\/v2\/product"}],"about":[{"href":"https:\/\/roveyayinevi.com.tr\/index.php\/wp-json\/wp\/v2\/types\/product"}],"wp:attachment":[{"href":"https:\/\/roveyayinevi.com.tr\/index.php\/wp-json\/wp\/v2\/media?parent=746057"}],"wp:term":[{"taxonomy":"product_brand","embeddable":true,"href":"https:\/\/roveyayinevi.com.tr\/index.php\/wp-json\/wp\/v2\/product_brand?post=746057"},{"taxonomy":"product_cat","embeddable":true,"href":"https:\/\/roveyayinevi.com.tr\/index.php\/wp-json\/wp\/v2\/product_cat?post=746057"},{"taxonomy":"product_tag","embeddable":true,"href":"https:\/\/roveyayinevi.com.tr\/index.php\/wp-json\/wp\/v2\/product_tag?post=746057"}],"curies":[{"name":"wp","href":"https:\/\/api.w.org\/{rel}","templated":true}]}}