{"id":746056,"date":"2025-08-28T02:33:44","date_gmt":"2025-08-27T23:33:44","guid":{"rendered":"https:\/\/roveyayinevi.com.tr\/index.php\/urun\/fare-kral\/"},"modified":"2026-04-16T02:58:27","modified_gmt":"2026-04-15T23:58:27","slug":"fare-kral","status":"publish","type":"product","link":"https:\/\/roveyayinevi.com.tr\/index.php\/urun\/fare-kral\/","title":{"rendered":"Fare Kral"},"content":{"rendered":"<p>11 kitapl\u0131k Komiser Zen serisinin bu ilk kitab\u0131nda Komiser Aurelio Zen, d\u00fczene kafa tutar ve girdi\u011fi m\u00fccadeleyi kaybeder. Bir zaman sonra \u0130talya\u2019n\u0131n en kudretli ailelerinden birinin reisi, fabrikat\u00f6r Ruggiero Miletti ka\u00e7\u0131r\u0131l\u0131nca soru\u015fturmay\u0131 y\u00fcr\u00fctmek \u00fczere Perugia\u2019ya g\u00f6nderilir. Ancak Komiser Zen\u2019in ba\u015far\u0131l\u0131 olmas\u0131n\u0131 isteyen yoktur: ne otoriteler ne de fabrikat\u00f6r\u00fcn \u00e7ocuklar\u0131. Miletti\u2019yi kimler ka\u00e7\u0131rm\u0131\u015f olabilir? Ka\u00e7\u0131ran ki\u015fi aileye yak\u0131n biri miydi? \u00c7ocuklar\u0131n\u0131n bu i\u015fte parma\u011f\u0131 var m\u0131? Michael Dibdin, okura gerilim dolu bir hik\u00e2ye vadediyor.   \u201c\u00dcslubu ve hayal g\u00fcc\u00fc mevzubahis oldu\u011funda Dibdin\u2019le a\u015f\u0131k atabilecek kimseyi bulamazs\u0131n\u0131z.\u201d \u2013Sunday Telegraph   \u201cDibdin\u2019in en sa\u011flam okuru bile deh\u015fete d\u00fc\u015f\u00fcren bir arma\u011fan\u0131 var.\u201d \u2013Ruth Rendell <\/p>\n","protected":false},"excerpt":{"rendered":"<p>11 kitapl\u0131k Komiser Zen serisinin bu ilk kitab\u0131nda Komiser Aurelio Zen, d\u00fczene kafa tutar ve girdi\u011fi m\u00fccadeleyi kaybeder. Bir zaman sonra \u0130talya\u2019n\u0131n en kudretli ailelerinden birinin<span class=\"excerpt-hellip\"> [\u2026]<\/span><\/p>\n","protected":false},"featured_media":0,"template":"","meta":{"_monsterinsights_skip_tracking":false,"_monsterinsights_sitenote_active":false,"_monsterinsights_sitenote_note":"","_monsterinsights_sitenote_category":0},"product_brand":[],"product_cat":[12291,12711],"product_tag":[],"class_list":{"0":"post-746056","1":"product","2":"type-product","3":"status-publish","5":"product_cat-edebiyat","6":"product_cat-roman-oyku","7":"pa_cilt-ciltsiz","8":"pa_tur-kitap","9":"pa_yayinevi-alfa-yayinlari","10":"pa_yazar-michael-dibdin","12":"first","13":"instock","14":"sale","15":"shipping-taxable","16":"purchasable","17":"product-type-simple"},"_links":{"self":[{"href":"https:\/\/roveyayinevi.com.tr\/index.php\/wp-json\/wp\/v2\/product\/746056","targetHints":{"allow":["GET"]}}],"collection":[{"href":"https:\/\/roveyayinevi.com.tr\/index.php\/wp-json\/wp\/v2\/product"}],"about":[{"href":"https:\/\/roveyayinevi.com.tr\/index.php\/wp-json\/wp\/v2\/types\/product"}],"wp:attachment":[{"href":"https:\/\/roveyayinevi.com.tr\/index.php\/wp-json\/wp\/v2\/media?parent=746056"}],"wp:term":[{"taxonomy":"product_brand","embeddable":true,"href":"https:\/\/roveyayinevi.com.tr\/index.php\/wp-json\/wp\/v2\/product_brand?post=746056"},{"taxonomy":"product_cat","embeddable":true,"href":"https:\/\/roveyayinevi.com.tr\/index.php\/wp-json\/wp\/v2\/product_cat?post=746056"},{"taxonomy":"product_tag","embeddable":true,"href":"https:\/\/roveyayinevi.com.tr\/index.php\/wp-json\/wp\/v2\/product_tag?post=746056"}],"curies":[{"name":"wp","href":"https:\/\/api.w.org\/{rel}","templated":true}]}}