{"id":746054,"date":"2025-08-28T02:33:41","date_gmt":"2025-08-27T23:33:41","guid":{"rendered":"https:\/\/roveyayinevi.com.tr\/index.php\/urun\/joker-olduren-gulumseme\/"},"modified":"2026-04-16T02:58:27","modified_gmt":"2026-04-15T23:58:27","slug":"joker-olduren-gulumseme","status":"publish","type":"product","link":"https:\/\/roveyayinevi.com.tr\/index.php\/urun\/joker-olduren-gulumseme\/","title":{"rendered":"Joker: \u00d6ld\u00fcren G\u00fcl\u00fcmseme"},"content":{"rendered":"<p>Arkham T\u0131marhanesi her zaman Batman\u2019in en az\u0131l\u0131 d\u00fc\u015fmanlar\u0131na ev sahipli\u011fi yapm\u0131\u015ft\u0131r -tabii en tehlikelisine de: Joker\u2019e! Hi\u00e7bir psikolog ya da psikoterapist, Joker\u2019in zihnini pen\u00e7esine alan delili\u011fin ard\u0131na ge\u00e7emedi. Hatta \u00e7o\u011fu denerken bu delili\u011fe kar\u015f\u0131 yenik d\u00fc\u015ft\u00fc. Fakat Doktor Ben Arnell, kendisinin farkl\u0131 oldu\u011funu ve delili\u011fin i\u00e7indeki adama ula\u015f\u0131p en nihayetinde onu iyile\u015ftirebilece\u011fini d\u00fc\u015f\u00fcn\u00fcyor. Doktor Arnell, kendisiyle Joker\u2019in g\u00f6zlerinin ard\u0131nda yatan cezbedici bo\u015flu\u011fun aras\u0131na ge\u00e7it vermez bir duvar koyabilece\u011fine ve i\u015f yerinde ne ya\u015farsa ya\u015fas\u0131n karanl\u0131\u011f\u0131 ailesinden uzakta tutabilece\u011fine inan\u0131yor. Oysa \u00e7ok ama \u00e7ok yan\u0131l\u0131yor.<\/p>\n","protected":false},"excerpt":{"rendered":"<p>Arkham T\u0131marhanesi her zaman Batman\u2019in en az\u0131l\u0131 d\u00fc\u015fmanlar\u0131na ev sahipli\u011fi yapm\u0131\u015ft\u0131r -tabii en tehlikelisine de: Joker\u2019e! Hi\u00e7bir psikolog ya da psikoterapist, Joker\u2019in zihnini pen\u00e7esine alan delili\u011fin<span class=\"excerpt-hellip\"> [\u2026]<\/span><\/p>\n","protected":false},"featured_media":0,"template":"","meta":{"_monsterinsights_skip_tracking":false,"_monsterinsights_sitenote_active":false,"_monsterinsights_sitenote_note":"","_monsterinsights_sitenote_category":0},"product_brand":[],"product_cat":[12416,12291],"product_tag":[],"class_list":{"0":"post-746054","1":"product","2":"type-product","3":"status-publish","5":"product_cat-cizgi-roman","6":"product_cat-edebiyat","7":"pa_cilt-ciltsiz","8":"pa_tur-kitap","9":"pa_yayinevi-jbc-yayincilik","10":"pa_yazar-jeff-lemire","12":"first","13":"instock","14":"sale","15":"shipping-taxable","16":"purchasable","17":"product-type-simple"},"_links":{"self":[{"href":"https:\/\/roveyayinevi.com.tr\/index.php\/wp-json\/wp\/v2\/product\/746054","targetHints":{"allow":["GET"]}}],"collection":[{"href":"https:\/\/roveyayinevi.com.tr\/index.php\/wp-json\/wp\/v2\/product"}],"about":[{"href":"https:\/\/roveyayinevi.com.tr\/index.php\/wp-json\/wp\/v2\/types\/product"}],"wp:attachment":[{"href":"https:\/\/roveyayinevi.com.tr\/index.php\/wp-json\/wp\/v2\/media?parent=746054"}],"wp:term":[{"taxonomy":"product_brand","embeddable":true,"href":"https:\/\/roveyayinevi.com.tr\/index.php\/wp-json\/wp\/v2\/product_brand?post=746054"},{"taxonomy":"product_cat","embeddable":true,"href":"https:\/\/roveyayinevi.com.tr\/index.php\/wp-json\/wp\/v2\/product_cat?post=746054"},{"taxonomy":"product_tag","embeddable":true,"href":"https:\/\/roveyayinevi.com.tr\/index.php\/wp-json\/wp\/v2\/product_tag?post=746054"}],"curies":[{"name":"wp","href":"https:\/\/api.w.org\/{rel}","templated":true}]}}