{"id":746052,"date":"2025-08-28T02:33:38","date_gmt":"2025-08-27T23:33:38","guid":{"rendered":"https:\/\/roveyayinevi.com.tr\/index.php\/urun\/meditasyonun-temelleri\/"},"modified":"2026-04-16T02:58:27","modified_gmt":"2026-04-15T23:58:27","slug":"meditasyonun-temelleri","status":"publish","type":"product","link":"https:\/\/roveyayinevi.com.tr\/index.php\/urun\/meditasyonun-temelleri\/","title":{"rendered":"Meditasyonun Temelleri"},"content":{"rendered":"<p>Meditasyon nedir? Bilimsel y\u00f6ntemlerle incelenebilir mi? Kendine \u00f6zg\u00fc teknikleri var m\u0131?   Meditasyon hakk\u0131nda tarihsel ve g\u00fcncel bir inceleme sunan Meditasyonun Temelleri Hint, \u00c7in ve Tibet gibi Do\u011fu kaynaklar\u0131n\u0131n yan\u0131nda Bat\u0131l\u0131 kaynaklardan da yararlanarak g\u00fcn\u00fcm\u00fcz d\u00fcnyas\u0131nda meditasyonun kadim \u00f6\u011fretilerdeki konumunu ara\u015ft\u0131r\u0131yor. Bu sebeple kimi zaman Anadolu ve Ortado\u011fu k\u00fclt\u00fcrlerinin unsurlar\u0131na kimi zamansa yeni bilimsel ve n\u00f6rolojik bulgulara de\u011finiyor.   Bu kitaba \u00f6zel \u00e7izimlerle g\u00f6sterilen duru\u015flar ve mudralar, meditasyon tekniklerini ana hatlar\u0131yla ortaya koyarken mantralar, yontralar ve konsantrasyon i\u00e7in gerekli di\u011fer pratikler ise meditasyonu geni\u015f bir perspektiften ele al\u0131p kendi ya\u015fam\u0131m\u0131za uyarlayabilmemizi sa\u011fl\u0131yor.   \u201cMeditasyon, uyku halinde her \u015feyden uzakla\u015fmak de\u011fil, tam tersine uyan\u0131kl\u0131\u011f\u0131n en \u00fcst noktas\u0131nda her \u015feye yak\u0131nla\u015fmakt\u0131r. [&#8230;] Ger\u00e7e\u011fi, ger\u00e7ekli\u011fi perdelemek de\u011fil, perdelenen ger\u00e7ekli\u011fi aralamak ve saf, yal\u0131n ger\u00e7eklikle kar\u015f\u0131 kar\u015f\u0131ya gelebilmektir. Meditasyon ba\u015fka d\u00fcnyalara yolculuk yap\u0131p, oralarda dola\u015fmak ve geri d\u00f6nmek de\u011fil, o \u2018ba\u015fka d\u00fcnya\u2019n\u0131n \u00e7ok uzaklarda olmad\u0131\u011f\u0131n\u0131 fark etmek ve o d\u00fcnyay\u0131 oldu\u011fumuz yere getirmektir. B\u00fct\u00fcn ikiliklerin, d\u00fcnyevilik-ruhanilik, zihin-beden gibi ayr\u0131mlar\u0131n ortadan kalkmas\u0131d\u0131r.\u201d <\/p>\n","protected":false},"excerpt":{"rendered":"<p>Meditasyon nedir? Bilimsel y\u00f6ntemlerle incelenebilir mi? Kendine \u00f6zg\u00fc teknikleri var m\u0131? Meditasyon hakk\u0131nda tarihsel ve g\u00fcncel bir inceleme sunan Meditasyonun Temelleri Hint, \u00c7in ve Tibet gibi<span class=\"excerpt-hellip\"> [\u2026]<\/span><\/p>\n","protected":false},"featured_media":0,"template":"","meta":{"_monsterinsights_skip_tracking":false,"_monsterinsights_sitenote_active":false,"_monsterinsights_sitenote_note":"","_monsterinsights_sitenote_category":0},"product_brand":[],"product_cat":[13365,19822],"product_tag":[],"class_list":{"0":"post-746052","1":"product","2":"type-product","3":"status-publish","5":"product_cat-saglik","6":"product_cat-yoga-meditasyon","7":"pa_cilt-ciltsiz","8":"pa_tur-kitap","9":"pa_yayinevi-kolektif-kitap","10":"pa_yazar-bora-ercan","12":"first","13":"instock","14":"sale","15":"shipping-taxable","16":"purchasable","17":"product-type-simple"},"_links":{"self":[{"href":"https:\/\/roveyayinevi.com.tr\/index.php\/wp-json\/wp\/v2\/product\/746052","targetHints":{"allow":["GET"]}}],"collection":[{"href":"https:\/\/roveyayinevi.com.tr\/index.php\/wp-json\/wp\/v2\/product"}],"about":[{"href":"https:\/\/roveyayinevi.com.tr\/index.php\/wp-json\/wp\/v2\/types\/product"}],"wp:attachment":[{"href":"https:\/\/roveyayinevi.com.tr\/index.php\/wp-json\/wp\/v2\/media?parent=746052"}],"wp:term":[{"taxonomy":"product_brand","embeddable":true,"href":"https:\/\/roveyayinevi.com.tr\/index.php\/wp-json\/wp\/v2\/product_brand?post=746052"},{"taxonomy":"product_cat","embeddable":true,"href":"https:\/\/roveyayinevi.com.tr\/index.php\/wp-json\/wp\/v2\/product_cat?post=746052"},{"taxonomy":"product_tag","embeddable":true,"href":"https:\/\/roveyayinevi.com.tr\/index.php\/wp-json\/wp\/v2\/product_tag?post=746052"}],"curies":[{"name":"wp","href":"https:\/\/api.w.org\/{rel}","templated":true}]}}