{"id":746050,"date":"2025-08-28T02:33:35","date_gmt":"2025-08-27T23:33:35","guid":{"rendered":"https:\/\/roveyayinevi.com.tr\/index.php\/urun\/luka-benim-adim\/"},"modified":"2026-04-16T02:58:27","modified_gmt":"2026-04-15T23:58:27","slug":"luka-benim-adim","status":"publish","type":"product","link":"https:\/\/roveyayinevi.com.tr\/index.php\/urun\/luka-benim-adim\/","title":{"rendered":"Luka Benim Ad\u0131m"},"content":{"rendered":"<p>&#8220;Luka Benim Ad\u0131m. Antakya&#8217;da do\u011fmu\u015f bir Yahudi ve Hekimim ben. Ya\u015fad\u0131\u011f\u0131m ve g\u00f6rd\u00fc\u011f\u00fcm olaylar\u0131, tan\u0131d\u0131\u011f\u0131m ve inand\u0131\u011f\u0131m kutsal insanlar\u0131n anlatt\u0131klar\u0131n\u0131, haz\u0131rlad\u0131\u011f\u0131m ceylan derilerinin \u00fczerine yaz\u0131yorum. Binlerce y\u0131l sonras\u0131na ula\u015ft\u0131rmaya ve unutulmamas\u0131n\u0131 sa\u011flamaya \u00e7al\u0131\u015f\u0131yorum.&#8221;\u0130ki bin y\u0131l \u00f6nce ya\u015fanan olaylar, g\u00fcn\u00fcm\u00fczde ya\u015fanan kumpaslar, gizemli cinayetler ve tarihi eser ka\u00e7ak\u00e7\u0131l\u0131\u011f\u0131yla yo\u011frulmu\u015f kitap Necdet \u00d6zkaya&#8217;n\u0131n kaleminde mistik bir anlat\u0131ma b\u00fcr\u00fcn\u00fcyor.<\/p>\n","protected":false},"excerpt":{"rendered":"<p>&#8220;Luka Benim Ad\u0131m. Antakya&#8217;da do\u011fmu\u015f bir Yahudi ve Hekimim ben. Ya\u015fad\u0131\u011f\u0131m ve g\u00f6rd\u00fc\u011f\u00fcm olaylar\u0131, tan\u0131d\u0131\u011f\u0131m ve inand\u0131\u011f\u0131m kutsal insanlar\u0131n anlatt\u0131klar\u0131n\u0131, haz\u0131rlad\u0131\u011f\u0131m ceylan derilerinin \u00fczerine yaz\u0131yorum. Binlerce<span class=\"excerpt-hellip\"> [\u2026]<\/span><\/p>\n","protected":false},"featured_media":0,"template":"","meta":{"_monsterinsights_skip_tracking":false,"_monsterinsights_sitenote_active":false,"_monsterinsights_sitenote_note":"","_monsterinsights_sitenote_category":0},"product_brand":[],"product_cat":[12291,12711],"product_tag":[],"class_list":{"0":"post-746050","1":"product","2":"type-product","3":"status-publish","5":"product_cat-edebiyat","6":"product_cat-roman-oyku","7":"pa_cilt-ciltsiz","8":"pa_tur-kitap","9":"pa_yayinevi-ayrikotu-yayinlari","10":"pa_yazar-necdet-ozkaya","12":"first","13":"instock","14":"sale","15":"shipping-taxable","16":"purchasable","17":"product-type-simple"},"_links":{"self":[{"href":"https:\/\/roveyayinevi.com.tr\/index.php\/wp-json\/wp\/v2\/product\/746050","targetHints":{"allow":["GET"]}}],"collection":[{"href":"https:\/\/roveyayinevi.com.tr\/index.php\/wp-json\/wp\/v2\/product"}],"about":[{"href":"https:\/\/roveyayinevi.com.tr\/index.php\/wp-json\/wp\/v2\/types\/product"}],"wp:attachment":[{"href":"https:\/\/roveyayinevi.com.tr\/index.php\/wp-json\/wp\/v2\/media?parent=746050"}],"wp:term":[{"taxonomy":"product_brand","embeddable":true,"href":"https:\/\/roveyayinevi.com.tr\/index.php\/wp-json\/wp\/v2\/product_brand?post=746050"},{"taxonomy":"product_cat","embeddable":true,"href":"https:\/\/roveyayinevi.com.tr\/index.php\/wp-json\/wp\/v2\/product_cat?post=746050"},{"taxonomy":"product_tag","embeddable":true,"href":"https:\/\/roveyayinevi.com.tr\/index.php\/wp-json\/wp\/v2\/product_tag?post=746050"}],"curies":[{"name":"wp","href":"https:\/\/api.w.org\/{rel}","templated":true}]}}