{"id":746049,"date":"2025-08-28T02:33:34","date_gmt":"2025-08-27T23:33:34","guid":{"rendered":"https:\/\/roveyayinevi.com.tr\/index.php\/urun\/baykus-lulus-yuvasindan-ayrilmak-istemiyor\/"},"modified":"2026-04-16T02:58:27","modified_gmt":"2026-04-15T23:58:27","slug":"baykus-lulus-yuvasindan-ayrilmak-istemiyor","status":"publish","type":"product","link":"https:\/\/roveyayinevi.com.tr\/index.php\/urun\/baykus-lulus-yuvasindan-ayrilmak-istemiyor\/","title":{"rendered":"Bayku\u015f Lulu\u015f Yuvas\u0131ndan Ayr\u0131lmak \u0130stemiyor"},"content":{"rendered":"<p>\u201c\u015eimdi u\u00e7man\u0131n tam s\u0131ras\u0131!\u201d Minik bayku\u015f Lulu\u015f hen\u00fcz u\u00e7maya cesaret edemiyordu! T\u00fcrl\u00fc bahaneler uyduruyordu. Karn\u0131 a\u011fr\u0131yor, ayaklar\u0131 ka\u015f\u0131n\u0131yor, yemek saati gelmi\u015f oluyordu. Minik bayku\u015f ne zaman u\u00e7acak acaba? <\/p>\n","protected":false},"excerpt":{"rendered":"<p>\u201c\u015eimdi u\u00e7man\u0131n tam s\u0131ras\u0131!\u201d Minik bayku\u015f Lulu\u015f hen\u00fcz u\u00e7maya cesaret edemiyordu! T\u00fcrl\u00fc bahaneler uyduruyordu. Karn\u0131 a\u011fr\u0131yor, ayaklar\u0131 ka\u015f\u0131n\u0131yor, yemek saati gelmi\u015f oluyordu. Minik bayku\u015f ne zaman<span class=\"excerpt-hellip\"> [\u2026]<\/span><\/p>\n","protected":false},"featured_media":0,"template":"","meta":{"_monsterinsights_skip_tracking":false,"_monsterinsights_sitenote_active":false,"_monsterinsights_sitenote_note":"","_monsterinsights_sitenote_category":0},"product_brand":[],"product_cat":[15192,12274],"product_tag":[],"class_list":{"0":"post-746049","1":"product","2":"type-product","3":"status-publish","5":"product_cat-1-3-yas-kitaplari","6":"product_cat-cocuk-ve-genclik-kitaplari","7":"pa_cilt-ciltli","8":"pa_tur-kitap","9":"pa_yayinevi-yapi-kredi-yayinlari","10":"pa_yazar-claire-clement","12":"first","13":"instock","14":"sale","15":"shipping-taxable","16":"purchasable","17":"product-type-simple"},"_links":{"self":[{"href":"https:\/\/roveyayinevi.com.tr\/index.php\/wp-json\/wp\/v2\/product\/746049","targetHints":{"allow":["GET"]}}],"collection":[{"href":"https:\/\/roveyayinevi.com.tr\/index.php\/wp-json\/wp\/v2\/product"}],"about":[{"href":"https:\/\/roveyayinevi.com.tr\/index.php\/wp-json\/wp\/v2\/types\/product"}],"wp:attachment":[{"href":"https:\/\/roveyayinevi.com.tr\/index.php\/wp-json\/wp\/v2\/media?parent=746049"}],"wp:term":[{"taxonomy":"product_brand","embeddable":true,"href":"https:\/\/roveyayinevi.com.tr\/index.php\/wp-json\/wp\/v2\/product_brand?post=746049"},{"taxonomy":"product_cat","embeddable":true,"href":"https:\/\/roveyayinevi.com.tr\/index.php\/wp-json\/wp\/v2\/product_cat?post=746049"},{"taxonomy":"product_tag","embeddable":true,"href":"https:\/\/roveyayinevi.com.tr\/index.php\/wp-json\/wp\/v2\/product_tag?post=746049"}],"curies":[{"name":"wp","href":"https:\/\/api.w.org\/{rel}","templated":true}]}}