{"id":746048,"date":"2025-08-28T02:33:33","date_gmt":"2025-08-27T23:33:33","guid":{"rendered":"https:\/\/roveyayinevi.com.tr\/index.php\/urun\/sozler-de-kirilir\/"},"modified":"2026-04-16T02:58:27","modified_gmt":"2026-04-15T23:58:27","slug":"sozler-de-kirilir","status":"publish","type":"product","link":"https:\/\/roveyayinevi.com.tr\/index.php\/urun\/sozler-de-kirilir\/","title":{"rendered":"S\u00f6zler de K\u0131r\u0131l\u0131r"},"content":{"rendered":"<p>Hayat\u0131n\u0131zda mutlaka \u00f6fke f\u0131rt\u0131nalar\u0131 ya\u015fad\u0131n\u0131z ve esip g\u00fcrlediniz. K\u0131rd\u0131\u011f\u0131n\u0131z kalpler oldu, \u00f6z\u00fcr dilediniz. Sizi k\u0131ranlar\u0131 ya affedebildiniz ya da ya\u015famlar\u0131n\u0131za y\u00fck ettiniz&#8230;   Hatalar, tecr\u00fcbeler, a\u015fk, sevgi, nefret; her duygu insana dair ve her birimiz bu duygular\u0131n s\u0131navlar\u0131ndan ge\u00e7iyoruz.  Bu s\u0131navlar\u0131 verirken ayn\u0131 zamanda ya\u015fam ama\u00e7lar\u0131m\u0131z\u0131 da ar\u0131yoruz. D\u00fcnyevi  isteklerimiz i\u00e7in \u00e7abalarken bir yandan da hayaller kuruyoruz&#8230; Ve bu hayallerin \u00f6tesinde mucize kap\u0131lar\u0131 ar\u0131yoruz. Ben mucizelere inan\u0131r\u0131m. Hayat beni k\u0131rm\u0131\u015f, incitmi\u015f olsa da g\u00fczelliklerine  s\u0131\u011f\u0131n\u0131p mucizelerin varl\u0131\u011f\u0131na inan\u0131r\u0131m. \u0130\u015fte elinizde tuttu\u011funuz bu kitap benim mucizem. Peki ya siz mucizelere inan\u0131r m\u0131s\u0131n\u0131z?  Hayalleri ger\u00e7e\u011fe \u00e7evirirken ad\u0131m ad\u0131m i\u00e7inden ge\u00e7ti\u011fim duygular eminim size de yak\u0131n gelecek.<\/p>\n","protected":false},"excerpt":{"rendered":"<p>Hayat\u0131n\u0131zda mutlaka \u00f6fke f\u0131rt\u0131nalar\u0131 ya\u015fad\u0131n\u0131z ve esip g\u00fcrlediniz. K\u0131rd\u0131\u011f\u0131n\u0131z kalpler oldu, \u00f6z\u00fcr dilediniz. Sizi k\u0131ranlar\u0131 ya affedebildiniz ya da ya\u015famlar\u0131n\u0131za y\u00fck ettiniz&#8230; Hatalar, tecr\u00fcbeler, a\u015fk, sevgi,<span class=\"excerpt-hellip\"> [\u2026]<\/span><\/p>\n","protected":false},"featured_media":0,"template":"","meta":{"_monsterinsights_skip_tracking":false,"_monsterinsights_sitenote_active":false,"_monsterinsights_sitenote_note":"","_monsterinsights_sitenote_category":0},"product_brand":[],"product_cat":[12364,12376],"product_tag":[],"class_list":{"0":"post-746048","1":"product","2":"type-product","3":"status-publish","5":"product_cat-genel-konular","6":"product_cat-kisisel-gelisim","7":"pa_cilt-ciltsiz","8":"pa_tur-kitap","9":"pa_yayinevi-sahi-kitap","10":"pa_yazar-ferah-uzundurukan","12":"first","13":"instock","14":"sale","15":"shipping-taxable","16":"purchasable","17":"product-type-simple"},"_links":{"self":[{"href":"https:\/\/roveyayinevi.com.tr\/index.php\/wp-json\/wp\/v2\/product\/746048","targetHints":{"allow":["GET"]}}],"collection":[{"href":"https:\/\/roveyayinevi.com.tr\/index.php\/wp-json\/wp\/v2\/product"}],"about":[{"href":"https:\/\/roveyayinevi.com.tr\/index.php\/wp-json\/wp\/v2\/types\/product"}],"wp:attachment":[{"href":"https:\/\/roveyayinevi.com.tr\/index.php\/wp-json\/wp\/v2\/media?parent=746048"}],"wp:term":[{"taxonomy":"product_brand","embeddable":true,"href":"https:\/\/roveyayinevi.com.tr\/index.php\/wp-json\/wp\/v2\/product_brand?post=746048"},{"taxonomy":"product_cat","embeddable":true,"href":"https:\/\/roveyayinevi.com.tr\/index.php\/wp-json\/wp\/v2\/product_cat?post=746048"},{"taxonomy":"product_tag","embeddable":true,"href":"https:\/\/roveyayinevi.com.tr\/index.php\/wp-json\/wp\/v2\/product_tag?post=746048"}],"curies":[{"name":"wp","href":"https:\/\/api.w.org\/{rel}","templated":true}]}}