{"id":746047,"date":"2025-08-28T02:33:32","date_gmt":"2025-08-27T23:33:32","guid":{"rendered":"https:\/\/roveyayinevi.com.tr\/index.php\/urun\/mit-efsanesi\/"},"modified":"2026-04-16T02:58:27","modified_gmt":"2026-04-15T23:58:27","slug":"mit-efsanesi","status":"publish","type":"product","link":"https:\/\/roveyayinevi.com.tr\/index.php\/urun\/mit-efsanesi\/","title":{"rendered":"M\u0130T Efsanesi"},"content":{"rendered":"<p>\u0130stihbarat, hem komployu \u00f6nler, hem de zihnimizin komplolara inanma kapasitesini art\u0131r\u0131r.   \u0130stihbarat\u00e7\u0131l\u0131\u011f\u0131, Mason dedesinden miras alan M\u0130T yetkilisi kim? Kay\u0131npederi Mossad\u00e7\u0131 yazar, T\u00fcrk istihbarat\u0131 i\u00e7in ne dedi? M\u0130T\u2019in gizli suikast operasyonlar\u0131 neden sekteye u\u011frad\u0131? Simit\u00e7i M\u0130T\u2019\u00e7i bir efsane mi? \u00d6calan\u2019a suikast i\u00e7in 5 milyon sterlin isteyen gizli servis\u2026 D\u00fcnya tarihinin en hain istihbarat\u00e7\u0131s\u0131\u2026 Masonik istihbarat\u0131n mitolojik k\u00f6kenleri\u2026 Derin devletin yengesi\u2026 M\u0130T\u2019in, 2023 vizyonu\u2026 Yapay zek\u00e2, yapay istihbarat\u2026   Devletlerin gizli ordular\u0131 olarak faaliyet g\u00f6steren istihbarat te\u015fkilatlar\u0131, art\u0131k yaln\u0131zca birbirleriyle de\u011fil, k\u00fcreselcilerin tek d\u00fcnya devleti \u00fctopyas\u0131yla ve s\u0131r dolu komplolar\u0131yla da m\u00fccadele ediyor.   Yirmi yedi y\u0131ll\u0131k bir istihbarat birikimine dayanan bu kitap, casusluk d\u00fcnyas\u0131n\u0131n t\u00fcm gizemli kap\u0131lar\u0131n\u0131 aralayacak.   M\u0130T Efsanesi, yaln\u0131zca T\u00fcrk istihbarat\u0131n\u0131n derin mazisinin de\u011fil, ayn\u0131 zamanda istihbarat ve devlet olgular\u0131n\u0131n tarihinin de kitab\u0131\u2026 T\u00fcrkiye\u2019nin say\u0131l\u0131 istihbarat uzmanlar\u0131ndan gazeteci-yazar Ferhat \u00dcnl\u00fc, aksiyonuyla bir Hollywood filmini, trajedisiyle bir roman\u0131 and\u0131ran; kripto ajanlarla, a\u015fk tuzaklar\u0131yla, ihanetlerle ve suikastlarla bezeli renkli bir yolculu\u011fa davet ediyor okuru.   M\u0130T Efsanesi, b\u00fcy\u00fcleyici bir istihbarat \u015f\u00f6lenine haz\u0131r b\u00fct\u00fcn cesurlar i\u00e7in bi\u00e7ilmi\u015f kaftan\u2026<\/p>\n","protected":false},"excerpt":{"rendered":"<p>\u0130stihbarat, hem komployu \u00f6nler, hem de zihnimizin komplolara inanma kapasitesini art\u0131r\u0131r. \u0130stihbarat\u00e7\u0131l\u0131\u011f\u0131, Mason dedesinden miras alan M\u0130T yetkilisi kim? Kay\u0131npederi Mossad\u00e7\u0131 yazar, T\u00fcrk istihbarat\u0131 i\u00e7in ne<span class=\"excerpt-hellip\"> [\u2026]<\/span><\/p>\n","protected":false},"featured_media":0,"template":"","meta":{"_monsterinsights_skip_tracking":false,"_monsterinsights_sitenote_active":false,"_monsterinsights_sitenote_note":"","_monsterinsights_sitenote_category":0},"product_brand":[],"product_cat":[12370,12304],"product_tag":[],"class_list":{"0":"post-746047","1":"product","2":"type-product","3":"status-publish","5":"product_cat-arastirma-inceleme","6":"product_cat-tarih","7":"pa_cilt-ciltsiz","8":"pa_tur-kitap","9":"pa_yayinevi-sahi-kitap","10":"pa_yazar-ferhat-unlu","12":"first","13":"instock","14":"sale","15":"shipping-taxable","16":"purchasable","17":"product-type-simple"},"_links":{"self":[{"href":"https:\/\/roveyayinevi.com.tr\/index.php\/wp-json\/wp\/v2\/product\/746047","targetHints":{"allow":["GET"]}}],"collection":[{"href":"https:\/\/roveyayinevi.com.tr\/index.php\/wp-json\/wp\/v2\/product"}],"about":[{"href":"https:\/\/roveyayinevi.com.tr\/index.php\/wp-json\/wp\/v2\/types\/product"}],"wp:attachment":[{"href":"https:\/\/roveyayinevi.com.tr\/index.php\/wp-json\/wp\/v2\/media?parent=746047"}],"wp:term":[{"taxonomy":"product_brand","embeddable":true,"href":"https:\/\/roveyayinevi.com.tr\/index.php\/wp-json\/wp\/v2\/product_brand?post=746047"},{"taxonomy":"product_cat","embeddable":true,"href":"https:\/\/roveyayinevi.com.tr\/index.php\/wp-json\/wp\/v2\/product_cat?post=746047"},{"taxonomy":"product_tag","embeddable":true,"href":"https:\/\/roveyayinevi.com.tr\/index.php\/wp-json\/wp\/v2\/product_tag?post=746047"}],"curies":[{"name":"wp","href":"https:\/\/api.w.org\/{rel}","templated":true}]}}