{"id":746046,"date":"2025-08-28T02:33:30","date_gmt":"2025-08-27T23:33:30","guid":{"rendered":"https:\/\/roveyayinevi.com.tr\/index.php\/urun\/nanik-yapin-hayata\/"},"modified":"2026-04-16T02:58:27","modified_gmt":"2026-04-15T23:58:27","slug":"nanik-yapin-hayata","status":"publish","type":"product","link":"https:\/\/roveyayinevi.com.tr\/index.php\/urun\/nanik-yapin-hayata\/","title":{"rendered":"Nanik Yap\u0131n Hayata"},"content":{"rendered":"<p>\u201cNanik yap\u0131n hayata\u201d demek kolay\u2026 Kolay m\u0131? Kolaysa\u2026 Hani zaman zaman hepimiz s\u00f6yleriz ya; \u201cpozitif d\u00fc\u015f\u00fcn pozitif olsun\u201d veya \u201columlu d\u00fc\u015f\u00fcn, olumlu sonu\u00e7lans\u0131n\u201d\u2026 Ger\u00e7ekten \u00f6yle mi? \u0130yimserlik her zaman iyidir tamam da Polyannac\u0131l\u0131k oyununu hepimiz, her zaman oynayam\u0131yoruz ki! Nanik yapmak gerek hayata, zamana \u00e7\u00fcnk\u00fc hayat bir tiyatro perdesi ve herkes kendine verilen oyunu oynuyor sahnede. Hem hepimiz de biliyoruz ki bu tiyatroda perdenin ne zaman inece\u011fini kimse bilemiyor. Her ne kadar bu kitaba nanik yapmam\u0131za engel pek \u00e7ok olumsuzlu\u011fu alsak da bazen dalga ge\u00e7mek, hadi dalga da demeyelim de fazla dert etmemek gerekmez mi? Su gibi ak\u0131p giden hayatlar\u0131m\u0131zda zaman\u0131 nas\u0131l heba ediyor, nas\u0131l bir ko\u015fturman\u0131n i\u00e7ine d\u00fc\u015f\u00fcyoruz ki \u00e7o\u011fu zaman fark\u0131nda olmuyoruz. Bir varm\u0131\u015f\u0131z bir yokmu\u015f.. Necatigil\u2019in dedi\u011fi gibi mezar ta\u015f\u0131ndaki isimlerin alt\u0131na parantez i\u00e7ine al\u0131nan do\u011fum ve \u00f6l\u00fcm y\u0131llar\u0131ndan ibaret hayat\u2026 Buna ra\u011fmen, \u00f6ylesine kesitlere hapsolmu\u015f ya\u015f\u0131yor, m\u00fccadele ediyor, hi\u00e7 g\u00f6\u00e7meyecekmi\u015fiz gibi h\u0131rslar\u0131m\u0131za yeniliyoruz. \u201cDaha\u201d demekten elimizdeki g\u00fczellikleri u\u00e7uruyoruz avcumuzdan. Ayr\u0131ca gerek d\u00fcnyan\u0131n gerek \u00fclkemizin i\u00e7inde bulundu\u011fu ko\u015fullar; ak\u0131lla a\u00e7\u0131klanmas\u0131 m\u00fcmk\u00fcn olmayan say\u0131s\u0131z olay aras\u0131nda \u00e7ok zor zaten nanikle bakabilmek ya\u015fananlara. Hayat\u0131 hafife almak de\u011fil kastetti\u011fimiz. Bilakis, hayata hayat\u0131n i\u00e7inden bakmak, ya\u015fad\u0131\u011f\u0131n\u0131n fark\u0131nda olmak, cehalete kar\u015f\u0131 bilgiye odaklanmak, ayd\u0131nl\u0131ktan vazge\u00e7memek ve t\u00fcm bunlar i\u00e7in \u00e7abalarken ayn\u0131 zamanda bir caddenin kalabal\u0131\u011f\u0131nda y\u00fcr\u00fcrken kumru sesinin ay\u0131rd\u0131nda olmak. Kim ba\u015farabiliyorsa; \u201cnanik yapanlar\u201d onlar as\u0131l. Hayat\u0131 i\u00e7lerinde keyifle ya\u015fayabilenler. Sorunlar hep var olacak ve insano\u011flu hep ak\u0131lla bunlarla m\u00fccadele etmeye \u00e7al\u0131\u015facak elbette ama\u2026  Ne nanik yaparken ne de sorunlara bo\u011fulmu\u015fken \u0131skalamamak gerek hayat\u0131; do\u011fdu\u011fumuz g\u00fcn geri say\u0131m ba\u015fl\u0131yor \u00e7\u00fcnk\u00fc; tik tak, tik tak, tik tak\u2026<\/p>\n","protected":false},"excerpt":{"rendered":"<p>\u201cNanik yap\u0131n hayata\u201d demek kolay\u2026 Kolay m\u0131? Kolaysa\u2026 Hani zaman zaman hepimiz s\u00f6yleriz ya; \u201cpozitif d\u00fc\u015f\u00fcn pozitif olsun\u201d veya \u201columlu d\u00fc\u015f\u00fcn, olumlu sonu\u00e7lans\u0131n\u201d\u2026 Ger\u00e7ekten \u00f6yle mi?<span class=\"excerpt-hellip\"> [\u2026]<\/span><\/p>\n","protected":false},"featured_media":0,"template":"","meta":{"_monsterinsights_skip_tracking":false,"_monsterinsights_sitenote_active":false,"_monsterinsights_sitenote_note":"","_monsterinsights_sitenote_category":0},"product_brand":[],"product_cat":[12777,12291],"product_tag":[],"class_list":{"0":"post-746046","1":"product","2":"type-product","3":"status-publish","5":"product_cat-deneme","6":"product_cat-edebiyat","7":"pa_cilt-ciltsiz","8":"pa_tur-kitap","9":"pa_yayinevi-platanus-publishing","10":"pa_yazar-alp-kaan","12":"first","13":"instock","14":"sale","15":"shipping-taxable","16":"purchasable","17":"product-type-simple"},"_links":{"self":[{"href":"https:\/\/roveyayinevi.com.tr\/index.php\/wp-json\/wp\/v2\/product\/746046","targetHints":{"allow":["GET"]}}],"collection":[{"href":"https:\/\/roveyayinevi.com.tr\/index.php\/wp-json\/wp\/v2\/product"}],"about":[{"href":"https:\/\/roveyayinevi.com.tr\/index.php\/wp-json\/wp\/v2\/types\/product"}],"wp:attachment":[{"href":"https:\/\/roveyayinevi.com.tr\/index.php\/wp-json\/wp\/v2\/media?parent=746046"}],"wp:term":[{"taxonomy":"product_brand","embeddable":true,"href":"https:\/\/roveyayinevi.com.tr\/index.php\/wp-json\/wp\/v2\/product_brand?post=746046"},{"taxonomy":"product_cat","embeddable":true,"href":"https:\/\/roveyayinevi.com.tr\/index.php\/wp-json\/wp\/v2\/product_cat?post=746046"},{"taxonomy":"product_tag","embeddable":true,"href":"https:\/\/roveyayinevi.com.tr\/index.php\/wp-json\/wp\/v2\/product_tag?post=746046"}],"curies":[{"name":"wp","href":"https:\/\/api.w.org\/{rel}","templated":true}]}}