{"id":746044,"date":"2025-08-28T02:33:28","date_gmt":"2025-08-27T23:33:28","guid":{"rendered":"https:\/\/roveyayinevi.com.tr\/index.php\/urun\/kayip-4\/"},"modified":"2026-04-16T02:58:27","modified_gmt":"2026-04-15T23:58:27","slug":"kayip-4","status":"publish","type":"product","link":"https:\/\/roveyayinevi.com.tr\/index.php\/urun\/kayip-4\/","title":{"rendered":"Kay\u0131p"},"content":{"rendered":"<p>&#8230;Hi\u00e7bir \u00f6l\u00fcm ilkine benzemez \u00e7\u00fcnk\u00fc. O, seni en toy, en \u015fa\u015fk\u0131n halinde yakalam\u0131\u015f ge\u00e7mi\u015fe d\u00f6nememek denen azaba \u00e7arpt\u0131r\u0131p bu d\u00fcnyada b\u0131rakm\u0131\u015ft\u0131r. \u0130nsan bunu y\u0131llar s\u00fcren ahiret sorular\u0131na hayat\u0131n i\u00e7inde cevaplar bulmaya \u00e7al\u0131\u015f\u0131rken fark ediyor. Sonra bir an geliyor \u015f\u00fcpheye d\u00fc\u015f\u00fcyorsun. Cevap diye elinde tuttuklar\u0131n\u0131n, o s\u0131k\u0131 s\u0131k\u0131ya sar\u0131ld\u0131klar\u0131n\u0131n sana ait olmad\u0131klar\u0131n\u0131 anl\u0131yorsun. Bu da seni d\u00fcnyan\u0131n en bilinmedik yoluna \u00e7\u0131kar\u0131yor; kendi k\u0131y\u0131lar\u0131na var\u0131yorsun. Neyi kaybetti\u011fini hat\u0131rlatan o \u015feyle kar\u015f\u0131la\u015ft\u0131\u011f\u0131nda, hayat\u0131n sana bir se\u00e7im hakk\u0131 tan\u0131yaca\u011f\u0131ndan emin olabilir misin? D\u00fcnyan\u0131n bir yerinde seni bekleyen \u201cdevam edememek\u201d denen bir yer var, oraya varm\u0131\u015f olabilir misin? Oras\u0131 ya\u015faman\u0131n kendine hik\u00e2yeler anlatmak demek oldu\u011funu anlad\u0131\u011f\u0131n yer; can\u0131n\u0131 yaksa da onlarla tekrar kar\u015f\u0131la\u015fabilir misin? Oras\u0131 ge\u00e7mi\u015fe dair bildi\u011fimizi sand\u0131\u011f\u0131m\u0131z her \u015feyin ger\u00e7e\u011fe en uzak olanlar oldu\u011funu anlad\u0131\u011f\u0131m\u0131z yer; anlayabilmek i\u00e7in unutmay\u0131 g\u00f6ze alabilir misin? Sonunda \u00e7\u0131r\u0131l\u00e7\u0131plak kalaca\u011f\u0131n\u0131 bildi\u011fin, kendine do\u011fru y\u00fcr\u00fcmek denen, o tekinsiz yola koyulabilir misin?<\/p>\n","protected":false},"excerpt":{"rendered":"<p>&#8230;Hi\u00e7bir \u00f6l\u00fcm ilkine benzemez \u00e7\u00fcnk\u00fc. O, seni en toy, en \u015fa\u015fk\u0131n halinde yakalam\u0131\u015f ge\u00e7mi\u015fe d\u00f6nememek denen azaba \u00e7arpt\u0131r\u0131p bu d\u00fcnyada b\u0131rakm\u0131\u015ft\u0131r. \u0130nsan bunu y\u0131llar s\u00fcren ahiret<span class=\"excerpt-hellip\"> [\u2026]<\/span><\/p>\n","protected":false},"featured_media":0,"template":"","meta":{"_monsterinsights_skip_tracking":false,"_monsterinsights_sitenote_active":false,"_monsterinsights_sitenote_note":"","_monsterinsights_sitenote_category":0},"product_brand":[],"product_cat":[12291,12745],"product_tag":[],"class_list":{"0":"post-746044","1":"product","2":"type-product","3":"status-publish","5":"product_cat-edebiyat","6":"product_cat-tarihi-roman","7":"pa_cilt-ciltsiz","8":"pa_tur-kitap","9":"pa_yayinevi-epsilon-yayinlari","10":"pa_yazar-aysegul-salt","12":"first","13":"instock","14":"sale","15":"shipping-taxable","16":"purchasable","17":"product-type-simple"},"_links":{"self":[{"href":"https:\/\/roveyayinevi.com.tr\/index.php\/wp-json\/wp\/v2\/product\/746044","targetHints":{"allow":["GET"]}}],"collection":[{"href":"https:\/\/roveyayinevi.com.tr\/index.php\/wp-json\/wp\/v2\/product"}],"about":[{"href":"https:\/\/roveyayinevi.com.tr\/index.php\/wp-json\/wp\/v2\/types\/product"}],"wp:attachment":[{"href":"https:\/\/roveyayinevi.com.tr\/index.php\/wp-json\/wp\/v2\/media?parent=746044"}],"wp:term":[{"taxonomy":"product_brand","embeddable":true,"href":"https:\/\/roveyayinevi.com.tr\/index.php\/wp-json\/wp\/v2\/product_brand?post=746044"},{"taxonomy":"product_cat","embeddable":true,"href":"https:\/\/roveyayinevi.com.tr\/index.php\/wp-json\/wp\/v2\/product_cat?post=746044"},{"taxonomy":"product_tag","embeddable":true,"href":"https:\/\/roveyayinevi.com.tr\/index.php\/wp-json\/wp\/v2\/product_tag?post=746044"}],"curies":[{"name":"wp","href":"https:\/\/api.w.org\/{rel}","templated":true}]}}