{"id":746043,"date":"2025-08-28T02:33:26","date_gmt":"2025-08-27T23:33:26","guid":{"rendered":"https:\/\/roveyayinevi.com.tr\/index.php\/urun\/adalet-istiyorum\/"},"modified":"2026-04-16T02:58:27","modified_gmt":"2026-04-15T23:58:27","slug":"adalet-istiyorum","status":"publish","type":"product","link":"https:\/\/roveyayinevi.com.tr\/index.php\/urun\/adalet-istiyorum\/","title":{"rendered":"Adalet \u0130stiyorum"},"content":{"rendered":"<p>\u0130\u015fler Zorla\u015f\u0131nca \u0130nad\u0131na \u0130yimser Ol!   Pakistan\u2019\u0131n k\u00fc\u00e7\u00fck bir k\u00f6y\u00fcnde annesiyle birlikte tek odal\u0131 bir evde ya\u015fayan on iki ya\u015f\u0131ndaki \u00d6mer, \u00fclkenin en sayg\u0131n okullar\u0131ndan biri olan Ghalib Akademisinde burslu okumaya hak kazan\u0131r. \u00d6mer derslere ba\u015flamak, okul tak\u0131m\u0131nda futbol oynamak, bilim kul\u00fcb\u00fcne kat\u0131lmak i\u00e7in g\u00fcn sayar. Ama bu se\u00e7kin okulda burslu \u00f6\u011frenciler okuldaki ilk senelerinde herhangi bir tak\u0131ma ya da kul\u00fcbe kat\u0131lamad\u0131klar\u0131 gibi haftada be\u015f saat okulda hizmet etmek mecburiyetindedir. Daha da k\u00f6t\u00fcs\u00fc okul y\u00f6netimi burslu \u00f6\u011frencilere, okula devam edebilmeleri i\u00e7in, ula\u015f\u0131lmas\u0131 neredeyse imk\u00e2ns\u0131z bir not ortalamas\u0131n\u0131 \u015fart ko\u015far.  \u00dcstelik t\u00fcm bu k\u0131s\u0131tlamalar ve zorunluluklar sadece burslu \u00f6\u011frenciler i\u00e7in ge\u00e7erlidir. \u00d6mer u\u011frad\u0131klar\u0131 haks\u0131zl\u0131k kar\u015f\u0131s\u0131nda b\u00fcy\u00fck bir hayal k\u0131r\u0131kl\u0131\u011f\u0131na u\u011frasa da y\u0131llard\u0131r s\u00fcregelen bu adaletsizli\u011fe bir dur demeye kararl\u0131d\u0131r.  <\/p>\n","protected":false},"excerpt":{"rendered":"<p>\u0130\u015fler Zorla\u015f\u0131nca \u0130nad\u0131na \u0130yimser Ol! Pakistan\u2019\u0131n k\u00fc\u00e7\u00fck bir k\u00f6y\u00fcnde annesiyle birlikte tek odal\u0131 bir evde ya\u015fayan on iki ya\u015f\u0131ndaki \u00d6mer, \u00fclkenin en sayg\u0131n okullar\u0131ndan biri olan<span class=\"excerpt-hellip\"> [\u2026]<\/span><\/p>\n","protected":false},"featured_media":0,"template":"","meta":{"_monsterinsights_skip_tracking":false,"_monsterinsights_sitenote_active":false,"_monsterinsights_sitenote_note":"","_monsterinsights_sitenote_category":0},"product_brand":[],"product_cat":[12689,12274],"product_tag":[],"class_list":{"0":"post-746043","1":"product","2":"type-product","3":"status-publish","5":"product_cat-cizgi-roman-cocuk-ve-genclik-kitaplari","6":"product_cat-cocuk-ve-genclik-kitaplari","7":"pa_cilt-ciltsiz","8":"pa_tur-kitap","9":"pa_yayinevi-beyaz-balina-yayinlari","10":"pa_yazar-aisha-saeed","12":"first","13":"instock","14":"sale","15":"shipping-taxable","16":"purchasable","17":"product-type-simple"},"_links":{"self":[{"href":"https:\/\/roveyayinevi.com.tr\/index.php\/wp-json\/wp\/v2\/product\/746043","targetHints":{"allow":["GET"]}}],"collection":[{"href":"https:\/\/roveyayinevi.com.tr\/index.php\/wp-json\/wp\/v2\/product"}],"about":[{"href":"https:\/\/roveyayinevi.com.tr\/index.php\/wp-json\/wp\/v2\/types\/product"}],"wp:attachment":[{"href":"https:\/\/roveyayinevi.com.tr\/index.php\/wp-json\/wp\/v2\/media?parent=746043"}],"wp:term":[{"taxonomy":"product_brand","embeddable":true,"href":"https:\/\/roveyayinevi.com.tr\/index.php\/wp-json\/wp\/v2\/product_brand?post=746043"},{"taxonomy":"product_cat","embeddable":true,"href":"https:\/\/roveyayinevi.com.tr\/index.php\/wp-json\/wp\/v2\/product_cat?post=746043"},{"taxonomy":"product_tag","embeddable":true,"href":"https:\/\/roveyayinevi.com.tr\/index.php\/wp-json\/wp\/v2\/product_tag?post=746043"}],"curies":[{"name":"wp","href":"https:\/\/api.w.org\/{rel}","templated":true}]}}