{"id":746042,"date":"2025-08-28T02:33:25","date_gmt":"2025-08-27T23:33:25","guid":{"rendered":"https:\/\/roveyayinevi.com.tr\/index.php\/urun\/guz-esintisi-2-ciltli\/"},"modified":"2026-04-16T02:58:27","modified_gmt":"2026-04-15T23:58:27","slug":"guz-esintisi-2-ciltli","status":"publish","type":"product","link":"https:\/\/roveyayinevi.com.tr\/index.php\/urun\/guz-esintisi-2-ciltli\/","title":{"rendered":"G\u00fcz Esintisi -2 (Ciltli)"},"content":{"rendered":"<p>Hare G\u00fcz\u2019\u00fcn akl\u0131 ve kalbi aras\u0131nda ya\u015fanan sava\u015f\u0131n galibi kader olurken ge\u00e7mi\u015ften gelen bir adam t\u00fcm dengeleri de\u011fi\u015ftirir.   Ac\u0131mas\u0131z bir tokat gibi y\u00fcze \u00e7arpan ger\u00e7ekler yaln\u0131zca Hare G\u00fcz\u2019\u00fcn inanc\u0131n\u0131 de\u011fil, benli\u011fini de kaybetmesine neden olacakt\u0131r ama Hare G\u00fcz bu kez kendi kurdu\u011fu oyunun sonunda kazanabilmek i\u00e7in her \u015feyi g\u00f6ze alm\u0131\u015ft\u0131r. Kaderin daha ac\u0131mas\u0131z olan \u00f6teki y\u00fcz\u00fc, Akif Selim i\u00e7in de tehlike \u00e7anlar\u0131 \u00e7almaya ba\u015flam\u0131\u015ft\u0131r.   Hare G\u00fcz\u2019le ya\u015fad\u0131\u011f\u0131 son ana hapsolan Akif Selim, etraf\u0131nda d\u00f6nen oyunlardan bihaberdir. Sa\u00e7lar\u0131ndan, g\u00f6zlerine; ellerinden, g\u00fcl\u00fc\u015f\u00fcne kadar milim milim ezberledi\u011fi kad\u0131n\u0131 ba\u015fka bir \u015fehirde, K\u0131rlang\u0131\u00e7\u2019\u0131n Kalbinde buldu\u011funda arad\u0131\u011f\u0131 cevab\u0131 bulacakt\u0131r: Hare G\u00fcz\u2019le yaralar almadan yeniden tan\u0131\u015fmas\u0131 imk\u00e2ns\u0131zd\u0131r.   \u201cOn yedi diki\u015f izin vard\u0131; bana bakt\u0131\u011f\u0131nda \u00e7ok s\u0131zl\u0131yordu, sen de kalbindeki diki\u015f izlerini g\u00f6steremedin, anlatamad\u0131n. Anlatmaktan hep ka\u00e7t\u0131n. Sen orada a\u011flad\u0131n, ben burada; g\u00f6zya\u015flar\u0131m\u0131z ayn\u0131 sat\u0131rlar\u0131n i\u00e7ine akt\u0131. Ama Akif Selim\u2026 Art\u0131k ne sen oradayd\u0131n ne de ben burada.\u2019\u2019 <\/p>\n","protected":false},"excerpt":{"rendered":"<p>Hare G\u00fcz\u2019\u00fcn akl\u0131 ve kalbi aras\u0131nda ya\u015fanan sava\u015f\u0131n galibi kader olurken ge\u00e7mi\u015ften gelen bir adam t\u00fcm dengeleri de\u011fi\u015ftirir. Ac\u0131mas\u0131z bir tokat gibi y\u00fcze \u00e7arpan ger\u00e7ekler yaln\u0131zca<span class=\"excerpt-hellip\"> [\u2026]<\/span><\/p>\n","protected":false},"featured_media":0,"template":"","meta":{"_monsterinsights_skip_tracking":false,"_monsterinsights_sitenote_active":false,"_monsterinsights_sitenote_note":"","_monsterinsights_sitenote_category":0},"product_brand":[],"product_cat":[12291,12711],"product_tag":[],"class_list":{"0":"post-746042","1":"product","2":"type-product","3":"status-publish","5":"product_cat-edebiyat","6":"product_cat-roman-oyku","7":"pa_cilt-ciltli","8":"pa_tur-kitap","9":"pa_yayinevi-ephesus-yayinlari","10":"pa_yazar-burcin-saridogan","12":"first","13":"instock","14":"sale","15":"shipping-taxable","16":"purchasable","17":"product-type-simple"},"_links":{"self":[{"href":"https:\/\/roveyayinevi.com.tr\/index.php\/wp-json\/wp\/v2\/product\/746042","targetHints":{"allow":["GET"]}}],"collection":[{"href":"https:\/\/roveyayinevi.com.tr\/index.php\/wp-json\/wp\/v2\/product"}],"about":[{"href":"https:\/\/roveyayinevi.com.tr\/index.php\/wp-json\/wp\/v2\/types\/product"}],"wp:attachment":[{"href":"https:\/\/roveyayinevi.com.tr\/index.php\/wp-json\/wp\/v2\/media?parent=746042"}],"wp:term":[{"taxonomy":"product_brand","embeddable":true,"href":"https:\/\/roveyayinevi.com.tr\/index.php\/wp-json\/wp\/v2\/product_brand?post=746042"},{"taxonomy":"product_cat","embeddable":true,"href":"https:\/\/roveyayinevi.com.tr\/index.php\/wp-json\/wp\/v2\/product_cat?post=746042"},{"taxonomy":"product_tag","embeddable":true,"href":"https:\/\/roveyayinevi.com.tr\/index.php\/wp-json\/wp\/v2\/product_tag?post=746042"}],"curies":[{"name":"wp","href":"https:\/\/api.w.org\/{rel}","templated":true}]}}