{"id":746040,"date":"2025-08-28T02:33:22","date_gmt":"2025-08-27T23:33:22","guid":{"rendered":"https:\/\/roveyayinevi.com.tr\/index.php\/urun\/periler-2\/"},"modified":"2026-04-16T02:58:27","modified_gmt":"2026-04-15T23:58:27","slug":"periler-2","status":"publish","type":"product","link":"https:\/\/roveyayinevi.com.tr\/index.php\/urun\/periler-2\/","title":{"rendered":"Periler"},"content":{"rendered":"<p>\u201cPeriler, \u015f\u00f6len ve dansa kadar insan ya\u015fam\u0131n\u0131n neredeyse her y\u00f6n\u00fcn\u00fc taklit etme e\u011filimleriyle \u00e7o\u011fumuzun a\u015fina oldu\u011fu daha ruhani hayaletlere pek de benzemezler. Bu, k\u0131smen hayalet perinin yaln\u0131zca belirli bir t\u00fcr peri oldu\u011fu ger\u00e7e\u011fiyle a\u00e7\u0131klanabilir. Perilerin bizzat \u00f6l\u00fclerin ruhlar\u0131 oldu\u011fu meselesi de kesinlikle karma\u015f\u0131kt\u0131r. Baz\u0131lar\u0131 i\u00e7in mesele sadece \u00f6l\u00fc olmak de\u011fil; ne zaman, nerede ve nas\u0131l \u00f6l\u00fcnd\u00fc\u011f\u00fc meselesiydi.\u201d Bir\u00e7ok film ve animasyonda izledi\u011fimiz periler ger\u00e7ekten sevimli miydi? 17. y\u00fczy\u0131l Avrupas\u0131\u2019nda ya\u015fayan insanlar i\u00e7in kesinlikle de\u011fildi. D\u00fcnyay\u0131 yok etme g\u00fcc\u00fcne sahip oldu\u011funa inan\u0131lan periler, musallat oldu\u011funa inan\u0131lan evlerin terk edilmesine, insanlar\u0131n \u00f6ld\u00fcr\u00fclmesine yol a\u00e7t\u0131. Hayaletler, cad\u0131lar, kara b\u00fcy\u00fcler gibi periler de 20. y\u00fczy\u0131la kadar insanlar\u0131n en b\u00fcy\u00fck korkusu oldu. Edebiyatta ve sanatta korku nedeni olan perilerin 20. y\u00fczy\u0131ldan itibaren sevimli kahramanlara d\u00f6n\u00fc\u015f\u00fcn\u00fc tarihsel bir \u00e7er\u00e7evede inceleyen Richard Sugg, ak\u0131c\u0131 \u00fcslubuyla bizi, bug\u00fcn\u00fcn kahramanlar\u0131n\u0131n karanl\u0131k ge\u00e7mi\u015fine bakmaya davet ediyor.<\/p>\n","protected":false},"excerpt":{"rendered":"<p>\u201cPeriler, \u015f\u00f6len ve dansa kadar insan ya\u015fam\u0131n\u0131n neredeyse her y\u00f6n\u00fcn\u00fc taklit etme e\u011filimleriyle \u00e7o\u011fumuzun a\u015fina oldu\u011fu daha ruhani hayaletlere pek de benzemezler. Bu, k\u0131smen hayalet perinin<span class=\"excerpt-hellip\"> [\u2026]<\/span><\/p>\n","protected":false},"featured_media":0,"template":"","meta":{"_monsterinsights_skip_tracking":false,"_monsterinsights_sitenote_active":false,"_monsterinsights_sitenote_note":"","_monsterinsights_sitenote_category":0},"product_brand":[],"product_cat":[12312,12304],"product_tag":[],"class_list":{"0":"post-746040","1":"product","2":"type-product","3":"status-publish","5":"product_cat-diger","6":"product_cat-tarih","7":"pa_cilt-ciltsiz","8":"pa_tur-kitap","9":"pa_yayinevi-fol-kitap","10":"pa_yazar-richard-sugg","12":"first","13":"instock","14":"sale","15":"shipping-taxable","16":"purchasable","17":"product-type-simple"},"_links":{"self":[{"href":"https:\/\/roveyayinevi.com.tr\/index.php\/wp-json\/wp\/v2\/product\/746040","targetHints":{"allow":["GET"]}}],"collection":[{"href":"https:\/\/roveyayinevi.com.tr\/index.php\/wp-json\/wp\/v2\/product"}],"about":[{"href":"https:\/\/roveyayinevi.com.tr\/index.php\/wp-json\/wp\/v2\/types\/product"}],"wp:attachment":[{"href":"https:\/\/roveyayinevi.com.tr\/index.php\/wp-json\/wp\/v2\/media?parent=746040"}],"wp:term":[{"taxonomy":"product_brand","embeddable":true,"href":"https:\/\/roveyayinevi.com.tr\/index.php\/wp-json\/wp\/v2\/product_brand?post=746040"},{"taxonomy":"product_cat","embeddable":true,"href":"https:\/\/roveyayinevi.com.tr\/index.php\/wp-json\/wp\/v2\/product_cat?post=746040"},{"taxonomy":"product_tag","embeddable":true,"href":"https:\/\/roveyayinevi.com.tr\/index.php\/wp-json\/wp\/v2\/product_tag?post=746040"}],"curies":[{"name":"wp","href":"https:\/\/api.w.org\/{rel}","templated":true}]}}