{"id":746033,"date":"2025-08-28T02:33:16","date_gmt":"2025-08-27T23:33:16","guid":{"rendered":"https:\/\/roveyayinevi.com.tr\/index.php\/urun\/bugun-nereye-gidelim\/"},"modified":"2026-04-08T03:05:36","modified_gmt":"2026-04-08T00:05:36","slug":"bugun-nereye-gidelim","status":"publish","type":"product","link":"https:\/\/roveyayinevi.com.tr\/index.php\/urun\/bugun-nereye-gidelim\/","title":{"rendered":"Bug\u00fcn Nereye Gidelim?"},"content":{"rendered":"<p>Bu Kitapta Senin \u0130\u00e7in Bir Macera Var!* Her yeni macera ke\u015fif demek, ke\u015ffetmeye haz\u0131r m\u0131s\u0131n?* Her insan farkl\u0131 bir hayat demek, seni tan\u0131\u015ft\u0131raca\u011f\u0131m yeni dostlar\u0131m var!* Bazen kalabal\u0131kta arad\u0131\u011f\u0131n\u0131 bulamazs\u0131n ama o bir yerlerden sana bak\u0131p g\u00f6zk\u0131rp\u0131yordur.* B\u00fcy\u00fck resimdeki k\u00fc\u00e7\u00fck detaylar\u0131 bulmaya ne dersin?* Ailenle vakit ge\u00e7irmeyi sever misin? Ben bay\u0131l\u0131r\u0131m, ailem benim her \u015feyim!* G\u00f6rsel haf\u0131zan g\u00fc\u00e7l\u00fc m\u00fc? G\u00f6rmeyi \u00f6\u011frendik\u00e7e g\u00fc\u00e7lenecek emin ol!<\/p>\n","protected":false},"excerpt":{"rendered":"<p>Bu Kitapta Senin \u0130\u00e7in Bir Macera Var!* Her yeni macera ke\u015fif demek, ke\u015ffetmeye haz\u0131r m\u0131s\u0131n?* Her insan farkl\u0131 bir hayat demek, seni tan\u0131\u015ft\u0131raca\u011f\u0131m yeni dostlar\u0131m var!*<span class=\"excerpt-hellip\"> [\u2026]<\/span><\/p>\n","protected":false},"featured_media":0,"template":"","meta":{"_monsterinsights_skip_tracking":false,"_monsterinsights_sitenote_active":false,"_monsterinsights_sitenote_note":"","_monsterinsights_sitenote_category":0},"product_brand":[],"product_cat":[12274],"product_tag":[],"class_list":{"0":"post-746033","1":"product","2":"type-product","3":"status-publish","5":"product_cat-cocuk-ve-genclik-kitaplari","6":"pa_cilt-ciltsiz","7":"pa_tur-kitap","8":"pa_yayinevi-timas-cocuk","9":"pa_yazar-aysenur-kurtulus-peltek","11":"first","12":"instock","13":"sale","14":"shipping-taxable","15":"purchasable","16":"product-type-simple"},"_links":{"self":[{"href":"https:\/\/roveyayinevi.com.tr\/index.php\/wp-json\/wp\/v2\/product\/746033","targetHints":{"allow":["GET"]}}],"collection":[{"href":"https:\/\/roveyayinevi.com.tr\/index.php\/wp-json\/wp\/v2\/product"}],"about":[{"href":"https:\/\/roveyayinevi.com.tr\/index.php\/wp-json\/wp\/v2\/types\/product"}],"wp:attachment":[{"href":"https:\/\/roveyayinevi.com.tr\/index.php\/wp-json\/wp\/v2\/media?parent=746033"}],"wp:term":[{"taxonomy":"product_brand","embeddable":true,"href":"https:\/\/roveyayinevi.com.tr\/index.php\/wp-json\/wp\/v2\/product_brand?post=746033"},{"taxonomy":"product_cat","embeddable":true,"href":"https:\/\/roveyayinevi.com.tr\/index.php\/wp-json\/wp\/v2\/product_cat?post=746033"},{"taxonomy":"product_tag","embeddable":true,"href":"https:\/\/roveyayinevi.com.tr\/index.php\/wp-json\/wp\/v2\/product_tag?post=746033"}],"curies":[{"name":"wp","href":"https:\/\/api.w.org\/{rel}","templated":true}]}}