{"id":746029,"date":"2025-08-28T02:33:04","date_gmt":"2025-08-27T23:33:04","guid":{"rendered":"https:\/\/roveyayinevi.com.tr\/index.php\/urun\/festergrimm-ciltli\/"},"modified":"2026-04-16T02:58:26","modified_gmt":"2026-04-15T23:58:26","slug":"festergrimm-ciltli","status":"publish","type":"product","link":"https:\/\/roveyayinevi.com.tr\/index.php\/urun\/festergrimm-ciltli\/","title":{"rendered":"Festergrimm (Ciltli)"},"content":{"rendered":"<p>MEKAN\u0130K B\u0130R DEV UYANIRKEN, KASABA \u0130\u00c7\u0130N ZAMAN DARALIYOR! B\u00fcy\u00fck Nautilus Oteli\u2019nin Kay\u0131p E\u015fya Koruyucusu Herbie ve korkusuz arkada\u015f\u0131 Violet, \u015fu ana dek Tuhaf Deniz Kasabas\u0131\u2019n\u0131n pek \u00e7ok s\u0131rr\u0131n\u0131 ortaya \u00e7\u0131karm\u0131\u015ft\u0131r: Dalgalar\u0131n alt\u0131nda gizlenen, sahillere vuran ve kilitli kap\u0131lar\u0131n ard\u0131nda yatan s\u0131rlar. Zeki ve ac\u0131mas\u0131z d\u00fc\u015fmanlar\u0131 Sebastian Y\u0131lanbal\u0131k, kasaban\u0131n so\u011fuk ve f\u0131rt\u0131nal\u0131 bir g\u00fcn\u00fcnde \u00f6l\u00fcmden d\u00f6nm\u00fc\u015f\u00e7esine ortaya \u00e7\u0131k\u0131p uzun s\u00fcredir kapal\u0131 olan balmumu m\u00fczesini a\u00e7ma planlar\u0131n\u0131 anlatt\u0131\u011f\u0131nda, maceraperest ikili onun k\u00f6t\u00fc niyetlerinden \u015f\u00fcphelenir. Ara\u015ft\u0131rmalar\u0131 onlar\u0131 kasaban\u0131n s\u0131rlarla dolu efsanevi ge\u00e7mi\u015fine g\u00f6t\u00fcrd\u00fc\u011f\u00fcnde, hakl\u0131 olduklar\u0131n\u0131 anlarlar. Sebastian Y\u0131lanbal\u0131k, anahtar\u0131n\u0131n Herbie\u2019de oldu\u011funu inand\u0131\u011f\u0131 bu s\u0131rr\u0131 ortaya \u00e7\u0131karmak i\u00e7in her \u015feyi g\u00f6ze alm\u0131\u015ft\u0131r. \u00d6l\u00fcmden d\u00f6nen ezeli ba\u015f d\u00fc\u015fman\u2026 \u00dcrk\u00fct\u00fcc\u00fc efsaneler\u2026 Hareket eden balmumu heykelleri\u2026 Ve kasabay\u0131 kas\u0131p kavuran devasa bir robot\u2026 Devam\u0131 i\u00e7in yeterince cesaretli misin?<\/p>\n","protected":false},"excerpt":{"rendered":"<p>MEKAN\u0130K B\u0130R DEV UYANIRKEN, KASABA \u0130\u00c7\u0130N ZAMAN DARALIYOR! B\u00fcy\u00fck Nautilus Oteli\u2019nin Kay\u0131p E\u015fya Koruyucusu Herbie ve korkusuz arkada\u015f\u0131 Violet, \u015fu ana dek Tuhaf Deniz Kasabas\u0131\u2019n\u0131n pek<span class=\"excerpt-hellip\"> [\u2026]<\/span><\/p>\n","protected":false},"featured_media":0,"template":"","meta":{"_monsterinsights_skip_tracking":false,"_monsterinsights_sitenote_active":false,"_monsterinsights_sitenote_note":"","_monsterinsights_sitenote_category":0},"product_brand":[],"product_cat":[12291,14777],"product_tag":[],"class_list":{"0":"post-746029","1":"product","2":"type-product","3":"status-publish","5":"product_cat-edebiyat","6":"product_cat-fantastik","7":"pa_cilt-ciltli","8":"pa_tur-kitap","9":"pa_yayinevi-genc-timas","10":"pa_yazar-thomas-taylor","12":"first","13":"instock","14":"sale","15":"shipping-taxable","16":"purchasable","17":"product-type-simple"},"_links":{"self":[{"href":"https:\/\/roveyayinevi.com.tr\/index.php\/wp-json\/wp\/v2\/product\/746029","targetHints":{"allow":["GET"]}}],"collection":[{"href":"https:\/\/roveyayinevi.com.tr\/index.php\/wp-json\/wp\/v2\/product"}],"about":[{"href":"https:\/\/roveyayinevi.com.tr\/index.php\/wp-json\/wp\/v2\/types\/product"}],"wp:attachment":[{"href":"https:\/\/roveyayinevi.com.tr\/index.php\/wp-json\/wp\/v2\/media?parent=746029"}],"wp:term":[{"taxonomy":"product_brand","embeddable":true,"href":"https:\/\/roveyayinevi.com.tr\/index.php\/wp-json\/wp\/v2\/product_brand?post=746029"},{"taxonomy":"product_cat","embeddable":true,"href":"https:\/\/roveyayinevi.com.tr\/index.php\/wp-json\/wp\/v2\/product_cat?post=746029"},{"taxonomy":"product_tag","embeddable":true,"href":"https:\/\/roveyayinevi.com.tr\/index.php\/wp-json\/wp\/v2\/product_tag?post=746029"}],"curies":[{"name":"wp","href":"https:\/\/api.w.org\/{rel}","templated":true}]}}