{"id":746027,"date":"2025-08-28T02:33:01","date_gmt":"2025-08-27T23:33:01","guid":{"rendered":"https:\/\/roveyayinevi.com.tr\/index.php\/urun\/sona-kalan-dona-kalir-ucuk-ailemle-kacik-maceralar-5\/"},"modified":"2026-04-16T02:58:26","modified_gmt":"2026-04-15T23:58:26","slug":"sona-kalan-dona-kalir-ucuk-ailemle-kacik-maceralar-5","status":"publish","type":"product","link":"https:\/\/roveyayinevi.com.tr\/index.php\/urun\/sona-kalan-dona-kalir-ucuk-ailemle-kacik-maceralar-5\/","title":{"rendered":"Sona Kalan Dona Kal\u0131r! &#8211; U\u00e7uk Ailemle Ka\u00e7\u0131k Maceralar-5"},"content":{"rendered":"<p>Okulda d\u00fczenlenen k\u00fclt\u00fcr kayna\u015fmas\u0131 program\u0131na Emir de dahil olunca olanlar oluyor. Farkl\u0131 \u00fclkelerden gelecek olan gen\u00e7leri misafir etmeleri i\u00e7in \u00e7ekilen kurada Emir&#8217;in pay\u0131na Nurgun d\u00fc\u015f\u00fcyor. Yakutistan&#8217;dan gelen misafirin ailesine yollad\u0131\u011f\u0131 video ise kahkahan\u0131n temellerini at\u0131yor. D\u00e2hiyane fikirleriyle Reha yine i\u015f ba\u015f\u0131nda!Emir ba\u015flar\u0131na geleceklerin sinyallerini almaya ba\u015flam\u0131\u015ft\u0131. Kafalar\u0131ndaki acabalar ve Bahtiyar Dede&#8217;nin vazge\u00e7emedi\u011fi i\u00e7li\u011fi ile birlikte buz gibi bir \u00fclkeye do\u011fru yola \u00e7\u0131k\u0131yorlar. U\u00e7uk Ailesi\u2019nden ka\u00e7\u0131k olmayan bir hik\u00e2ye beklenemez elbette. Sona kalanlar ve dona kalanlar maceraya kald\u0131klar\u0131 yerden devam ediyor. <\/p>\n","protected":false},"excerpt":{"rendered":"<p>Okulda d\u00fczenlenen k\u00fclt\u00fcr kayna\u015fmas\u0131 program\u0131na Emir de dahil olunca olanlar oluyor. Farkl\u0131 \u00fclkelerden gelecek olan gen\u00e7leri misafir etmeleri i\u00e7in \u00e7ekilen kurada Emir&#8217;in pay\u0131na Nurgun d\u00fc\u015f\u00fcyor. Yakutistan&#8217;dan<span class=\"excerpt-hellip\"> [\u2026]<\/span><\/p>\n","protected":false},"featured_media":0,"template":"","meta":{"_monsterinsights_skip_tracking":false,"_monsterinsights_sitenote_active":false,"_monsterinsights_sitenote_note":"","_monsterinsights_sitenote_category":0},"product_brand":[],"product_cat":[12291,14825],"product_tag":[],"class_list":{"0":"post-746027","1":"product","2":"type-product","3":"status-publish","5":"product_cat-edebiyat","6":"product_cat-mizah","7":"pa_cilt-ciltsiz","8":"pa_tur-kitap","9":"pa_yayinevi-carpe-diem-kitaplari","10":"pa_yazar-salih-uyan","12":"first","13":"instock","14":"sale","15":"shipping-taxable","16":"purchasable","17":"product-type-simple"},"_links":{"self":[{"href":"https:\/\/roveyayinevi.com.tr\/index.php\/wp-json\/wp\/v2\/product\/746027","targetHints":{"allow":["GET"]}}],"collection":[{"href":"https:\/\/roveyayinevi.com.tr\/index.php\/wp-json\/wp\/v2\/product"}],"about":[{"href":"https:\/\/roveyayinevi.com.tr\/index.php\/wp-json\/wp\/v2\/types\/product"}],"wp:attachment":[{"href":"https:\/\/roveyayinevi.com.tr\/index.php\/wp-json\/wp\/v2\/media?parent=746027"}],"wp:term":[{"taxonomy":"product_brand","embeddable":true,"href":"https:\/\/roveyayinevi.com.tr\/index.php\/wp-json\/wp\/v2\/product_brand?post=746027"},{"taxonomy":"product_cat","embeddable":true,"href":"https:\/\/roveyayinevi.com.tr\/index.php\/wp-json\/wp\/v2\/product_cat?post=746027"},{"taxonomy":"product_tag","embeddable":true,"href":"https:\/\/roveyayinevi.com.tr\/index.php\/wp-json\/wp\/v2\/product_tag?post=746027"}],"curies":[{"name":"wp","href":"https:\/\/api.w.org\/{rel}","templated":true}]}}