{"id":746026,"date":"2025-08-28T02:33:00","date_gmt":"2025-08-27T23:33:00","guid":{"rendered":"https:\/\/roveyayinevi.com.tr\/index.php\/urun\/ilahi-huzurda\/"},"modified":"2026-04-16T02:58:26","modified_gmt":"2026-04-15T23:58:26","slug":"ilahi-huzurda","status":"publish","type":"product","link":"https:\/\/roveyayinevi.com.tr\/index.php\/urun\/ilahi-huzurda\/","title":{"rendered":"\u0130lahi Huzurda"},"content":{"rendered":"<p>Sufi bak\u0131\u015f a\u00e7\u0131s\u0131nda \u0130lahi Huzurda olma d\u00fc\u015f\u00fcncesi g\u00fcn\u00fcm\u00fczde s\u0131k\u00e7a kar\u015f\u0131m\u0131za \u00e7\u0131kan \u201cbilin\u00e7li fark\u0131ndal\u0131\u011f\u0131n\u201d (mindfulness) kalbi bir ifadesi olarak de\u011ferlendirilebilir. Yaln\u0131zca bilin\u00e7li olarak huzurda, bu anda ve buradaysak, \u00f6\u011fretiler kendini a\u00e7abilir ve bizler \u0130lahi Olan ile bir ba\u011f kurabiliriz.    D\u00fcnya \u00e7ap\u0131nda me\u015fhur sufi \u00fcstatlar\u0131ndan biri olan ve 40 y\u0131l\u0131 a\u015fk\u0131n s\u00fcredir Hz. Mevlana yolunda hizmet veren Kabir Helminski elinizde tuttu\u011funuz kitab\u0131nda tasavvufun temel prensiplerini ve bu fikirlerin nas\u0131l bir mevcudiyet deneyimine \u00f6n ayak olabilece\u011fini a\u00e7\u0131kl\u0131yor. Bu ilham verici eserde okuyucular kendi hayatlar\u0131nda huzurda olma hallerini ve bilin\u00e7li fark\u0131ndal\u0131klar\u0131n\u0131 nas\u0131l geli\u015ftirebileceklerini \u00f6\u011frenirken; d\u0131\u015f d\u00fcnyadan gelen uyaranlar\u0131 ve bu uyaranlara verilen i\u00e7sel tepkileri, sadakat ve zarafet ile hareket etmeyi, kadim manevi bilgelik ile modern psikolojinin paralelliklerini, meditasyon ve tefekk\u00fcr ile g\u00fcndelik ya\u015fant\u0131lar\u0131nda daha \u00e7ok anlam bulmay\u0131 ke\u015ffedebilecekler. Kendine has netli\u011fi ile bu kitap hayatlar\u0131m\u0131z\u0131 daha iyi hale getirme potansiyeline sahip mevcudiyet ve bilin\u00e7li fark\u0131ndal\u0131\u011f\u0131m\u0131z\u0131 geli\u015ftirmemiz i\u00e7in bize rehber olacak nitelikte. Hz. Mevlana\u2019n\u0131n eserlerinden, Ben\u00f6tesi (transpersonal) psikolojisinden, geleneksel sufi literat\u00fcr\u00fcnden ve Helminski\u2019nin ki\u015fisel deneyimlerinden faydalan\u0131lan kitapta, modern d\u00fcnyan\u0131n ihtiya\u00e7lar\u0131 kadim sufi bilgeli\u011fi ile entegre ediliyor ve okuyucuya pratik ve evrensel \u00f6\u011fretiler sunuluyor.<\/p>\n","protected":false},"excerpt":{"rendered":"<p>Sufi bak\u0131\u015f a\u00e7\u0131s\u0131nda \u0130lahi Huzurda olma d\u00fc\u015f\u00fcncesi g\u00fcn\u00fcm\u00fczde s\u0131k\u00e7a kar\u015f\u0131m\u0131za \u00e7\u0131kan \u201cbilin\u00e7li fark\u0131ndal\u0131\u011f\u0131n\u201d (mindfulness) kalbi bir ifadesi olarak de\u011ferlendirilebilir. Yaln\u0131zca bilin\u00e7li olarak huzurda, bu anda ve<span class=\"excerpt-hellip\"> [\u2026]<\/span><\/p>\n","protected":false},"featured_media":0,"template":"","meta":{"_monsterinsights_skip_tracking":false,"_monsterinsights_sitenote_active":false,"_monsterinsights_sitenote_note":"","_monsterinsights_sitenote_category":0},"product_brand":[],"product_cat":[12718,12719,15238],"product_tag":[],"class_list":{"0":"post-746026","1":"product","2":"type-product","3":"status-publish","5":"product_cat-din","6":"product_cat-islam","7":"product_cat-tasavvuf","8":"pa_cilt-ciltsiz","9":"pa_tur-kitap","10":"pa_yayinevi-sufi-kitap","11":"pa_yazar-kabir-helminski","13":"first","14":"instock","15":"sale","16":"shipping-taxable","17":"purchasable","18":"product-type-simple"},"_links":{"self":[{"href":"https:\/\/roveyayinevi.com.tr\/index.php\/wp-json\/wp\/v2\/product\/746026","targetHints":{"allow":["GET"]}}],"collection":[{"href":"https:\/\/roveyayinevi.com.tr\/index.php\/wp-json\/wp\/v2\/product"}],"about":[{"href":"https:\/\/roveyayinevi.com.tr\/index.php\/wp-json\/wp\/v2\/types\/product"}],"wp:attachment":[{"href":"https:\/\/roveyayinevi.com.tr\/index.php\/wp-json\/wp\/v2\/media?parent=746026"}],"wp:term":[{"taxonomy":"product_brand","embeddable":true,"href":"https:\/\/roveyayinevi.com.tr\/index.php\/wp-json\/wp\/v2\/product_brand?post=746026"},{"taxonomy":"product_cat","embeddable":true,"href":"https:\/\/roveyayinevi.com.tr\/index.php\/wp-json\/wp\/v2\/product_cat?post=746026"},{"taxonomy":"product_tag","embeddable":true,"href":"https:\/\/roveyayinevi.com.tr\/index.php\/wp-json\/wp\/v2\/product_tag?post=746026"}],"curies":[{"name":"wp","href":"https:\/\/api.w.org\/{rel}","templated":true}]}}