{"id":746025,"date":"2025-08-28T02:32:59","date_gmt":"2025-08-27T23:32:59","guid":{"rendered":"https:\/\/roveyayinevi.com.tr\/index.php\/urun\/the-ottoman-empire-a-history-ingilizce\/"},"modified":"2026-04-16T02:58:26","modified_gmt":"2026-04-15T23:58:26","slug":"the-ottoman-empire-a-history-ingilizce","status":"publish","type":"product","link":"https:\/\/roveyayinevi.com.tr\/index.php\/urun\/the-ottoman-empire-a-history-ingilizce\/","title":{"rendered":"The Ottoman Empire: A History (\u0130ngilizce)"},"content":{"rendered":"<p>Osmanl\u0131 \u0130mparatorlu\u011fu hakk\u0131nda \u0130ngilizce yaz\u0131lm\u0131\u015f bir ders kitab\u0131 olan bu eser, iki ana b\u00f6l\u00fcmden olu\u015fuyor: \u0130lk b\u00f6l\u00fcmde imparatorluk tarihinde meydana gelmi\u015f b\u00fct\u00fcn b\u00fcy\u00fck siyasi ve asker\u00ee olaylar aktar\u0131l\u0131yor. \u0130kinci b\u00f6l\u00fcmde ise \u0130mparatorlu\u011fun ekonomi, hukuk, finans alan\u0131nda faaliyet g\u00f6steren kurumlar\u0131 ve genel olarak devletin devaml\u0131l\u0131\u011f\u0131n\u0131 sa\u011flayan kurumsal yap\u0131s\u0131 ayr\u0131nt\u0131l\u0131 bi\u00e7imde ele al\u0131n\u0131yor. Anlat\u0131lan konular\u0131n daha kolay anla\u015f\u0131lmas\u0131 i\u00e7in her b\u00f6l\u00fcm kendi i\u00e7inde alt b\u00f6l\u00fcmlere ayr\u0131lm\u0131\u015f. Buna ek olarak her b\u00f6l\u00fcm\u00fcn ba\u015f\u0131nda b\u00f6l\u00fcm\u00fcn kapsad\u0131\u011f\u0131 tarih aral\u0131\u011f\u0131nda meydana gelen olaylar\u0131n kronolojisi verilmi\u015f. Devletin tarihinde \u00f6nemli yeri olan kavramlar da ayr\u0131ca a\u00e7\u0131klanm\u0131\u015f. Yine her b\u00f6l\u00fcm\u00fcn sonunda konuyla ilgili okumalar\u0131n\u0131 derinle\u015ftirmek isteyenler i\u00e7in okuma tavsiyeleri yer al\u0131yor.  Ak\u0131c\u0131 bir \u00fcslupla kaleme al\u0131nan, rahat okunan bu kitap Osmanl\u0131 \u0130mparatorlu\u011fu hakk\u0131nda s\u0131k\u00e7a g\u00fcndeme getirilen baz\u0131 sorulara da cevap veriyor: Di\u011fer imparatorluklarla k\u0131yasland\u0131\u011f\u0131nda Osmanl\u0131 \u0130mparatorlu\u011fu&#8217;nun d\u00fcnya tarihindeki yeri nedir? Osmanl\u0131 \u0130mparatorlu\u011fu&#8217;nun bu kadar uzun s\u00fcre ayakta kalabilmesinin s\u0131rr\u0131 nedir? Osmanl\u0131 \u0130mparatorlu\u011fu Bat\u0131 Asya imparatorlu\u011fu muydu, yoksa Akdeniz devleti miydi? Kitab\u0131 okuyanlar\u0131n temel d\u00fczeyde Osmanl\u0131 \u0130mparatorlu\u011fu&#8217;na dair sorusunun kalmayaca\u011f\u0131n\u0131 garanti etmek m\u00fcmk\u00fcn.<\/p>\n","protected":false},"excerpt":{"rendered":"<p>Osmanl\u0131 \u0130mparatorlu\u011fu hakk\u0131nda \u0130ngilizce yaz\u0131lm\u0131\u015f bir ders kitab\u0131 olan bu eser, iki ana b\u00f6l\u00fcmden olu\u015fuyor: \u0130lk b\u00f6l\u00fcmde imparatorluk tarihinde meydana gelmi\u015f b\u00fct\u00fcn b\u00fcy\u00fck siyasi ve asker\u00ee<span class=\"excerpt-hellip\"> [\u2026]<\/span><\/p>\n","protected":false},"featured_media":0,"template":"","meta":{"_monsterinsights_skip_tracking":false,"_monsterinsights_sitenote_active":false,"_monsterinsights_sitenote_note":"","_monsterinsights_sitenote_category":0},"product_brand":[],"product_cat":[13517,12304],"product_tag":[],"class_list":{"0":"post-746025","1":"product","2":"type-product","3":"status-publish","5":"product_cat-osmanli-tarihi","6":"product_cat-tarih","7":"pa_cilt-ciltsiz","8":"pa_tur-kitap","9":"pa_yayinevi-timas-akademi-yayinlari","10":"pa_yazar-gokhan-cetinsaya","12":"first","13":"instock","14":"sale","15":"shipping-taxable","16":"purchasable","17":"product-type-simple"},"_links":{"self":[{"href":"https:\/\/roveyayinevi.com.tr\/index.php\/wp-json\/wp\/v2\/product\/746025","targetHints":{"allow":["GET"]}}],"collection":[{"href":"https:\/\/roveyayinevi.com.tr\/index.php\/wp-json\/wp\/v2\/product"}],"about":[{"href":"https:\/\/roveyayinevi.com.tr\/index.php\/wp-json\/wp\/v2\/types\/product"}],"wp:attachment":[{"href":"https:\/\/roveyayinevi.com.tr\/index.php\/wp-json\/wp\/v2\/media?parent=746025"}],"wp:term":[{"taxonomy":"product_brand","embeddable":true,"href":"https:\/\/roveyayinevi.com.tr\/index.php\/wp-json\/wp\/v2\/product_brand?post=746025"},{"taxonomy":"product_cat","embeddable":true,"href":"https:\/\/roveyayinevi.com.tr\/index.php\/wp-json\/wp\/v2\/product_cat?post=746025"},{"taxonomy":"product_tag","embeddable":true,"href":"https:\/\/roveyayinevi.com.tr\/index.php\/wp-json\/wp\/v2\/product_tag?post=746025"}],"curies":[{"name":"wp","href":"https:\/\/api.w.org\/{rel}","templated":true}]}}