{"id":746022,"date":"2025-08-28T02:32:56","date_gmt":"2025-08-27T23:32:56","guid":{"rendered":"https:\/\/roveyayinevi.com.tr\/index.php\/urun\/zamanin-icinden-zamanin-disindan\/"},"modified":"2026-04-16T02:58:26","modified_gmt":"2026-04-15T23:58:26","slug":"zamanin-icinden-zamanin-disindan","status":"publish","type":"product","link":"https:\/\/roveyayinevi.com.tr\/index.php\/urun\/zamanin-icinden-zamanin-disindan\/","title":{"rendered":"Zaman\u0131n \u0130\u00e7inden Zaman\u0131n D\u0131\u015f\u0131ndan"},"content":{"rendered":"<p>Vicdan bendeki \u00f6tekidir. Hatta t\u00fcm \u00f6tekilerdir. Ben&#8217;in t\u00fcm \u00f6tekileri i\u00e7inde hissetmesidir. Vicdan\u0131n olmad\u0131\u011f\u0131 yerde her \u015fey art\u0131k bir kuru g\u00fcr\u00fclt\u00fcd\u00fcr. [&#8230;] Hakikat duygusu, bizim ideolojimiz d\u0131\u015f\u0131nda birinin s\u00f6yledi\u011fi bir c\u00fcmlede hakikate dair bir \u015fey varsa e\u011fer onun hakk\u0131n\u0131 teslim etmemizi sa\u011flayan \u015feydirBesim F. Dellalo\u011flu Zaman\u0131n \u0130\u00e7inden Zaman\u0131n D\u0131\u015f\u0131ndan: Gelenek ve Modernlik Aras\u0131nda\u2019da bir sosyolog olarak g\u00fcndelik kavramlar \u00fczerinden bir T\u00fcrkiye panoramas\u0131 \u00e7\u0131kar\u0131yor. \u0130deolojik mahallelerin hangi kelimeler ve kavramlar \u00fczerinden meseleleri nas\u0131l yanl\u0131\/\u015f yorumlad\u0131klar\u0131n\u0131 \u00f6rnekleriyle anlat\u0131yor, i\u00e7 i\u00e7e ge\u00e7mi\u015f kavramlar\u0131n r\u00f6ntgenini \u00e7ekiyor.Modernlik, \u00e7a\u011fda\u015fl\u0131k, gelenekselcilik, ilericilik, laiklik, muhafazak\u00e2rl\u0131k, felsefe, sanat gibi ger\u00e7ek anlam\u0131n\u0131 pek merak etmedi\u011fimiz fakat kullanmay\u0131 \u00e7ok sevdi\u011fimiz \u201c\u015f\u0131k\u201d kavramlar\u0131 nas\u0131l ve neden sadece \u015feklen benimsedi\u011fimizi okurla birlikte \u00e7\u00f6zmeye \u00e7al\u0131\u015f\u0131yor, medeniyet \u00fcretemememizi sorguluyor.Zaman\u0131n \u0130\u00e7inden Zaman\u0131n D\u0131\u015f\u0131ndan: Gelenek ve Modernlik Aras\u0131nda, \u201cokuryazar\u201dlar\u0131n zihin masas\u0131nda yer bulmas\u0131 elzem bir yol haritas\u0131.<\/p>\n","protected":false},"excerpt":{"rendered":"<p>Vicdan bendeki \u00f6tekidir. Hatta t\u00fcm \u00f6tekilerdir. Ben&#8217;in t\u00fcm \u00f6tekileri i\u00e7inde hissetmesidir. Vicdan\u0131n olmad\u0131\u011f\u0131 yerde her \u015fey art\u0131k bir kuru g\u00fcr\u00fclt\u00fcd\u00fcr. [&#8230;] Hakikat duygusu, bizim ideolojimiz d\u0131\u015f\u0131nda<span class=\"excerpt-hellip\"> [\u2026]<\/span><\/p>\n","protected":false},"featured_media":0,"template":"","meta":{"_monsterinsights_skip_tracking":false,"_monsterinsights_sitenote_active":false,"_monsterinsights_sitenote_note":"","_monsterinsights_sitenote_category":0},"product_brand":[],"product_cat":[12325,12324],"product_tag":[],"class_list":{"0":"post-746022","1":"product","2":"type-product","3":"status-publish","5":"product_cat-diger-sosyoloji","6":"product_cat-sosyoloji","7":"pa_cilt-ciltsiz","8":"pa_tur-kitap","9":"pa_yayinevi-timas-yayinlari","10":"pa_yazar-besim-f-dellaloglu","12":"first","13":"instock","14":"sale","15":"shipping-taxable","16":"purchasable","17":"product-type-simple"},"_links":{"self":[{"href":"https:\/\/roveyayinevi.com.tr\/index.php\/wp-json\/wp\/v2\/product\/746022","targetHints":{"allow":["GET"]}}],"collection":[{"href":"https:\/\/roveyayinevi.com.tr\/index.php\/wp-json\/wp\/v2\/product"}],"about":[{"href":"https:\/\/roveyayinevi.com.tr\/index.php\/wp-json\/wp\/v2\/types\/product"}],"wp:attachment":[{"href":"https:\/\/roveyayinevi.com.tr\/index.php\/wp-json\/wp\/v2\/media?parent=746022"}],"wp:term":[{"taxonomy":"product_brand","embeddable":true,"href":"https:\/\/roveyayinevi.com.tr\/index.php\/wp-json\/wp\/v2\/product_brand?post=746022"},{"taxonomy":"product_cat","embeddable":true,"href":"https:\/\/roveyayinevi.com.tr\/index.php\/wp-json\/wp\/v2\/product_cat?post=746022"},{"taxonomy":"product_tag","embeddable":true,"href":"https:\/\/roveyayinevi.com.tr\/index.php\/wp-json\/wp\/v2\/product_tag?post=746022"}],"curies":[{"name":"wp","href":"https:\/\/api.w.org\/{rel}","templated":true}]}}