{"id":746020,"date":"2025-08-28T02:32:54","date_gmt":"2025-08-27T23:32:54","guid":{"rendered":"https:\/\/roveyayinevi.com.tr\/index.php\/urun\/muzik-cocuk\/"},"modified":"2026-04-16T02:58:26","modified_gmt":"2026-04-15T23:58:26","slug":"muzik-cocuk","status":"publish","type":"product","link":"https:\/\/roveyayinevi.com.tr\/index.php\/urun\/muzik-cocuk\/","title":{"rendered":"M\u00fczik-\u00c7ocuk"},"content":{"rendered":"<p>\u201cSa\u011fl\u0131kl\u0131 zihinlerin ve bedenlerin insanc\u0131l ve \u015fefkatli de\u011ferler geli\u015ftirebilmesi i\u00e7in m\u00fczi\u011fe \u015fimdi her zamankinden daha fazla ihtiyac\u0131m\u0131z var \u2013ve bu, tam da m\u00fczik yapman\u0131n a\u015f\u0131lad\u0131\u011f\u0131 \u015fey. Bu harika eserde g\u00f6zlerimi ya\u015fartan ifadeler vard\u0131. Umar\u0131m gelece\u011fin karar vericileri M\u00fczik-\u00c7ocuk\u2019un mesaj\u0131na kulak verir.\u201d\u2014Herbie Hancock, piyanist ve besteciJoan Koenig, otuz y\u0131l\u0131 a\u015fk\u0131n bir s\u00fcre \u00f6nce Paris&#8217;teki \u00fcnl\u00fc m\u00fczik okulunu a\u00e7t\u0131\u011f\u0131ndan beri, m\u00fczi\u011fin d\u00f6n\u00fc\u015ft\u00fcr\u00fcc\u00fc g\u00fcc\u00fcyle \u00e7ocuklar\u0131n ya\u015famlar\u0131n\u0131 ve zihinlerini iyile\u015ftirmeye y\u00f6nelik k\u00fcresel bir harekete \u00f6nc\u00fcl\u00fck etti. Bilimin son verileri \u00fczerine kurulu bir m\u00fcfredat ve felsefeyle m\u00fczikle ha\u015fir ne\u015fir olduk\u00e7a koordinasyonu ve ileti\u015fimi geli\u015fen bebekleri, \u00f6\u011frendikleri \u015fark\u0131 ve danslarla empatisini ve yarat\u0131c\u0131l\u0131\u011f\u0131n\u0131 besleyen, haf\u0131za g\u00fcc\u00fcn\u00fc art\u0131ran \u00e7ok say\u0131da \u00e7ocu\u011fu e\u011fitti ve g\u00fc\u00e7lendirdi. Joan Koenig, \u00e7ocuklar\u0131n m\u00fczikle kar\u015f\u0131la\u015fmaya en duyarl\u0131, m\u00fczikten yararlanmaya en a\u00e7\u0131k oldu\u011fu kritik y\u0131llarda bu sihirli g\u00fcc\u00fcn nas\u0131l devreye sokulabilece\u011fini en son ara\u015ft\u0131rmalardan bilgilerle aktar\u0131yor ve g\u00fcn\u00fcm\u00fczde m\u00fczik prati\u011finin nas\u0131l her zamankinden daha hayati oldu\u011funu ortaya koyuyor.M\u00fczik-\u00c7ocuk, y\u0131llar\u0131n\u0131 m\u00fczi\u011fe, bilime ve \u00e7ocuklara adam\u0131\u015f bir m\u00fczisyenden anne babalara ve e\u011fitimcilere bir arma\u011fan\u2026  <\/p>\n","protected":false},"excerpt":{"rendered":"<p>\u201cSa\u011fl\u0131kl\u0131 zihinlerin ve bedenlerin insanc\u0131l ve \u015fefkatli de\u011ferler geli\u015ftirebilmesi i\u00e7in m\u00fczi\u011fe \u015fimdi her zamankinden daha fazla ihtiyac\u0131m\u0131z var \u2013ve bu, tam da m\u00fczik yapman\u0131n a\u015f\u0131lad\u0131\u011f\u0131 \u015fey.<span class=\"excerpt-hellip\"> [\u2026]<\/span><\/p>\n","protected":false},"featured_media":0,"template":"","meta":{"_monsterinsights_skip_tracking":false,"_monsterinsights_sitenote_active":false,"_monsterinsights_sitenote_note":"","_monsterinsights_sitenote_category":0},"product_brand":[],"product_cat":[12358,12357],"product_tag":[],"class_list":{"0":"post-746020","1":"product","2":"type-product","3":"status-publish","5":"product_cat-genel-psikoloji","6":"product_cat-psikoloji","7":"pa_cilt-ciltsiz","8":"pa_tur-kitap","9":"pa_yayinevi-timas-yayinlari","10":"pa_yazar-joan-koenig","12":"first","13":"instock","14":"sale","15":"shipping-taxable","16":"purchasable","17":"product-type-simple"},"_links":{"self":[{"href":"https:\/\/roveyayinevi.com.tr\/index.php\/wp-json\/wp\/v2\/product\/746020","targetHints":{"allow":["GET"]}}],"collection":[{"href":"https:\/\/roveyayinevi.com.tr\/index.php\/wp-json\/wp\/v2\/product"}],"about":[{"href":"https:\/\/roveyayinevi.com.tr\/index.php\/wp-json\/wp\/v2\/types\/product"}],"wp:attachment":[{"href":"https:\/\/roveyayinevi.com.tr\/index.php\/wp-json\/wp\/v2\/media?parent=746020"}],"wp:term":[{"taxonomy":"product_brand","embeddable":true,"href":"https:\/\/roveyayinevi.com.tr\/index.php\/wp-json\/wp\/v2\/product_brand?post=746020"},{"taxonomy":"product_cat","embeddable":true,"href":"https:\/\/roveyayinevi.com.tr\/index.php\/wp-json\/wp\/v2\/product_cat?post=746020"},{"taxonomy":"product_tag","embeddable":true,"href":"https:\/\/roveyayinevi.com.tr\/index.php\/wp-json\/wp\/v2\/product_tag?post=746020"}],"curies":[{"name":"wp","href":"https:\/\/api.w.org\/{rel}","templated":true}]}}