{"id":746017,"date":"2025-08-28T02:32:50","date_gmt":"2025-08-27T23:32:50","guid":{"rendered":"https:\/\/roveyayinevi.com.tr\/index.php\/urun\/muzisyen-inek-misra\/"},"modified":"2026-04-16T02:58:26","modified_gmt":"2026-04-15T23:58:26","slug":"muzisyen-inek-misra","status":"publish","type":"product","link":"https:\/\/roveyayinevi.com.tr\/index.php\/urun\/muzisyen-inek-misra\/","title":{"rendered":"M\u00fczisyen \u0130nek M\u0131sra"},"content":{"rendered":"<p>Bir \u00e7iftlikte ya\u015fayan M\u00fczisyen \u0130nek M\u0131sra, gazetede bir m\u00fczik yar\u0131\u015fmas\u0131 yap\u0131laca\u011f\u0131 haberini g\u00f6r\u00fcr ve hemen kendine orkestra bulma tela\u015f\u0131 i\u00e7ine girer.   Ancak bu d\u00fc\u015f\u00fcnd\u00fc\u011f\u00fc kadar kolay olmayacakt\u0131r. Ba\u015fvurular\u0131 birer birer reddedilirken o, kar\u015f\u0131s\u0131na \u00e7\u0131kan s\u00fcrprizlerle yar\u0131\u015fmaya kat\u0131lman\u0131n bir yolunu arayacak.   \u00c7ocuk edebiyat\u0131n\u0131n uzun y\u0131llard\u0131r aranan kitab\u0131 M\u00fczisyen \u0130nek M\u0131sra, Fom Kitap etiketiyle yeniden raflarda\u2026 <\/p>\n","protected":false},"excerpt":{"rendered":"<p>Bir \u00e7iftlikte ya\u015fayan M\u00fczisyen \u0130nek M\u0131sra, gazetede bir m\u00fczik yar\u0131\u015fmas\u0131 yap\u0131laca\u011f\u0131 haberini g\u00f6r\u00fcr ve hemen kendine orkestra bulma tela\u015f\u0131 i\u00e7ine girer. Ancak bu d\u00fc\u015f\u00fcnd\u00fc\u011f\u00fc kadar kolay<span class=\"excerpt-hellip\"> [\u2026]<\/span><\/p>\n","protected":false},"featured_media":0,"template":"","meta":{"_monsterinsights_skip_tracking":false,"_monsterinsights_sitenote_active":false,"_monsterinsights_sitenote_note":"","_monsterinsights_sitenote_category":0},"product_brand":[],"product_cat":[12274,12518],"product_tag":[],"class_list":{"0":"post-746017","1":"product","2":"type-product","3":"status-publish","5":"product_cat-cocuk-ve-genclik-kitaplari","6":"product_cat-okul-oncesi-kitaplar","7":"pa_cilt-ciltsiz","8":"pa_tur-kitap","9":"pa_yayinevi-fom-kitap","10":"pa_yazar-geoffroy-de-pennart","12":"first","13":"instock","14":"sale","15":"shipping-taxable","16":"purchasable","17":"product-type-simple"},"_links":{"self":[{"href":"https:\/\/roveyayinevi.com.tr\/index.php\/wp-json\/wp\/v2\/product\/746017","targetHints":{"allow":["GET"]}}],"collection":[{"href":"https:\/\/roveyayinevi.com.tr\/index.php\/wp-json\/wp\/v2\/product"}],"about":[{"href":"https:\/\/roveyayinevi.com.tr\/index.php\/wp-json\/wp\/v2\/types\/product"}],"wp:attachment":[{"href":"https:\/\/roveyayinevi.com.tr\/index.php\/wp-json\/wp\/v2\/media?parent=746017"}],"wp:term":[{"taxonomy":"product_brand","embeddable":true,"href":"https:\/\/roveyayinevi.com.tr\/index.php\/wp-json\/wp\/v2\/product_brand?post=746017"},{"taxonomy":"product_cat","embeddable":true,"href":"https:\/\/roveyayinevi.com.tr\/index.php\/wp-json\/wp\/v2\/product_cat?post=746017"},{"taxonomy":"product_tag","embeddable":true,"href":"https:\/\/roveyayinevi.com.tr\/index.php\/wp-json\/wp\/v2\/product_tag?post=746017"}],"curies":[{"name":"wp","href":"https:\/\/api.w.org\/{rel}","templated":true}]}}