{"id":746016,"date":"2025-08-28T02:32:49","date_gmt":"2025-08-27T23:32:49","guid":{"rendered":"https:\/\/roveyayinevi.com.tr\/index.php\/urun\/kentsel-mekan-tasarimi-ve-suc\/"},"modified":"2026-04-16T02:58:26","modified_gmt":"2026-04-15T23:58:26","slug":"kentsel-mekan-tasarimi-ve-suc","status":"publish","type":"product","link":"https:\/\/roveyayinevi.com.tr\/index.php\/urun\/kentsel-mekan-tasarimi-ve-suc\/","title":{"rendered":"Kentsel Mekan Tasar\u0131m\u0131 ve Su\u00e7"},"content":{"rendered":"<p>Kentsel Medy\u00e2 Tasar\u0131m\u0131 ve Su\u00e7   Kentsel mek\u00e2n tasar\u0131m\u0131 su\u00e7 i\u015flemeyi kolayla\u015ft\u0131r\u0131c\u0131 veya engelleyici olabilir mi? Bu kitap, kentsel mek\u00e2n tasar\u0131m\u0131n\u0131n bireylerin alg\u0131, bili\u015f ve duygusal s\u00fcre\u00e7leri ile etkile\u015fime ge\u00e7erek davran\u0131\u015flar\u0131n\u0131 y\u00f6nlendirebilece\u011fini, mek\u00e2n tasar\u0131m\u0131n\u0131n su\u00e7 i\u015flemede uyar\u0131c\u0131 veya cayd\u0131r\u0131c\u0131 bir g\u00fc\u00e7 olarak etki edebilece\u011fini savunmakta ve sav\u0131n\u0131 \u00f6zg\u00fcn bir mekansal-matematiksel model ile ortaya koymaktad\u0131r. <\/p>\n","protected":false},"excerpt":{"rendered":"<p>Kentsel Medy\u00e2 Tasar\u0131m\u0131 ve Su\u00e7 Kentsel mek\u00e2n tasar\u0131m\u0131 su\u00e7 i\u015flemeyi kolayla\u015ft\u0131r\u0131c\u0131 veya engelleyici olabilir mi? Bu kitap, kentsel mek\u00e2n tasar\u0131m\u0131n\u0131n bireylerin alg\u0131, bili\u015f ve duygusal s\u00fcre\u00e7leri<span class=\"excerpt-hellip\"> [\u2026]<\/span><\/p>\n","protected":false},"featured_media":0,"template":"","meta":{"_monsterinsights_skip_tracking":false,"_monsterinsights_sitenote_active":false,"_monsterinsights_sitenote_note":"","_monsterinsights_sitenote_category":0},"product_brand":[],"product_cat":[12325,12324],"product_tag":[],"class_list":{"0":"post-746016","1":"product","2":"type-product","3":"status-publish","5":"product_cat-diger-sosyoloji","6":"product_cat-sosyoloji","7":"pa_cilt-ciltsiz","8":"pa_tur-kitap","9":"pa_yayinevi-tiav","10":"pa_yazar-kolektif","12":"first","13":"instock","14":"sale","15":"shipping-taxable","16":"purchasable","17":"product-type-simple"},"_links":{"self":[{"href":"https:\/\/roveyayinevi.com.tr\/index.php\/wp-json\/wp\/v2\/product\/746016","targetHints":{"allow":["GET"]}}],"collection":[{"href":"https:\/\/roveyayinevi.com.tr\/index.php\/wp-json\/wp\/v2\/product"}],"about":[{"href":"https:\/\/roveyayinevi.com.tr\/index.php\/wp-json\/wp\/v2\/types\/product"}],"wp:attachment":[{"href":"https:\/\/roveyayinevi.com.tr\/index.php\/wp-json\/wp\/v2\/media?parent=746016"}],"wp:term":[{"taxonomy":"product_brand","embeddable":true,"href":"https:\/\/roveyayinevi.com.tr\/index.php\/wp-json\/wp\/v2\/product_brand?post=746016"},{"taxonomy":"product_cat","embeddable":true,"href":"https:\/\/roveyayinevi.com.tr\/index.php\/wp-json\/wp\/v2\/product_cat?post=746016"},{"taxonomy":"product_tag","embeddable":true,"href":"https:\/\/roveyayinevi.com.tr\/index.php\/wp-json\/wp\/v2\/product_tag?post=746016"}],"curies":[{"name":"wp","href":"https:\/\/api.w.org\/{rel}","templated":true}]}}