{"id":746013,"date":"2025-08-28T02:32:46","date_gmt":"2025-08-27T23:32:46","guid":{"rendered":"https:\/\/roveyayinevi.com.tr\/index.php\/urun\/bencil-kedicik-ne-yapsin\/"},"modified":"2026-04-16T02:58:26","modified_gmt":"2026-04-15T23:58:26","slug":"bencil-kedicik-ne-yapsin","status":"publish","type":"product","link":"https:\/\/roveyayinevi.com.tr\/index.php\/urun\/bencil-kedicik-ne-yapsin\/","title":{"rendered":"Bencil Kedicik Ne Yaps\u0131n?"},"content":{"rendered":"<p>\u00c7ocuk Geli\u015fim Uzman\u0131 \u00d6zge Sel\u00e7uk Bozkurt Tavsiyesidir.     Kedicik her \u015fey onun olsun, hep o birinci olsun istiyor; top ona gelince arkada\u015f\u0131na atmak istemiyor. Peki, di\u011ferleriyle arkada\u015f olmak isteyen Kedicik ne yaps\u0131n? Birlikte ya\u015faman\u0131n gizli form\u00fcl\u00fc bu hik\u00e2yede! Kedicik\u2019le ad\u0131m ad\u0131m arkada\u015f edinmeye ne dersin?     Safroloji teknikleri ile g\u00fcven veren s\u00fcper g\u00fc\u00e7lerimizi ke\u015ffediyoruz! Hayat de\u011fi\u015ftiren DUYGULARA Y\u00d6N VERME form\u00fclleri bu kitaplarda!<\/p>\n","protected":false},"excerpt":{"rendered":"<p>\u00c7ocuk Geli\u015fim Uzman\u0131 \u00d6zge Sel\u00e7uk Bozkurt Tavsiyesidir. Kedicik her \u015fey onun olsun, hep o birinci olsun istiyor; top ona gelince arkada\u015f\u0131na atmak istemiyor. Peki, di\u011ferleriyle arkada\u015f<span class=\"excerpt-hellip\"> [\u2026]<\/span><\/p>\n","protected":false},"featured_media":0,"template":"","meta":{"_monsterinsights_skip_tracking":false,"_monsterinsights_sitenote_active":false,"_monsterinsights_sitenote_note":"","_monsterinsights_sitenote_category":0},"product_brand":[],"product_cat":[12274,12284],"product_tag":[],"class_list":{"0":"post-746013","1":"product","2":"type-product","3":"status-publish","5":"product_cat-cocuk-ve-genclik-kitaplari","6":"product_cat-hikayeler","7":"pa_cilt-ciltsiz","8":"pa_tur-kitap","9":"pa_yayinevi-ucan-fil-yayinlari","10":"pa_yazar-audrey-bouquet-fabien-ockto-lambert","12":"first","13":"instock","14":"sale","15":"shipping-taxable","16":"purchasable","17":"product-type-simple"},"_links":{"self":[{"href":"https:\/\/roveyayinevi.com.tr\/index.php\/wp-json\/wp\/v2\/product\/746013","targetHints":{"allow":["GET"]}}],"collection":[{"href":"https:\/\/roveyayinevi.com.tr\/index.php\/wp-json\/wp\/v2\/product"}],"about":[{"href":"https:\/\/roveyayinevi.com.tr\/index.php\/wp-json\/wp\/v2\/types\/product"}],"wp:attachment":[{"href":"https:\/\/roveyayinevi.com.tr\/index.php\/wp-json\/wp\/v2\/media?parent=746013"}],"wp:term":[{"taxonomy":"product_brand","embeddable":true,"href":"https:\/\/roveyayinevi.com.tr\/index.php\/wp-json\/wp\/v2\/product_brand?post=746013"},{"taxonomy":"product_cat","embeddable":true,"href":"https:\/\/roveyayinevi.com.tr\/index.php\/wp-json\/wp\/v2\/product_cat?post=746013"},{"taxonomy":"product_tag","embeddable":true,"href":"https:\/\/roveyayinevi.com.tr\/index.php\/wp-json\/wp\/v2\/product_tag?post=746013"}],"curies":[{"name":"wp","href":"https:\/\/api.w.org\/{rel}","templated":true}]}}