{"id":746007,"date":"2025-08-28T02:32:38","date_gmt":"2025-08-27T23:32:38","guid":{"rendered":"https:\/\/roveyayinevi.com.tr\/index.php\/urun\/bir-noel-sarkisi-5\/"},"modified":"2026-04-16T02:58:26","modified_gmt":"2026-04-15T23:58:26","slug":"bir-noel-sarkisi-5","status":"publish","type":"product","link":"https:\/\/roveyayinevi.com.tr\/index.php\/urun\/bir-noel-sarkisi-5\/","title":{"rendered":"Bir Noel \u015eark\u0131s\u0131"},"content":{"rendered":"<p>Ebenezer Scrooge herkesten ve her \u015feyden nefret eder. \u00d6zellikle de Noel\u2019den.   A\u00e7g\u00f6zl\u00fc, pinti, zengin ve ta\u015f kalplidir, bu da y\u00fcz hatlar\u0131n\u0131 bozmu\u015f, ona sivri bir burun ve ince, mavi dudaklar vermi\u015ftir. Bir Noel arifesinde Scrooge, Ge\u00e7mi\u015f, \u015eimdiki ve Gelecek Noel\u2019in hayaletleri taraf\u0131ndan ziyaret edilir. Acaba bu hayaletler onun davran\u0131\u015flar\u0131n\u0131 de\u011fi\u015ftirmesini sa\u011flayabilecek midir?       Dickens\u2019\u0131n \u00e7ocukluk deneyimlerinden esinlenerek yazd\u0131\u011f\u0131 Bir Noel \u015eark\u0131s\u0131, 19. y\u00fczy\u0131l \u0130ngiltere\u2019sinde alt s\u0131n\u0131f\u0131n i\u00e7inde bulundu\u011fu k\u00f6t\u00fc durumu, evrensel ve nihayetinde y\u00fcrekleri \u0131s\u0131tan bir masalla g\u00f6zler \u00f6n\u00fcne seriyor.<\/p>\n","protected":false},"excerpt":{"rendered":"<p>Ebenezer Scrooge herkesten ve her \u015feyden nefret eder. \u00d6zellikle de Noel\u2019den. A\u00e7g\u00f6zl\u00fc, pinti, zengin ve ta\u015f kalplidir, bu da y\u00fcz hatlar\u0131n\u0131 bozmu\u015f, ona sivri bir burun<span class=\"excerpt-hellip\"> [\u2026]<\/span><\/p>\n","protected":false},"featured_media":0,"template":"","meta":{"_monsterinsights_skip_tracking":false,"_monsterinsights_sitenote_active":false,"_monsterinsights_sitenote_note":"","_monsterinsights_sitenote_category":0},"product_brand":[],"product_cat":[12274,12631],"product_tag":[],"class_list":{"0":"post-746007","1":"product","2":"type-product","3":"status-publish","5":"product_cat-cocuk-ve-genclik-kitaplari","6":"product_cat-diger-cocuk-ve-genclik-kitaplari","7":"pa_cilt-ciltsiz","8":"pa_tur-kitap","9":"pa_yayinevi-mundi","10":"pa_yazar-charles-dickens","12":"first","13":"instock","14":"sale","15":"shipping-taxable","16":"purchasable","17":"product-type-simple"},"_links":{"self":[{"href":"https:\/\/roveyayinevi.com.tr\/index.php\/wp-json\/wp\/v2\/product\/746007","targetHints":{"allow":["GET"]}}],"collection":[{"href":"https:\/\/roveyayinevi.com.tr\/index.php\/wp-json\/wp\/v2\/product"}],"about":[{"href":"https:\/\/roveyayinevi.com.tr\/index.php\/wp-json\/wp\/v2\/types\/product"}],"wp:attachment":[{"href":"https:\/\/roveyayinevi.com.tr\/index.php\/wp-json\/wp\/v2\/media?parent=746007"}],"wp:term":[{"taxonomy":"product_brand","embeddable":true,"href":"https:\/\/roveyayinevi.com.tr\/index.php\/wp-json\/wp\/v2\/product_brand?post=746007"},{"taxonomy":"product_cat","embeddable":true,"href":"https:\/\/roveyayinevi.com.tr\/index.php\/wp-json\/wp\/v2\/product_cat?post=746007"},{"taxonomy":"product_tag","embeddable":true,"href":"https:\/\/roveyayinevi.com.tr\/index.php\/wp-json\/wp\/v2\/product_tag?post=746007"}],"curies":[{"name":"wp","href":"https:\/\/api.w.org\/{rel}","templated":true}]}}