{"id":746001,"date":"2025-08-28T02:32:30","date_gmt":"2025-08-27T23:32:30","guid":{"rendered":"https:\/\/roveyayinevi.com.tr\/index.php\/urun\/lady-susan-2\/"},"modified":"2026-04-16T02:58:26","modified_gmt":"2026-04-15T23:58:26","slug":"lady-susan-2","status":"publish","type":"product","link":"https:\/\/roveyayinevi.com.tr\/index.php\/urun\/lady-susan-2\/","title":{"rendered":"Lady Susan"},"content":{"rendered":"<p>Jane Austen heyecan verici bu k\u00fc\u00e7\u00fck roman\u0131nda, son \u00e2na kadar izini belli etmeksizin, yaz\u0131\u015fmalar \u00fczerinden karakterleri ve olaylar\u0131 anlamaya b\u0131rak\u0131r okuru. Yirmilerinin ba\u015f\u0131nda yazd\u0131\u011f\u0131 Lady Susan\u2019da Austen kal\u0131pla\u015fm\u0131\u015f romantik eserlerin kurallar\u0131n\u0131 bozar ve kad\u0131n karakterine olaylar\u0131n ak\u0131\u015f\u0131n\u0131 de\u011fi\u015ftirme g\u00fcc\u00fc verir.   Bir skandaldan di\u011ferine konu olan otuzlar\u0131ndaki g\u00fczel, kurnaz ve fl\u00f6rt\u00f6z dul Lady Susan, kafas\u0131nda k\u0131z\u0131 Frederica ve kendisi i\u00e7in \u00f6nemli gelecek planlar\u0131yla, \u00f6len e\u015finin karde\u015fi Mr. Vernon ve e\u015fi Mrs. Vernon\u2019\u0131 Churchill\u2019deki evlerinde ziyaret eder. Bu ziyareti endi\u015fe uyand\u0131ran \u00f6ng\u00f6r\u00fclerle bekleyen Mrs. Vernon bu planlar\u0131n ger\u00e7ekle\u015ftirilmesini zorla\u015ft\u0131racakt\u0131r. Biri erdem, di\u011feri kurnazl\u0131k timsali iki kad\u0131n\u0131n mektuplar arac\u0131l\u0131\u011f\u0131yla aktard\u0131klar\u0131 d\u00fc\u015f\u00fcncelerse Austen\u2019\u0131n belki de en muzip ve keyifli eserine d\u00f6n\u00fc\u015f\u00fcr. <\/p>\n","protected":false},"excerpt":{"rendered":"<p>Jane Austen heyecan verici bu k\u00fc\u00e7\u00fck roman\u0131nda, son \u00e2na kadar izini belli etmeksizin, yaz\u0131\u015fmalar \u00fczerinden karakterleri ve olaylar\u0131 anlamaya b\u0131rak\u0131r okuru. Yirmilerinin ba\u015f\u0131nda yazd\u0131\u011f\u0131 Lady Susan\u2019da<span class=\"excerpt-hellip\"> [\u2026]<\/span><\/p>\n","protected":false},"featured_media":0,"template":"","meta":{"_monsterinsights_skip_tracking":false,"_monsterinsights_sitenote_active":false,"_monsterinsights_sitenote_note":"","_monsterinsights_sitenote_category":0},"product_brand":[],"product_cat":[12291,12711],"product_tag":[],"class_list":{"0":"post-746001","1":"product","2":"type-product","3":"status-publish","5":"product_cat-edebiyat","6":"product_cat-roman-oyku","7":"pa_cilt-ciltsiz","8":"pa_tur-kitap","9":"pa_yayinevi-can-yayinlari","10":"pa_yazar-jane-austen","12":"first","13":"instock","14":"sale","15":"shipping-taxable","16":"purchasable","17":"product-type-simple"},"_links":{"self":[{"href":"https:\/\/roveyayinevi.com.tr\/index.php\/wp-json\/wp\/v2\/product\/746001","targetHints":{"allow":["GET"]}}],"collection":[{"href":"https:\/\/roveyayinevi.com.tr\/index.php\/wp-json\/wp\/v2\/product"}],"about":[{"href":"https:\/\/roveyayinevi.com.tr\/index.php\/wp-json\/wp\/v2\/types\/product"}],"wp:attachment":[{"href":"https:\/\/roveyayinevi.com.tr\/index.php\/wp-json\/wp\/v2\/media?parent=746001"}],"wp:term":[{"taxonomy":"product_brand","embeddable":true,"href":"https:\/\/roveyayinevi.com.tr\/index.php\/wp-json\/wp\/v2\/product_brand?post=746001"},{"taxonomy":"product_cat","embeddable":true,"href":"https:\/\/roveyayinevi.com.tr\/index.php\/wp-json\/wp\/v2\/product_cat?post=746001"},{"taxonomy":"product_tag","embeddable":true,"href":"https:\/\/roveyayinevi.com.tr\/index.php\/wp-json\/wp\/v2\/product_tag?post=746001"}],"curies":[{"name":"wp","href":"https:\/\/api.w.org\/{rel}","templated":true}]}}