{"id":745998,"date":"2025-08-28T02:32:27","date_gmt":"2025-08-27T23:32:27","guid":{"rendered":"https:\/\/roveyayinevi.com.tr\/index.php\/urun\/dunyanin-obur-ucunda-kim-var-ciltli\/"},"modified":"2026-04-16T02:58:26","modified_gmt":"2026-04-15T23:58:26","slug":"dunyanin-obur-ucunda-kim-var-ciltli","status":"publish","type":"product","link":"https:\/\/roveyayinevi.com.tr\/index.php\/urun\/dunyanin-obur-ucunda-kim-var-ciltli\/","title":{"rendered":"D\u00fcnyan\u0131n \u00d6b\u00fcr Ucunda Kim Var? (Ciltli)"},"content":{"rendered":"<p>\u00c7ok sevilen D\u00fcnyan\u0131n \u00d6b\u00fcr Ucunda Ne Var? kitab\u0131n\u0131n devam kitab\u0131 olan D\u00fcnyan\u0131n \u00d6b\u00fcr Ucunda Kim Var? her ya\u015ftan okur i\u00e7in bir antropoloji atlas\u0131. 12 bin y\u0131l \u00f6nce d\u00fcnyadaki b\u00fct\u00fcn insanlar ac\u0131k\u0131nca ya avlan\u0131p ya da ormandan yiyecek toplay\u0131p yiyorlard\u0131. Yiyecek bulamazlarsa da g\u00f6\u00e7\u00fcyorlard\u0131. Art\u0131k d\u00fcnyadaki insanlar\u0131n \u00e7o\u011fu y\u00fcksek binalarda ya\u015f\u0131yor, marketlere gidip nereden geldi\u011fini bilmedikleri yiyecekleri t\u00fcketiyorlar. Fakat hepsi de\u011fil. D\u00fcnyan\u0131n bir\u00e7ok yerinde h\u00e2l\u00e2 avlanarak, g\u00f6\u00e7erek, kendi yiyeceklerini ve k\u0131yafetlerini \u00fcreterek, binlerce y\u0131ll\u0131k geleneklerini koruyarak ya\u015fayan milyonlarca insan var. Mesela d\u00fcnya haritas\u0131n\u0131n sa\u011f alt taraf\u0131na gitsen, Avustralya\u2019da 65 bin y\u0131ld\u0131r geleneklerini ya\u015fatan Aborjinlerle kar\u015f\u0131la\u015facaks\u0131n. Oradan biraz yukar\u0131 \u00e7\u0131karsan Endonezya\u2019da, annelerin y\u00f6netti\u011fi Minangkabau insanlar\u0131n\u0131 g\u00f6receksin. En yukar\u0131ya do\u011fru gidersen, Kuzey Kutbu\u2019nun yak\u0131nlar\u0131nda her y\u0131l k\u0131zakla 1500 kilometre yol giden Nenetlere rastlayacaks\u0131n. Biraz \u0131s\u0131nmak i\u00e7in g\u00fcneye gidersen, Tanzanya civar\u0131nda 10 bin y\u0131ld\u0131r ayn\u0131 \u015fekilde ya\u015fayan Hadzabe kabilesine selam verebilirsin. Sola do\u011fru devam edersen gezegene en az karbon ayak izi b\u0131rakan orman insanlar\u0131 Pigmelerin \u00e7ad\u0131rlar\u0131na misafir olabilirsin. Okyanusu a\u015f\u0131p G\u00fcney Amerika\u2019ya ge\u00e7ersen erkeklerin kad\u0131nlar\u0131n soyad\u0131n\u0131 ald\u0131\u011f\u0131 Kuna kabilesine u\u011framay\u0131 ihmal etme. Amazonlara yolun d\u00fc\u015ferse, gece hamaklarda uyuyan Tikuna kabilesini ziyaret edebilirsin.   Yeni Zelanda\u2019dan Kolombiya\u2019ya, Peru\u2019dan Japonya\u2019ya, Hindistan\u2019dan Meksika\u2019ya, Kongo\u2019dan Rusya\u2019ya d\u00fcnyan\u0131n \u00f6b\u00fcr ucunda kimlerin nas\u0131l ya\u015fad\u0131\u011f\u0131n\u0131, neler yapt\u0131\u011f\u0131n\u0131 merak ediyorsan, bu kitap tam sana g\u00f6re! <\/p>\n","protected":false},"excerpt":{"rendered":"<p>\u00c7ok sevilen D\u00fcnyan\u0131n \u00d6b\u00fcr Ucunda Ne Var? kitab\u0131n\u0131n devam kitab\u0131 olan D\u00fcnyan\u0131n \u00d6b\u00fcr Ucunda Kim Var? her ya\u015ftan okur i\u00e7in bir antropoloji atlas\u0131. 12 bin y\u0131l<span class=\"excerpt-hellip\"> [\u2026]<\/span><\/p>\n","protected":false},"featured_media":0,"template":"","meta":{"_monsterinsights_skip_tracking":false,"_monsterinsights_sitenote_active":false,"_monsterinsights_sitenote_note":"","_monsterinsights_sitenote_category":0},"product_brand":[],"product_cat":[12274,12631],"product_tag":[],"class_list":{"0":"post-745998","1":"product","2":"type-product","3":"status-publish","5":"product_cat-cocuk-ve-genclik-kitaplari","6":"product_cat-diger-cocuk-ve-genclik-kitaplari","7":"pa_cilt-ciltli","8":"pa_tur-kitap","9":"pa_yayinevi-taze-kitap","10":"pa_yazar-zeynep-sevde-kerimcan-akduman","12":"first","13":"instock","14":"sale","15":"shipping-taxable","16":"purchasable","17":"product-type-simple"},"_links":{"self":[{"href":"https:\/\/roveyayinevi.com.tr\/index.php\/wp-json\/wp\/v2\/product\/745998","targetHints":{"allow":["GET"]}}],"collection":[{"href":"https:\/\/roveyayinevi.com.tr\/index.php\/wp-json\/wp\/v2\/product"}],"about":[{"href":"https:\/\/roveyayinevi.com.tr\/index.php\/wp-json\/wp\/v2\/types\/product"}],"wp:attachment":[{"href":"https:\/\/roveyayinevi.com.tr\/index.php\/wp-json\/wp\/v2\/media?parent=745998"}],"wp:term":[{"taxonomy":"product_brand","embeddable":true,"href":"https:\/\/roveyayinevi.com.tr\/index.php\/wp-json\/wp\/v2\/product_brand?post=745998"},{"taxonomy":"product_cat","embeddable":true,"href":"https:\/\/roveyayinevi.com.tr\/index.php\/wp-json\/wp\/v2\/product_cat?post=745998"},{"taxonomy":"product_tag","embeddable":true,"href":"https:\/\/roveyayinevi.com.tr\/index.php\/wp-json\/wp\/v2\/product_tag?post=745998"}],"curies":[{"name":"wp","href":"https:\/\/api.w.org\/{rel}","templated":true}]}}