{"id":745997,"date":"2025-08-28T02:32:26","date_gmt":"2025-08-27T23:32:26","guid":{"rendered":"https:\/\/roveyayinevi.com.tr\/index.php\/urun\/toprak-kalbi-iyilestirir\/"},"modified":"2026-04-16T02:58:26","modified_gmt":"2026-04-15T23:58:26","slug":"toprak-kalbi-iyilestirir","status":"publish","type":"product","link":"https:\/\/roveyayinevi.com.tr\/index.php\/urun\/toprak-kalbi-iyilestirir\/","title":{"rendered":"Toprak Kalbi \u0130yile\u015ftirir"},"content":{"rendered":"<p>Toprak Kalbi \u0130yile\u015ftirir   Kardiyobey: \u201cHastal\u0131klara yakalanmadan ya\u015fayabiliriz!\u201d   Sa\u011fl\u0131ks\u0131zl\u0131k pandemisinin h\u00fck\u00fcm s\u00fcrd\u00fc\u011f\u00fc 21\u2019inci y\u00fczy\u0131lda kimse 30\u2019lu, 40\u2019l\u0131 ya\u015flarda \u015feker veya tansiyon hastas\u0131 olmak zorunda de\u011fil. Evet genetik risk fakt\u00f6rleri ve e\u015flik eden di\u011fer fakt\u00f6rler olabilir ama yineliyorum: HASTA OLMAMAK EL\u0130M\u0130ZDE!   Bu kitab\u0131n amac\u0131 da \u00f6nce, \u201cNASIL HASTA OLMAMALIYIZ?\u201d kavram\u0131n\u0131 zihinlere yerle\u015ftirmek.   Bu kitapta yer alan t\u00fcm bilgiler ayr\u0131nt\u0131l\u0131 literat\u00fcr taramalar\u0131 ile okuyucuya aktar\u0131ld\u0131. Kitaptaki \u00f6neriler bilimsel kan\u0131tlarla desteklendi.   Asl\u0131nda bu kitap, sa\u011fl\u0131kl\u0131 ya\u015fam form\u00fcl\u00fcn\u00fcn bir fragman\u0131 niteli\u011finde\u2026   Sa\u011fl\u0131kl\u0131 ya\u015fam serisinin ilk eseri\u2026   V\u00fccudunuza giren her \u015fey birbiriyle etkile\u015fir. Sa\u011fl\u0131kl\u0131 beslenme, ya\u015fam tarz\u0131 de\u011fi\u015fikli\u011fi, hareket, fark\u0131ndal\u0131k, topraklama ve tabiatla b\u00fct\u00fcnle\u015fmek temel sa\u011fl\u0131k ilkelerinin ba\u015f\u0131nda gelir. Sadece k\u00f6t\u00fc bir beslenme al\u0131\u015fkanl\u0131\u011f\u0131 ile hastalanabilir ve \u00e7o\u011fu zaman ak\u0131lc\u0131, do\u011fru ve sa\u011fl\u0131kl\u0131 beslenme ile kendinizi iyile\u015ftirebilirsiniz. Sadece d\u00fc\u015f\u00fcncelerinizin sizi yanl\u0131\u015f y\u00f6nlendirmesiyle hastalanabilir ve \u00e7o\u011fu zaman d\u00fc\u015f\u00fcnce g\u00fcc\u00fcn\u00fcz\u00fc do\u011fru kullanarak kendinizi iyile\u015ftirebilirsiniz.   Ya\u015fam tarz\u0131, beslenme ve d\u00fc\u015f\u00fcncelerin sa\u011fl\u0131\u011f\u0131m\u0131z \u00fczerine inan\u0131lmaz bir etkisi var ve bu kitapta bu etkileri do\u011fru y\u00f6nde kullanman\u0131n ipu\u00e7lar\u0131n\u0131 bulacaks\u0131n\u0131z.   \u0130\u015fte bu felsefe \u0131\u015f\u0131\u011f\u0131nda \u015fu sorular\u0131n cevab\u0131n\u0131 veriyor size bu kitap: \u2022 Ben hasta de\u011filim ama hasta olmak da istemiyorum. \u2022 Neler yapmal\u0131y\u0131m? \u2022 Ne kadar ve nas\u0131l egzersiz yapmal\u0131y\u0131m? \u2022 Ne yemeliyim? \u2022 Ne yememeliyim? \u2022 Nas\u0131l uyumal\u0131y\u0131m? \u2022 Hangi g\u0131dalardan destek almal\u0131y\u0131m? \u2022 Topra\u011f\u0131n nimetlerinden kendim i\u00e7in nas\u0131l faydalanmal\u0131y\u0131m? \u2022 Stresi nas\u0131l yenmeliyim? \u2022 Topraklamadan nas\u0131l \u015fifalanmal\u0131y\u0131m? \u2022 Bedenimi hastal\u0131klara kar\u015f\u0131 nas\u0131l koruma alt\u0131na almal\u0131y\u0131m?Aromaterapi uygulamalar\u0131 g\u00fcn\u00fcm\u00fczde art\u0131k sadece bir koku tedavisi olarak de\u011ferlendirilmemekte; u\u00e7ucu ya\u011flar\u0131n ve di\u011fer kokulu do\u011fal \u00fcr\u00fcnlerin sa\u011fl\u0131\u011f\u0131n korunmas\u0131, s\u00fcrd\u00fcr\u00fclmesi ve baz\u0131 hastal\u0131klar\u0131n tedavi edilmesi amac\u0131yla kullan\u0131ld\u0131\u011f\u0131 daha geni\u015f bir uygulama alan\u0131 olarak kabul edilmektedir.   Toprak Kalbi \u0130yile\u015ftirir   Kardiyobey: \u201cHastal\u0131klara yakalanmadan ya\u015fayabiliriz!\u201d   Sa\u011fl\u0131ks\u0131zl\u0131k pandemisinin h\u00fck\u00fcm s\u00fcrd\u00fc\u011f\u00fc 21\u2019inci y\u00fczy\u0131lda kimse 30\u2019lu, 40\u2019l\u0131 ya\u015flarda \u015feker veya tansiyon hastas\u0131 olmak zorunda de\u011fil. Evet genetik risk fakt\u00f6rleri ve e\u015flik eden di\u011fer fakt\u00f6rler olabilir ama yineliyorum: HASTA OLMAMAK EL\u0130M\u0130ZDE!   Bu kitab\u0131n amac\u0131 da \u00f6nce, \u201cNASIL HASTA OLMAMALIYIZ?\u201d kavram\u0131n\u0131 zihinlere yerle\u015ftirmek.   Bu kitapta yer alan t\u00fcm bilgiler ayr\u0131nt\u0131l\u0131 literat\u00fcr taramalar\u0131 ile okuyucuya aktar\u0131ld\u0131. Kitaptaki \u00f6neriler bilimsel kan\u0131tlarla desteklendi.   Asl\u0131nda bu kitap, sa\u011fl\u0131kl\u0131 ya\u015fam form\u00fcl\u00fcn\u00fcn bir fragman\u0131 niteli\u011finde\u2026   Sa\u011fl\u0131kl\u0131 ya\u015fam serisinin ilk eseri\u2026   V\u00fccudunuza giren her \u015fey birbiriyle etkile\u015fir. Sa\u011fl\u0131kl\u0131 beslenme, ya\u015fam tarz\u0131 de\u011fi\u015fikli\u011fi, hareket, fark\u0131ndal\u0131k, topraklama ve tabiatla b\u00fct\u00fcnle\u015fmek temel sa\u011fl\u0131k ilkelerinin ba\u015f\u0131nda gelir. Sadece k\u00f6t\u00fc bir beslenme al\u0131\u015fkanl\u0131\u011f\u0131 ile hastalanabilir ve \u00e7o\u011fu zaman ak\u0131lc\u0131, do\u011fru ve sa\u011fl\u0131kl\u0131 beslenme ile kendinizi iyile\u015ftirebilirsiniz. Sadece d\u00fc\u015f\u00fcncelerinizin sizi yanl\u0131\u015f y\u00f6nlendirmesiyle hastalanabilir ve \u00e7o\u011fu zaman d\u00fc\u015f\u00fcnce g\u00fcc\u00fcn\u00fcz\u00fc do\u011fru kullanarak kendinizi iyile\u015ftirebilirsiniz.   Ya\u015fam tarz\u0131, beslenme ve d\u00fc\u015f\u00fcncelerin sa\u011fl\u0131\u011f\u0131m\u0131z \u00fczerine inan\u0131lmaz bir etkisi var ve bu kitapta bu etkileri do\u011fru y\u00f6nde kullanman\u0131n ipu\u00e7lar\u0131n\u0131 bulacaks\u0131n\u0131z.   \u0130\u015fte bu felsefe \u0131\u015f\u0131\u011f\u0131nda \u015fu sorular\u0131n cevab\u0131n\u0131 veriyor size bu kitap: \u2022 Ben hasta de\u011filim ama hasta olmak da istemiyorum. \u2022 Neler yapmal\u0131y\u0131m? \u2022 Ne kadar ve nas\u0131l egzersiz yapmal\u0131y\u0131m? \u2022 Ne yemeliyim? \u2022 Ne yememeliyim? \u2022 Nas\u0131l uyumal\u0131y\u0131m? \u2022 Hangi g\u0131dalardan destek almal\u0131y\u0131m? \u2022 Topra\u011f\u0131n nimetlerinden kendim i\u00e7in nas\u0131l faydalanmal\u0131y\u0131m? \u2022 Stresi nas\u0131l yenmeliyim? \u2022 Topraklamadan nas\u0131l \u015fifalanmal\u0131y\u0131m? \u2022 Bedenimi hastal\u0131klara kar\u015f\u0131 nas\u0131l koruma alt\u0131na almal\u0131y\u0131m?Aromaterapi uygulamalar\u0131 g\u00fcn\u00fcm\u00fczde art\u0131k sadece bir koku tedavisi olarak de\u011ferlendirilmemekte; u\u00e7ucu ya\u011flar\u0131n ve di\u011fer kokulu do\u011fal \u00fcr\u00fcnlerin sa\u011fl\u0131\u011f\u0131n korunmas\u0131, s\u00fcrd\u00fcr\u00fclmesi ve baz\u0131 hastal\u0131klar\u0131n tedavi edilmesi amac\u0131yla kullan\u0131ld\u0131\u011f\u0131 daha geni\u015f bir uygulama alan\u0131 olarak kabul edilmektedir. <\/p>\n","protected":false},"excerpt":{"rendered":"<p>Toprak Kalbi \u0130yile\u015ftirir Kardiyobey: \u201cHastal\u0131klara yakalanmadan ya\u015fayabiliriz!\u201d Sa\u011fl\u0131ks\u0131zl\u0131k pandemisinin h\u00fck\u00fcm s\u00fcrd\u00fc\u011f\u00fc 21\u2019inci y\u00fczy\u0131lda kimse 30\u2019lu, 40\u2019l\u0131 ya\u015flarda \u015feker veya tansiyon hastas\u0131 olmak zorunda de\u011fil. Evet genetik<span class=\"excerpt-hellip\"> [\u2026]<\/span><\/p>\n","protected":false},"featured_media":0,"template":"","meta":{"_monsterinsights_skip_tracking":false,"_monsterinsights_sitenote_active":false,"_monsterinsights_sitenote_note":"","_monsterinsights_sitenote_category":0},"product_brand":[],"product_cat":[13366,13365],"product_tag":[],"class_list":{"0":"post-745997","1":"product","2":"type-product","3":"status-publish","5":"product_cat-diger-saglik","6":"product_cat-saglik","7":"pa_cilt-ciltsiz","8":"pa_tur-kitap","9":"pa_yayinevi-hayykitap","10":"pa_yazar-muhammed-keskin","12":"first","13":"instock","14":"sale","15":"shipping-taxable","16":"purchasable","17":"product-type-simple"},"_links":{"self":[{"href":"https:\/\/roveyayinevi.com.tr\/index.php\/wp-json\/wp\/v2\/product\/745997","targetHints":{"allow":["GET"]}}],"collection":[{"href":"https:\/\/roveyayinevi.com.tr\/index.php\/wp-json\/wp\/v2\/product"}],"about":[{"href":"https:\/\/roveyayinevi.com.tr\/index.php\/wp-json\/wp\/v2\/types\/product"}],"wp:attachment":[{"href":"https:\/\/roveyayinevi.com.tr\/index.php\/wp-json\/wp\/v2\/media?parent=745997"}],"wp:term":[{"taxonomy":"product_brand","embeddable":true,"href":"https:\/\/roveyayinevi.com.tr\/index.php\/wp-json\/wp\/v2\/product_brand?post=745997"},{"taxonomy":"product_cat","embeddable":true,"href":"https:\/\/roveyayinevi.com.tr\/index.php\/wp-json\/wp\/v2\/product_cat?post=745997"},{"taxonomy":"product_tag","embeddable":true,"href":"https:\/\/roveyayinevi.com.tr\/index.php\/wp-json\/wp\/v2\/product_tag?post=745997"}],"curies":[{"name":"wp","href":"https:\/\/api.w.org\/{rel}","templated":true}]}}