{"id":745994,"date":"2025-08-28T02:32:23","date_gmt":"2025-08-27T23:32:23","guid":{"rendered":"https:\/\/roveyayinevi.com.tr\/index.php\/urun\/adan-zye-aromaterapi-karisimlari-5\/"},"modified":"2026-04-16T02:58:26","modified_gmt":"2026-04-15T23:58:26","slug":"adan-zye-aromaterapi-karisimlari-5","status":"publish","type":"product","link":"https:\/\/roveyayinevi.com.tr\/index.php\/urun\/adan-zye-aromaterapi-karisimlari-5\/","title":{"rendered":"A\u2019dan Z\u2019ye Aromaterapi Kar\u0131\u015f\u0131mlar\u0131 \u2013 5"},"content":{"rendered":"<p>Tamamlay\u0131c\u0131 T\u0131pta \u00d6zg\u00fcn ve G\u00fcvenli Kullan\u0131mlar\u0131yla   A\u2019dan Z\u2019ye Aromaterapi Kar\u0131\u015f\u0131mlar\u0131 &#8211; 5 Ba\u011f\u0131\u015f\u0131kl\u0131k, Alerji, Solunum, Sindirim, Antimikrobiyal Dezenfektanlar   D\u00f6rt profes\u00f6rden vir\u00fcs ve bakterilerden uzak tutacak, sa\u011fl\u0131\u011f\u0131n\u0131z\u0131 koruyacak 407 \u00f6zg\u00fcn kar\u0131\u015f\u0131m\u2026   Aromaterapi uygulamalar\u0131 g\u00fcn\u00fcm\u00fczde art\u0131k sadece bir koku tedavisi olarak de\u011ferlendirilmemekte; u\u00e7ucu ya\u011flar\u0131n ve di\u011fer kokulu do\u011fal \u00fcr\u00fcnlerin sa\u011fl\u0131\u011f\u0131n korunmas\u0131, s\u00fcrd\u00fcr\u00fclmesi ve baz\u0131 hastal\u0131klar\u0131n tedavi edilmesi amac\u0131yla kullan\u0131ld\u0131\u011f\u0131 daha geni\u015f bir uygulama alan\u0131 olarak kabul edilmektedir.   Aromaterapi uygulamalar\u0131ndan \u00e7o\u011funlukla ba\u015f, bo\u011faz, di\u015f, eklem ve kas a\u011fr\u0131lar\u0131n\u0131 hafifletmek, a\u011f\u0131z i\u00e7i bak\u0131m\u0131 yapmak, so\u011fuk alg\u0131nl\u0131\u011f\u0131 ve nezle gibi rahats\u0131zl\u0131klar\u0131n etkilerini hafifletmek, uyku kalitesini art\u0131rmak, halsizlik, stres ve huzursuzlu\u011fu azaltmak, cilt sorunlar\u0131n\u0131n iyile\u015fmesine katk\u0131 sa\u011flamak, \u00e2det ve menopoz d\u00f6nemlerinde g\u00f6r\u00fclen fiziksel ve ruhsal rahats\u0131zl\u0131klar\u0131 hafifletmek, bakteri ve mantar enfeksiyonlar\u0131 ile m\u00fccadele etmek, sindirimi kolayla\u015ft\u0131rmak ve ba\u011f\u0131\u015f\u0131kl\u0131\u011f\u0131 art\u0131rmak gibi hususlarda yararlan\u0131lmaktad\u0131r.   Bu kitap, aralar\u0131nda Avrupa Farmokopesi (European Directorate for the Ouality of Medicine-EDQM) 13\/B (Herbal Drugs and Herbal Drug Preparations) uzmanlar grubu \u00fcyesi bir profes\u00f6r ve Avrupa Farmakopesi T\u00fcrkiye Delegesi olarak g\u00f6rev yapm\u0131\u015f bir profes\u00f6r ile Avrupa Bilimsel Fitoterapi Birli\u011fi (European Scientific Cooperative on Phytotherapy-ESCOP) bilimsel komitesi dan\u0131\u015fman edit\u00f6rler kurulu \u00fcyesi bir profes\u00f6r\u00fcn de bulundu\u011fu, yurti\u00e7inde ve yurt d\u0131\u015f\u0131nda bir\u00e7ok bilimsel dergide makaleleri yay\u0131nlanan, 4 profes\u00f6rden olu\u015fan bir grup taraf\u0131ndan haz\u0131rlanm\u0131\u015ft\u0131r. \u00c7e\u015fitli bilimsel kaynaklar ve konuya ili\u015fkin web siteleri \u00fczerinde yap\u0131lan inceleme ve de\u011ferlendirmeler sonucunda derlenen bilgiler, yazarlar\u0131n uzun y\u0131llara dayanan bilgi birikimleri ve deneyimlerinin s\u00fczgecinden ge\u00e7irilmesi ile kaleme al\u0131narak okuyucuya sunulmu\u015ftur.   Ayn\u0131 zamanda T\u00fcrkiye\u2019de \u00e7ok satan, Tamamlay\u0131c\u0131 T\u0131p Onay\u0131 ve G\u00fcvenli Kullan\u0131m \u00d6nerileriyle bir ilk olan \u2018A\u2019dan Z\u2019ye T\u0131bbi Bitkiler\u2019 ve \u2018A\u2019dan Z\u2019ye T\u0131bbi Ya\u011flar ve Aromatik Sular\u2019 kitaplar\u0131n\u0131n yazarlar\u0131ndan da olan d\u00f6rt profes\u00f6r, 6 ciltten olu\u015fan \u2018A\u2019dan Z\u2019ye Aromaterapi Kar\u0131\u015f\u0131mlar\u0131\u2019 serisinin bu be\u015finci kitab\u0131nda; t\u0131bbi etkinlikleri bilimsel olarak kan\u0131tlanm\u0131\u015f u\u00e7ucu ya\u011flardan ve di\u011fer do\u011fal \u00fcr\u00fcnlerden hareketle haz\u0131rlanan; ba\u011f\u0131\u015f\u0131kl\u0131k, alerji, \u00fc\u015f\u00fcme, so\u011fuk alg\u0131nl\u0131\u011f\u0131, bo\u011faz a\u011fr\u0131s\u0131, burun t\u0131kan\u0131kl\u0131\u011f\u0131, balgam s\u00f6kt\u00fcr\u00fcc\u00fc, \u00f6ks\u00fcr\u00fck, farenjit, bron\u015fit, ast\u0131m, bulant\u0131, haz\u0131ms\u0131zl\u0131k, gaz, \u015fi\u015fkinlik, h\u0131\u00e7k\u0131r\u0131k, ishal, kab\u0131zl\u0131k, huzursuz ba\u011f\u0131rsak iltihab\u0131, i\u015ftahs\u0131zl\u0131k ve kilo sorunlar\u0131n\u0131n yan\u0131 s\u0131ra dezenfektan olarak kullan\u0131labilecek 407 \u00f6zg\u00fcn kar\u0131\u015f\u0131m\u0131 okurlara sunmaktad\u0131r.   Bu kar\u0131\u015f\u0131mlar\u0131n hem sa\u011fl\u0131\u011f\u0131n\u0131z\u0131 koruyarak hem de vir\u00fcs ve bakterileri uzak tutarak ya\u015fam kalitenizi y\u00fckseltmesini dileriz. <\/p>\n","protected":false},"excerpt":{"rendered":"<p>Tamamlay\u0131c\u0131 T\u0131pta \u00d6zg\u00fcn ve G\u00fcvenli Kullan\u0131mlar\u0131yla A\u2019dan Z\u2019ye Aromaterapi Kar\u0131\u015f\u0131mlar\u0131 &#8211; 5 Ba\u011f\u0131\u015f\u0131kl\u0131k, Alerji, Solunum, Sindirim, Antimikrobiyal Dezenfektanlar D\u00f6rt profes\u00f6rden vir\u00fcs ve bakterilerden uzak tutacak, sa\u011fl\u0131\u011f\u0131n\u0131z\u0131<span class=\"excerpt-hellip\"> [\u2026]<\/span><\/p>\n","protected":false},"featured_media":0,"template":"","meta":{"_monsterinsights_skip_tracking":false,"_monsterinsights_sitenote_active":false,"_monsterinsights_sitenote_note":"","_monsterinsights_sitenote_category":0},"product_brand":[],"product_cat":[13397,13365],"product_tag":[],"class_list":{"0":"post-745994","1":"product","2":"type-product","3":"status-publish","5":"product_cat-alternatif-tip-sifali-bitkiler","6":"product_cat-saglik","7":"pa_cilt-ciltsiz","8":"pa_tur-kitap","9":"pa_yayinevi-hayykitap","10":"pa_yazar-kolektif","12":"first","13":"instock","14":"sale","15":"shipping-taxable","16":"purchasable","17":"product-type-simple"},"_links":{"self":[{"href":"https:\/\/roveyayinevi.com.tr\/index.php\/wp-json\/wp\/v2\/product\/745994","targetHints":{"allow":["GET"]}}],"collection":[{"href":"https:\/\/roveyayinevi.com.tr\/index.php\/wp-json\/wp\/v2\/product"}],"about":[{"href":"https:\/\/roveyayinevi.com.tr\/index.php\/wp-json\/wp\/v2\/types\/product"}],"wp:attachment":[{"href":"https:\/\/roveyayinevi.com.tr\/index.php\/wp-json\/wp\/v2\/media?parent=745994"}],"wp:term":[{"taxonomy":"product_brand","embeddable":true,"href":"https:\/\/roveyayinevi.com.tr\/index.php\/wp-json\/wp\/v2\/product_brand?post=745994"},{"taxonomy":"product_cat","embeddable":true,"href":"https:\/\/roveyayinevi.com.tr\/index.php\/wp-json\/wp\/v2\/product_cat?post=745994"},{"taxonomy":"product_tag","embeddable":true,"href":"https:\/\/roveyayinevi.com.tr\/index.php\/wp-json\/wp\/v2\/product_tag?post=745994"}],"curies":[{"name":"wp","href":"https:\/\/api.w.org\/{rel}","templated":true}]}}