{"id":745993,"date":"2025-08-28T02:32:22","date_gmt":"2025-08-27T23:32:22","guid":{"rendered":"https:\/\/roveyayinevi.com.tr\/index.php\/urun\/bediuzzamana-gore-cennet-nasil-kazanilir\/"},"modified":"2026-04-16T02:58:26","modified_gmt":"2026-04-15T23:58:26","slug":"bediuzzamana-gore-cennet-nasil-kazanilir","status":"publish","type":"product","link":"https:\/\/roveyayinevi.com.tr\/index.php\/urun\/bediuzzamana-gore-cennet-nasil-kazanilir\/","title":{"rendered":"Bedi\u00fczzaman&#8217;a G\u00f6re Cennet Nas\u0131l Kazan\u0131l\u0131r ?"},"content":{"rendered":"<p>\u00dcsame b. Zeyd Hazretleri anlat\u0131yor: \u201cPeygamber Efendimiz (s.a.v.) bir g\u00fcn bizlere d\u00f6nerek \u015f\u00f6yle buyurdu: \u2018Pa\u00e7alar\u0131n\u0131 s\u0131vay\u0131p cennete ko\u015fan yok mu? Bunun i\u00e7in kimsenin \u00f6n\u00fcnde bir engel yoktur. K\u00e2be\u2019nin Rabbine yemin olsun ki, cennet parlayan bir nur, her tarafa yay\u0131lan harika bir koku, devaml\u0131 akan sular, olgunla\u015fm\u0131\u015f meyveler, g\u00fczel ve temiz e\u015fler, say\u0131lamayacak kadar muhte\u015fem s\u00fcsler, hi\u00e7 bozulmadan devam eden g\u00fczellikler ve muhte\u015fem saraylardaki harikalard\u0131r.\u201d \u2026 B\u00fcy\u00fck \u0130sl\u00e2m \u00c2limi Bedi\u00fczzaman, elinizdeki kitapta \u00e2yet ya da hadislerin m\u00fcjdelerine dayan\u0131p \u2018en k\u0131sa ve selametli\u2019 cennet yollar\u0131n\u0131 anlat\u0131yor bizlere\u2026 O yollarda bulu\u015fmak duas\u0131yla\u2026 <\/p>\n","protected":false},"excerpt":{"rendered":"<p>\u00dcsame b. Zeyd Hazretleri anlat\u0131yor: \u201cPeygamber Efendimiz (s.a.v.) bir g\u00fcn bizlere d\u00f6nerek \u015f\u00f6yle buyurdu: \u2018Pa\u00e7alar\u0131n\u0131 s\u0131vay\u0131p cennete ko\u015fan yok mu? Bunun i\u00e7in kimsenin \u00f6n\u00fcnde bir engel<span class=\"excerpt-hellip\"> [\u2026]<\/span><\/p>\n","protected":false},"featured_media":0,"template":"","meta":{"_monsterinsights_skip_tracking":false,"_monsterinsights_sitenote_active":false,"_monsterinsights_sitenote_note":"","_monsterinsights_sitenote_category":0},"product_brand":[],"product_cat":[12718,12719],"product_tag":[],"class_list":{"0":"post-745993","1":"product","2":"type-product","3":"status-publish","5":"product_cat-din","6":"product_cat-islam","7":"pa_cilt-ciltsiz","8":"pa_tur-kitap","9":"pa_yayinevi-foliant-yayinlari","10":"pa_yazar-cuneyd-suavi","12":"first","13":"instock","14":"sale","15":"shipping-taxable","16":"purchasable","17":"product-type-simple"},"_links":{"self":[{"href":"https:\/\/roveyayinevi.com.tr\/index.php\/wp-json\/wp\/v2\/product\/745993","targetHints":{"allow":["GET"]}}],"collection":[{"href":"https:\/\/roveyayinevi.com.tr\/index.php\/wp-json\/wp\/v2\/product"}],"about":[{"href":"https:\/\/roveyayinevi.com.tr\/index.php\/wp-json\/wp\/v2\/types\/product"}],"wp:attachment":[{"href":"https:\/\/roveyayinevi.com.tr\/index.php\/wp-json\/wp\/v2\/media?parent=745993"}],"wp:term":[{"taxonomy":"product_brand","embeddable":true,"href":"https:\/\/roveyayinevi.com.tr\/index.php\/wp-json\/wp\/v2\/product_brand?post=745993"},{"taxonomy":"product_cat","embeddable":true,"href":"https:\/\/roveyayinevi.com.tr\/index.php\/wp-json\/wp\/v2\/product_cat?post=745993"},{"taxonomy":"product_tag","embeddable":true,"href":"https:\/\/roveyayinevi.com.tr\/index.php\/wp-json\/wp\/v2\/product_tag?post=745993"}],"curies":[{"name":"wp","href":"https:\/\/api.w.org\/{rel}","templated":true}]}}