{"id":745992,"date":"2025-08-28T02:32:21","date_gmt":"2025-08-27T23:32:21","guid":{"rendered":"https:\/\/roveyayinevi.com.tr\/index.php\/urun\/zamanin-muceddidleri\/"},"modified":"2026-01-20T03:29:58","modified_gmt":"2026-01-20T00:29:58","slug":"zamanin-muceddidleri","status":"publish","type":"product","link":"https:\/\/roveyayinevi.com.tr\/index.php\/urun\/zamanin-muceddidleri\/","title":{"rendered":"Zaman\u0131n M\u00fcceddidleri"},"content":{"rendered":"<p>Hadisi \u015eerif\u2019te her as\u0131rda gelece\u011fi bildirilen m\u00fcceddidlerin; bulunduklar\u0131 \u00e7a\u011f\u0131n maddi ve manevi hastal\u0131klar\u0131na tecdit, \u0131slah, ir\u015fad yoluyla \u00e7are bulmalar\u0131, \u00fcmmeti i\u00e7ine d\u00fc\u015ft\u00fckleri bunal\u0131mlardan kurtarmalar\u0131 en belirgin \u00f6zellikleridir. M\u00fcceddidler, dinde olmayan \u015feyleri ortaya atarak yenilik yapt\u0131klar\u0131n\u0131 iddia eden g\u00fcn\u00fcm\u00fcz reformcular\u0131yla kar\u0131\u015ft\u0131r\u0131lmamal\u0131d\u0131r. \u00c7\u00fcnk\u00fc onlar bid\u2019a denilen Kur\u2019an\u2019a ve s\u00fcnnete ayk\u0131r\u0131 unsurlar\u0131 dine sokmaya u\u011fra\u015f\u0131rken, m\u00fcceddidler, bid\u2019alar\u0131 temizleyip, \u0130sl\u00e2m\u2019\u0131 Asr-\u0131 Saadet\u2019teki saf haline d\u00f6nd\u00fcrmeye \u00e7al\u0131\u015fm\u0131\u015flard\u0131r. Kitapta yer alan \u015fahsiyetler, manevi sahada \u00e7a\u011f\u0131n\u0131n \u00f6nde gelen zirve isimleridir. Hemen hepsinin ya\u015fad\u0131\u011f\u0131 devirde, askeri yenilgilerden, siyasi bunal\u0131mlardan veya itikadi tart\u0131\u015fmalardan kaynaklanan \u00e7ok b\u00fcy\u00fck s\u0131k\u0131nt\u0131lar meydana gelmi\u015ftir. Onlar; i\u00e7inde bulunduklar\u0131 toplumun ve M\u00fcsl\u00fcmanlar\u0131n problemlerini, en uygun metotlarla \u00e7\u00f6z\u00fcme kavu\u015fturmaya \u00e7al\u0131\u015fm\u0131\u015flard\u0131r. Ya\u015fad\u0131klar\u0131 devri ayd\u0131nlatan bu zirve \u015fahsiyetler, eserleriyle sonraki y\u00fczy\u0131llarda da \u00fcmmeti ir\u015fad etmeye devam etmi\u015flerdir.<\/p>\n","protected":false},"excerpt":{"rendered":"<p>Hadisi \u015eerif\u2019te her as\u0131rda gelece\u011fi bildirilen m\u00fcceddidlerin; bulunduklar\u0131 \u00e7a\u011f\u0131n maddi ve manevi hastal\u0131klar\u0131na tecdit, \u0131slah, ir\u015fad yoluyla \u00e7are bulmalar\u0131, \u00fcmmeti i\u00e7ine d\u00fc\u015ft\u00fckleri bunal\u0131mlardan kurtarmalar\u0131 en belirgin<span class=\"excerpt-hellip\"> [\u2026]<\/span><\/p>\n","protected":false},"featured_media":0,"template":"","meta":{"_monsterinsights_skip_tracking":false,"_monsterinsights_sitenote_active":false,"_monsterinsights_sitenote_note":"","_monsterinsights_sitenote_category":0},"product_brand":[],"product_cat":[12718,12719],"product_tag":[],"class_list":{"0":"post-745992","1":"product","2":"type-product","3":"status-publish","5":"product_cat-din","6":"product_cat-islam","7":"pa_cilt-ciltsiz","8":"pa_tur-kitap","9":"pa_yayinevi-foliant-yayinlari","10":"pa_yazar-nurettin-taskesen","12":"first","13":"instock","14":"sale","15":"shipping-taxable","16":"purchasable","17":"product-type-simple"},"_links":{"self":[{"href":"https:\/\/roveyayinevi.com.tr\/index.php\/wp-json\/wp\/v2\/product\/745992","targetHints":{"allow":["GET"]}}],"collection":[{"href":"https:\/\/roveyayinevi.com.tr\/index.php\/wp-json\/wp\/v2\/product"}],"about":[{"href":"https:\/\/roveyayinevi.com.tr\/index.php\/wp-json\/wp\/v2\/types\/product"}],"wp:attachment":[{"href":"https:\/\/roveyayinevi.com.tr\/index.php\/wp-json\/wp\/v2\/media?parent=745992"}],"wp:term":[{"taxonomy":"product_brand","embeddable":true,"href":"https:\/\/roveyayinevi.com.tr\/index.php\/wp-json\/wp\/v2\/product_brand?post=745992"},{"taxonomy":"product_cat","embeddable":true,"href":"https:\/\/roveyayinevi.com.tr\/index.php\/wp-json\/wp\/v2\/product_cat?post=745992"},{"taxonomy":"product_tag","embeddable":true,"href":"https:\/\/roveyayinevi.com.tr\/index.php\/wp-json\/wp\/v2\/product_tag?post=745992"}],"curies":[{"name":"wp","href":"https:\/\/api.w.org\/{rel}","templated":true}]}}